{"id":107,"date":"2018-09-03T08:16:52","date_gmt":"2018-09-03T08:16:52","guid":{"rendered":"https:\/\/www.jymfg.com\/es\/?page_id=107"},"modified":"2018-09-05T05:57:24","modified_gmt":"2018-09-05T05:57:24","slug":"metalurgia","status":"publish","type":"page","link":"https:\/\/www.jymfg.com\/es\/aplicaciones\/metalurgia\/","title":{"rendered":"Metalurgia"},"content":{"rendered":"<div class=\"fusion-fullwidth fullwidth-box fusion-builder-row-1 nonhundred-percent-fullwidth non-hundred-percent-height-scrolling\"  style='background-color: rgba(255,255,255,0);background-position: center center;background-repeat: no-repeat;padding-top:0px;padding-right:0px;padding-bottom:0px;padding-left:0px;'><div class=\"fusion-builder-row fusion-row \"><div  class=\"fusion-layout-column fusion_builder_column fusion_builder_column_1_2 fusion-builder-column-1 fusion-one-half fusion-column-first 1_2\"  style='margin-top:0px;margin-bottom:20px;width:50%;width:calc(50% - ( ( 4% ) * 0.5 ) );margin-right: 4%;'>\n\t\t\t\t\t<div class=\"fusion-column-wrapper\" style=\"padding: 0px 0px 0px 0px;background-position:left top;background-repeat:no-repeat;-webkit-background-size:cover;-moz-background-size:cover;-o-background-size:cover;background-size:cover;\"   data-bg-url=\"\">\n\t\t\t\t\t\t<div class=\"imageframe-align-center\"><span style=\"border:6px solid #f6f6f6;\" class=\"fusion-imageframe imageframe-none imageframe-1 hover-type-zoomin\"><img loading=\"lazy\" decoding=\"async\" src=\"https:\/\/www.jymfg.com\/es\/wp-content\/uploads\/2018\/09\/metalurgia.jpg\" width=\"800\" height=\"600\" alt=\"metalurgia\" title=\"\" class=\"img-responsive wp-image-89\" srcset=\"https:\/\/www.jymfg.com\/es\/wp-content\/uploads\/2018\/09\/metalurgia-200x150.jpg 200w, https:\/\/www.jymfg.com\/es\/wp-content\/uploads\/2018\/09\/metalurgia-400x300.jpg 400w, https:\/\/www.jymfg.com\/es\/wp-content\/uploads\/2018\/09\/metalurgia-600x450.jpg 600w, https:\/\/www.jymfg.com\/es\/wp-content\/uploads\/2018\/09\/metalurgia.jpg 800w\" sizes=\"(max-width: 800px) 100vw, 600px\" \/><\/span><\/div><div class=\"fusion-clearfix\"><\/div>\n\n\t\t\t\t\t<\/div>\n\t\t\t\t<\/div><div  class=\"fusion-layout-column fusion_builder_column fusion_builder_column_1_2 fusion-builder-column-2 fusion-one-half fusion-column-last 1_2\"  style='margin-top:0px;margin-bottom:20px;width:50%;width:calc(50% - ( ( 4% ) * 0.5 ) );'>\n\t\t\t\t\t<div class=\"fusion-column-wrapper\" style=\"padding: 0px 0px 0px 0px;background-position:left top;background-repeat:no-repeat;-webkit-background-size:cover;-moz-background-size:cover;-o-background-size:cover;background-size:cover;\"   data-bg-url=\"\">\n\t\t\t\t\t\t<style type=\"text\/css\"><\/style><div class=\"fusion-title title fusion-title-1 sep-underline sep-solid fusion-title-text fusion-title-size-one\" style=\"border-bottom-color:#e0dede;margin-top:0px;margin-bottom:31px;\"><h1 class=\"title-heading-left\" style=\"margin:0;\">Metalurgia<\/h1><\/div><div class=\"fusion-text\"><p>Las mangueras est\u00e1n dise\u00f1adas para diferentes aplicaciones en metalurgia: suministro de aire comprimido (con compuesto de goma aislante), succi\u00f3n y descarga de agua caliente, suministro de agua de refrigeraci\u00f3n (con fibra de vidrio o cubierta JYM\u00ae), enfriamiento y cobertura de cables;<\/p>\n<p>Refinaci\u00f3n \u2013 Laminaci\u00f3n<\/p>\n<p>Alto horno de mineral de hierro<\/p>\n<p>Convertidor de ox\u00edgeno LD<\/p>\n<p>Proceso de horno de arco el\u00e9ctrico de los servicios de chatarra de hierro<\/p>\n<\/div><div class=\"fusion-clearfix\"><\/div>\n\n\t\t\t\t\t<\/div>\n\t\t\t\t<\/div><\/div><\/div>\n","protected":false},"excerpt":{"rendered":"","protected":false},"author":1,"featured_media":0,"parent":35,"menu_order":0,"comment_status":"closed","ping_status":"closed","template":"","meta":{"footnotes":""},"class_list":["post-107","page","type-page","status-publish","hentry"],"yoast_head":"<!-- This site is optimized with the Yoast SEO plugin v24.2 - https:\/\/yoast.com\/wordpress\/plugins\/seo\/ -->\n<title>Metalurgia - JYM<\/title>\n<meta name=\"robots\" content=\"index, follow, max-snippet:-1, max-image-preview:large, max-video-preview:-1\" \/>\n<link rel=\"canonical\" href=\"https:\/\/www.jymfg.com\/es\/aplicaciones\/metalurgia\/\" \/>\n<meta property=\"og:locale\" content=\"en_US\" \/>\n<meta property=\"og:type\" content=\"article\" \/>\n<meta property=\"og:title\" content=\"Metalurgia - JYM\" \/>\n<meta property=\"og:url\" content=\"https:\/\/www.jymfg.com\/es\/aplicaciones\/metalurgia\/\" \/>\n<meta property=\"og:site_name\" content=\"JYM\" \/>\n<meta property=\"article:modified_time\" content=\"2018-09-05T05:57:24+00:00\" \/>\n<meta name=\"twitter:card\" content=\"summary_large_image\" \/>\n<meta name=\"twitter:label1\" content=\"Est. reading time\" \/>\n\t<meta name=\"twitter:data1\" content=\"2 minutes\" \/>\n<script type=\"application\/ld+json\" class=\"yoast-schema-graph\">{\"@context\":\"https:\/\/schema.org\",\"@graph\":[{\"@type\":\"WebPage\",\"@id\":\"https:\/\/www.jymfg.com\/es\/aplicaciones\/metalurgia\/\",\"url\":\"https:\/\/www.jymfg.com\/es\/aplicaciones\/metalurgia\/\",\"name\":\"Metalurgia - JYM\",\"isPartOf\":{\"@id\":\"https:\/\/www.jymfg.com\/es\/#website\"},\"datePublished\":\"2018-09-03T08:16:52+00:00\",\"dateModified\":\"2018-09-05T05:57:24+00:00\",\"breadcrumb\":{\"@id\":\"https:\/\/www.jymfg.com\/es\/aplicaciones\/metalurgia\/#breadcrumb\"},\"inLanguage\":\"en-US\",\"potentialAction\":[{\"@type\":\"ReadAction\",\"target\":[\"https:\/\/www.jymfg.com\/es\/aplicaciones\/metalurgia\/\"]}]},{\"@type\":\"BreadcrumbList\",\"@id\":\"https:\/\/www.jymfg.com\/es\/aplicaciones\/metalurgia\/#breadcrumb\",\"itemListElement\":[{\"@type\":\"ListItem\",\"position\":1,\"name\":\"Home\",\"item\":\"https:\/\/www.jymfg.com\/es\/\"},{\"@type\":\"ListItem\",\"position\":2,\"name\":\"Aplicaciones\",\"item\":\"https:\/\/www.jymfg.com\/es\/aplicaciones\/\"},{\"@type\":\"ListItem\",\"position\":3,\"name\":\"Metalurgia\"}]},{\"@type\":\"WebSite\",\"@id\":\"https:\/\/www.jymfg.com\/es\/#website\",\"url\":\"https:\/\/www.jymfg.com\/es\/\",\"name\":\"JYM\",\"description\":\"FABRICANTE DE MANGUERAS INDUSTRIALES Y ACOPLAMIENTOS\",\"potentialAction\":[{\"@type\":\"SearchAction\",\"target\":{\"@type\":\"EntryPoint\",\"urlTemplate\":\"https:\/\/www.jymfg.com\/es\/?s={search_term_string}\"},\"query-input\":{\"@type\":\"PropertyValueSpecification\",\"valueRequired\":true,\"valueName\":\"search_term_string\"}}],\"inLanguage\":\"en-US\"}]}<\/script>\n<!-- \/ Yoast SEO plugin. -->","yoast_head_json":{"title":"Metalurgia - JYM","robots":{"index":"index","follow":"follow","max-snippet":"max-snippet:-1","max-image-preview":"max-image-preview:large","max-video-preview":"max-video-preview:-1"},"canonical":"https:\/\/www.jymfg.com\/es\/aplicaciones\/metalurgia\/","og_locale":"en_US","og_type":"article","og_title":"Metalurgia - JYM","og_url":"https:\/\/www.jymfg.com\/es\/aplicaciones\/metalurgia\/","og_site_name":"JYM","article_modified_time":"2018-09-05T05:57:24+00:00","twitter_card":"summary_large_image","twitter_misc":{"Est. reading time":"2 minutes"},"schema":{"@context":"https:\/\/schema.org","@graph":[{"@type":"WebPage","@id":"https:\/\/www.jymfg.com\/es\/aplicaciones\/metalurgia\/","url":"https:\/\/www.jymfg.com\/es\/aplicaciones\/metalurgia\/","name":"Metalurgia - JYM","isPartOf":{"@id":"https:\/\/www.jymfg.com\/es\/#website"},"datePublished":"2018-09-03T08:16:52+00:00","dateModified":"2018-09-05T05:57:24+00:00","breadcrumb":{"@id":"https:\/\/www.jymfg.com\/es\/aplicaciones\/metalurgia\/#breadcrumb"},"inLanguage":"en-US","potentialAction":[{"@type":"ReadAction","target":["https:\/\/www.jymfg.com\/es\/aplicaciones\/metalurgia\/"]}]},{"@type":"BreadcrumbList","@id":"https:\/\/www.jymfg.com\/es\/aplicaciones\/metalurgia\/#breadcrumb","itemListElement":[{"@type":"ListItem","position":1,"name":"Home","item":"https:\/\/www.jymfg.com\/es\/"},{"@type":"ListItem","position":2,"name":"Aplicaciones","item":"https:\/\/www.jymfg.com\/es\/aplicaciones\/"},{"@type":"ListItem","position":3,"name":"Metalurgia"}]},{"@type":"WebSite","@id":"https:\/\/www.jymfg.com\/es\/#website","url":"https:\/\/www.jymfg.com\/es\/","name":"JYM","description":"FABRICANTE DE MANGUERAS INDUSTRIALES Y ACOPLAMIENTOS","potentialAction":[{"@type":"SearchAction","target":{"@type":"EntryPoint","urlTemplate":"https:\/\/www.jymfg.com\/es\/?s={search_term_string}"},"query-input":{"@type":"PropertyValueSpecification","valueRequired":true,"valueName":"search_term_string"}}],"inLanguage":"en-US"}]}},"_links":{"self":[{"href":"https:\/\/www.jymfg.com\/es\/wp-json\/wp\/v2\/pages\/107"}],"collection":[{"href":"https:\/\/www.jymfg.com\/es\/wp-json\/wp\/v2\/pages"}],"about":[{"href":"https:\/\/www.jymfg.com\/es\/wp-json\/wp\/v2\/types\/page"}],"author":[{"embeddable":true,"href":"https:\/\/www.jymfg.com\/es\/wp-json\/wp\/v2\/users\/1"}],"replies":[{"embeddable":true,"href":"https:\/\/www.jymfg.com\/es\/wp-json\/wp\/v2\/comments?post=107"}],"version-history":[{"count":0,"href":"https:\/\/www.jymfg.com\/es\/wp-json\/wp\/v2\/pages\/107\/revisions"}],"up":[{"embeddable":true,"href":"https:\/\/www.jymfg.com\/es\/wp-json\/wp\/v2\/pages\/35"}],"wp:attachment":[{"href":"https:\/\/www.jymfg.com\/es\/wp-json\/wp\/v2\/media?parent=107"}],"curies":[{"name":"wp","href":"https:\/\/api.w.org\/{rel}","templated":true}]}}