{"id":111,"date":"2018-09-03T08:19:26","date_gmt":"2018-09-03T08:19:26","guid":{"rendered":"https:\/\/www.jymfg.com\/es\/?page_id=111"},"modified":"2018-09-05T06:11:18","modified_gmt":"2018-09-05T06:11:18","slug":"petroleo-gas","status":"publish","type":"page","link":"https:\/\/www.jymfg.com\/es\/aplicaciones\/petroleo-gas\/","title":{"rendered":"Petr\u00f3leo &#038; Gas"},"content":{"rendered":"<div class=\"fusion-fullwidth fullwidth-box fusion-builder-row-1 nonhundred-percent-fullwidth non-hundred-percent-height-scrolling\"  style='background-color: rgba(255,255,255,0);background-position: center center;background-repeat: no-repeat;padding-top:0px;padding-right:0px;padding-bottom:0px;padding-left:0px;'><div class=\"fusion-builder-row fusion-row \"><div  class=\"fusion-layout-column fusion_builder_column fusion_builder_column_1_2 fusion-builder-column-1 fusion-one-half fusion-column-first 1_2\"  style='margin-top:0px;margin-bottom:20px;width:50%;width:calc(50% - ( ( 4% ) * 0.5 ) );margin-right: 4%;'>\n\t\t\t\t\t<div class=\"fusion-column-wrapper\" style=\"padding: 0px 0px 0px 0px;background-position:left top;background-repeat:no-repeat;-webkit-background-size:cover;-moz-background-size:cover;-o-background-size:cover;background-size:cover;\"   data-bg-url=\"\">\n\t\t\t\t\t\t<div class=\"imageframe-align-center\"><span style=\"border:6px solid #f6f6f6;\" class=\"fusion-imageframe imageframe-none imageframe-1 hover-type-zoomin\"><img loading=\"lazy\" decoding=\"async\" src=\"https:\/\/www.jymfg.com\/es\/wp-content\/uploads\/2018\/09\/Petr\u00f3leo-y-gas.jpg\" width=\"800\" height=\"600\" alt=\"Petr\u00f3leo y gas\" title=\"\" class=\"img-responsive wp-image-193\" srcset=\"https:\/\/www.jymfg.com\/es\/wp-content\/uploads\/2018\/09\/Petr\u00f3leo-y-gas-200x150.jpg 200w, https:\/\/www.jymfg.com\/es\/wp-content\/uploads\/2018\/09\/Petr\u00f3leo-y-gas-400x300.jpg 400w, https:\/\/www.jymfg.com\/es\/wp-content\/uploads\/2018\/09\/Petr\u00f3leo-y-gas-600x450.jpg 600w, https:\/\/www.jymfg.com\/es\/wp-content\/uploads\/2018\/09\/Petr\u00f3leo-y-gas.jpg 800w\" sizes=\"(max-width: 800px) 100vw, 600px\" \/><\/span><\/div><div class=\"fusion-clearfix\"><\/div>\n\n\t\t\t\t\t<\/div>\n\t\t\t\t<\/div><div  class=\"fusion-layout-column fusion_builder_column fusion_builder_column_1_2 fusion-builder-column-2 fusion-one-half fusion-column-last 1_2\"  style='margin-top:0px;margin-bottom:20px;width:50%;width:calc(50% - ( ( 4% ) * 0.5 ) );'>\n\t\t\t\t\t<div class=\"fusion-column-wrapper\" style=\"padding: 0px 0px 0px 0px;background-position:left top;background-repeat:no-repeat;-webkit-background-size:cover;-moz-background-size:cover;-o-background-size:cover;background-size:cover;\"   data-bg-url=\"\">\n\t\t\t\t\t\t<style type=\"text\/css\"><\/style><div class=\"fusion-title title fusion-title-1 sep-underline sep-solid fusion-title-text fusion-title-size-one\" style=\"border-bottom-color:#e0dede;margin-top:0px;margin-bottom:31px;\"><h1 class=\"title-heading-left\" style=\"margin:0;\">Petr\u00f3leo y gas<\/h1><\/div><div class=\"fusion-text\"><p>Soluciones flexibles dise\u00f1adas para las diferentes necesidades del sector de petr\u00f3leo y gas:<br \/>\n-hosp\u00e9s para agua caliente y potable;<br \/>\n&#8211; mangueras de vapor (hasta 210 \u00b0 C y presi\u00f3n de trabajo de 18 bar);<br \/>\n-hosp\u00e9s para succi\u00f3n y descarga de combustibles, aceites y lodo de perforaci\u00f3n;<br \/>\n&#8211; mangueras de reabastecimiento de combustible;<br \/>\n&#8211; mangueras de aceite para el muelle;<br \/>\n&#8211; mangueras de materiales abrasivos;<br \/>\n-hosos para protecci\u00f3n contra incendios;<br \/>\n-fuentes para productos qu\u00edmicos y solventes<br \/>\nDisponible tambi\u00e9n la versi\u00f3n auto flotante.<\/p>\n<\/div><div class=\"fusion-clearfix\"><\/div>\n\n\t\t\t\t\t<\/div>\n\t\t\t\t<\/div><\/div><\/div>\n","protected":false},"excerpt":{"rendered":"","protected":false},"author":1,"featured_media":0,"parent":35,"menu_order":0,"comment_status":"closed","ping_status":"closed","template":"","meta":{"footnotes":""},"class_list":["post-111","page","type-page","status-publish","hentry"],"yoast_head":"<!-- This site is optimized with the Yoast SEO plugin v24.2 - https:\/\/yoast.com\/wordpress\/plugins\/seo\/ -->\n<title>Petr\u00f3leo &amp; Gas - JYM<\/title>\n<meta name=\"robots\" content=\"index, follow, max-snippet:-1, max-image-preview:large, max-video-preview:-1\" \/>\n<link rel=\"canonical\" href=\"https:\/\/www.jymfg.com\/es\/aplicaciones\/petroleo-gas\/\" \/>\n<meta property=\"og:locale\" content=\"en_US\" \/>\n<meta property=\"og:type\" content=\"article\" \/>\n<meta property=\"og:title\" content=\"Petr\u00f3leo &amp; Gas - JYM\" \/>\n<meta property=\"og:url\" content=\"https:\/\/www.jymfg.com\/es\/aplicaciones\/petroleo-gas\/\" \/>\n<meta property=\"og:site_name\" content=\"JYM\" \/>\n<meta property=\"article:modified_time\" content=\"2018-09-05T06:11:18+00:00\" \/>\n<meta name=\"twitter:card\" content=\"summary_large_image\" \/>\n<meta name=\"twitter:label1\" content=\"Est. reading time\" \/>\n\t<meta name=\"twitter:data1\" content=\"2 minutes\" \/>\n<script type=\"application\/ld+json\" class=\"yoast-schema-graph\">{\"@context\":\"https:\/\/schema.org\",\"@graph\":[{\"@type\":\"WebPage\",\"@id\":\"https:\/\/www.jymfg.com\/es\/aplicaciones\/petroleo-gas\/\",\"url\":\"https:\/\/www.jymfg.com\/es\/aplicaciones\/petroleo-gas\/\",\"name\":\"Petr\u00f3leo & Gas - JYM\",\"isPartOf\":{\"@id\":\"https:\/\/www.jymfg.com\/es\/#website\"},\"datePublished\":\"2018-09-03T08:19:26+00:00\",\"dateModified\":\"2018-09-05T06:11:18+00:00\",\"breadcrumb\":{\"@id\":\"https:\/\/www.jymfg.com\/es\/aplicaciones\/petroleo-gas\/#breadcrumb\"},\"inLanguage\":\"en-US\",\"potentialAction\":[{\"@type\":\"ReadAction\",\"target\":[\"https:\/\/www.jymfg.com\/es\/aplicaciones\/petroleo-gas\/\"]}]},{\"@type\":\"BreadcrumbList\",\"@id\":\"https:\/\/www.jymfg.com\/es\/aplicaciones\/petroleo-gas\/#breadcrumb\",\"itemListElement\":[{\"@type\":\"ListItem\",\"position\":1,\"name\":\"Home\",\"item\":\"https:\/\/www.jymfg.com\/es\/\"},{\"@type\":\"ListItem\",\"position\":2,\"name\":\"Aplicaciones\",\"item\":\"https:\/\/www.jymfg.com\/es\/aplicaciones\/\"},{\"@type\":\"ListItem\",\"position\":3,\"name\":\"Petr\u00f3leo &#038; Gas\"}]},{\"@type\":\"WebSite\",\"@id\":\"https:\/\/www.jymfg.com\/es\/#website\",\"url\":\"https:\/\/www.jymfg.com\/es\/\",\"name\":\"JYM\",\"description\":\"FABRICANTE DE MANGUERAS INDUSTRIALES Y ACOPLAMIENTOS\",\"potentialAction\":[{\"@type\":\"SearchAction\",\"target\":{\"@type\":\"EntryPoint\",\"urlTemplate\":\"https:\/\/www.jymfg.com\/es\/?s={search_term_string}\"},\"query-input\":{\"@type\":\"PropertyValueSpecification\",\"valueRequired\":true,\"valueName\":\"search_term_string\"}}],\"inLanguage\":\"en-US\"}]}<\/script>\n<!-- \/ Yoast SEO plugin. -->","yoast_head_json":{"title":"Petr\u00f3leo & Gas - JYM","robots":{"index":"index","follow":"follow","max-snippet":"max-snippet:-1","max-image-preview":"max-image-preview:large","max-video-preview":"max-video-preview:-1"},"canonical":"https:\/\/www.jymfg.com\/es\/aplicaciones\/petroleo-gas\/","og_locale":"en_US","og_type":"article","og_title":"Petr\u00f3leo & Gas - JYM","og_url":"https:\/\/www.jymfg.com\/es\/aplicaciones\/petroleo-gas\/","og_site_name":"JYM","article_modified_time":"2018-09-05T06:11:18+00:00","twitter_card":"summary_large_image","twitter_misc":{"Est. reading time":"2 minutes"},"schema":{"@context":"https:\/\/schema.org","@graph":[{"@type":"WebPage","@id":"https:\/\/www.jymfg.com\/es\/aplicaciones\/petroleo-gas\/","url":"https:\/\/www.jymfg.com\/es\/aplicaciones\/petroleo-gas\/","name":"Petr\u00f3leo & Gas - JYM","isPartOf":{"@id":"https:\/\/www.jymfg.com\/es\/#website"},"datePublished":"2018-09-03T08:19:26+00:00","dateModified":"2018-09-05T06:11:18+00:00","breadcrumb":{"@id":"https:\/\/www.jymfg.com\/es\/aplicaciones\/petroleo-gas\/#breadcrumb"},"inLanguage":"en-US","potentialAction":[{"@type":"ReadAction","target":["https:\/\/www.jymfg.com\/es\/aplicaciones\/petroleo-gas\/"]}]},{"@type":"BreadcrumbList","@id":"https:\/\/www.jymfg.com\/es\/aplicaciones\/petroleo-gas\/#breadcrumb","itemListElement":[{"@type":"ListItem","position":1,"name":"Home","item":"https:\/\/www.jymfg.com\/es\/"},{"@type":"ListItem","position":2,"name":"Aplicaciones","item":"https:\/\/www.jymfg.com\/es\/aplicaciones\/"},{"@type":"ListItem","position":3,"name":"Petr\u00f3leo &#038; Gas"}]},{"@type":"WebSite","@id":"https:\/\/www.jymfg.com\/es\/#website","url":"https:\/\/www.jymfg.com\/es\/","name":"JYM","description":"FABRICANTE DE MANGUERAS INDUSTRIALES Y ACOPLAMIENTOS","potentialAction":[{"@type":"SearchAction","target":{"@type":"EntryPoint","urlTemplate":"https:\/\/www.jymfg.com\/es\/?s={search_term_string}"},"query-input":{"@type":"PropertyValueSpecification","valueRequired":true,"valueName":"search_term_string"}}],"inLanguage":"en-US"}]}},"_links":{"self":[{"href":"https:\/\/www.jymfg.com\/es\/wp-json\/wp\/v2\/pages\/111"}],"collection":[{"href":"https:\/\/www.jymfg.com\/es\/wp-json\/wp\/v2\/pages"}],"about":[{"href":"https:\/\/www.jymfg.com\/es\/wp-json\/wp\/v2\/types\/page"}],"author":[{"embeddable":true,"href":"https:\/\/www.jymfg.com\/es\/wp-json\/wp\/v2\/users\/1"}],"replies":[{"embeddable":true,"href":"https:\/\/www.jymfg.com\/es\/wp-json\/wp\/v2\/comments?post=111"}],"version-history":[{"count":0,"href":"https:\/\/www.jymfg.com\/es\/wp-json\/wp\/v2\/pages\/111\/revisions"}],"up":[{"embeddable":true,"href":"https:\/\/www.jymfg.com\/es\/wp-json\/wp\/v2\/pages\/35"}],"wp:attachment":[{"href":"https:\/\/www.jymfg.com\/es\/wp-json\/wp\/v2\/media?parent=111"}],"curies":[{"name":"wp","href":"https:\/\/api.w.org\/{rel}","templated":true}]}}