{"id":33,"date":"2018-09-03T02:17:45","date_gmt":"2018-09-03T02:17:45","guid":{"rendered":"https:\/\/www.jymfg.com\/es\/?page_id=33"},"modified":"2018-12-05T02:49:19","modified_gmt":"2018-12-05T02:49:19","slug":"acoplamiento-de-manguera","status":"publish","type":"page","link":"https:\/\/www.jymfg.com\/es\/acoplamiento-de-manguera\/","title":{"rendered":"Acoplamiento de manguera"},"content":{"rendered":"<p><div class=\"fusion-fullwidth fullwidth-box fusion-builder-row-1 nonhundred-percent-fullwidth non-hundred-percent-height-scrolling\"  style='background-color: rgba(255,255,255,0);background-position: center center;background-repeat: no-repeat;padding-top:0px;padding-right:0px;padding-bottom:0px;padding-left:0px;'><div class=\"fusion-builder-row fusion-row \"><div  class=\"fusion-layout-column fusion_builder_column fusion_builder_column_1_1 fusion-builder-column-1 fusion-one-full fusion-column-first fusion-column-last 1_1\"  style='margin-top:0px;margin-bottom:20px;'>\n\t\t\t\t\t<div class=\"fusion-column-wrapper\" style=\"padding: 0px 0px 0px 0px;background-position:left top;background-repeat:no-repeat;-webkit-background-size:cover;-moz-background-size:cover;-o-background-size:cover;background-size:cover;\"   data-bg-url=\"\">\n\t\t\t\t\t\t<style type=\"text\/css\"><\/style><div class=\"fusion-title title fusion-title-1 fusion-title-text fusion-title-size-one\" style=\"margin-top:0px;margin-bottom:31px;\"><h1 class=\"title-heading-left\" style=\"margin:0;\"><strong>ACOPLAMIENTOS DE MANGUERAS INDUSTRIALES<\/strong><\/h1><div class=\"title-sep-container\"><div class=\"title-sep sep-double sep-solid\" style=\"border-color:#e0dede;\"><\/div><\/div><\/div><div class=\"fusion-text\"><p>Los acoplamientos de manguera industriales ofrecidos por JYM est\u00e1n hechos de una variedad de materiales, con selecci\u00f3n seg\u00fan la aplicaci\u00f3n. Los metales incluyen aluminio, lat\u00f3n, d\u00factil chapado, acero chapado en zinc, hierro chapado en zinc, acero inoxidable y acero inoxidable<\/p>\n<p><strong>Nuestros principales productos son:<\/strong><\/p>\n<p>Acoplamiento Camlock, acoplamiento de manguera compuesto, extinci\u00f3n de incendios, est\u00e1ndar DIN, abrazadera de manguera, acoplamiento de aire, vapor y enclavamiento, acoplamiento Bauer | mangueras Layflat | Productos hechos a medida<\/p>\n<p>Estos acoplamientos se utilizan en una variedad de aplicaciones; accesorios de manguera de aire de baja presi\u00f3n, chorro de arena, accesorios de abrazadera de manguera para manguera industrial, accesorios de bomba. Tambi\u00e9n se usan para reparar la manguera, conectando la manguera a cualquier cosa que tenga rosca NPT hembra, como acopladores de tuber\u00eda, leva y ranura, camiones y tanques. Estos accesorios tambi\u00e9n se pueden utilizar para manguera de martillo jack.<\/p>\n<\/div><div class=\"fusion-clearfix\"><\/div>\n\n\t\t\t\t\t<\/div>\n\t\t\t\t<\/div><\/div><\/div><div class=\"fusion-fullwidth fullwidth-box fusion-builder-row-2 nonhundred-percent-fullwidth non-hundred-percent-height-scrolling fusion-equal-height-columns\"  style='background-color: rgba(255,255,255,0);background-position: center center;background-repeat: no-repeat;padding-top:0px;padding-right:0px;padding-bottom:0px;padding-left:0px;'><div class=\"fusion-builder-row fusion-row \"><div  class=\"fusion-layout-column fusion_builder_column fusion_builder_column_1_4 fusion-builder-column-2 fusion-one-fourth fusion-column-first fusion-column-liftup-border fusion-column-inner-bg-wrapper fusion-column-no-min-height 1_4\"  style='margin-top:0px;margin-bottom:20px;width:25%;width:calc(25% - ( ( 4% + 4% + 4% ) * 0.25 ) );margin-right: 4%;'>\n\t\t\t\t\t<div class=\"fusion-column-wrapper\" style=\"border:2px solid #ffffff;padding: 0px 0px 0px 0px;\"  data-bg-url=\"\">\n\t\t\t\t\t\t<div class=\"fusion-column-content-centered\"><div class=\"fusion-column-content\"><span class=\"fusion-imageframe imageframe-none imageframe-1 hover-type-none\"><img loading=\"lazy\" decoding=\"async\" src=\"https:\/\/www.jymfg.com\/es\/wp-content\/uploads\/2018\/09\/acoplamiento-bauer01-300x300.jpg\" width=\"300\" height=\"300\" alt=\"acoplamiento bauer01\" title=\"\" class=\"img-responsive wp-image-547\" srcset=\"https:\/\/www.jymfg.com\/es\/wp-content\/uploads\/2018\/09\/acoplamiento-bauer01-200x200.jpg 200w, https:\/\/www.jymfg.com\/es\/wp-content\/uploads\/2018\/09\/acoplamiento-bauer01-400x400.jpg 400w, https:\/\/www.jymfg.com\/es\/wp-content\/uploads\/2018\/09\/acoplamiento-bauer01.jpg 600w\" sizes=\"(max-width: 800px) 100vw, 400px\" \/><\/span><div class=\"fusion-text\"><p style=\"text-align: center;\">acoplamiento bauer<\/p>\n<\/div><\/div><\/div><div class=\"fusion-clearfix\"><\/div>\n\t\t\t\t\t<\/div><span class=\"fusion-column-inner-bg hover-type-liftup\" >\n\t\t\t\t\t\t<a href=\"https:\/\/www.jymfg.com\/es\/acoplamiento-bauer\/\" aria-label=\"\">\n\t\t\t\t\t\t\t<span class=\"fusion-column-inner-bg-image\"  style=\"background-color:rgba(255,255,255,0);background-position:left top;background-repeat:no-repeat;-webkit-background-size:cover;-moz-background-size:cover;-o-background-size:cover;background-size:cover;border:2px solid #ffffff;\"><\/span><\/a>\n\t\t\t\t\t<\/span>\n\t\t\t\t<\/div><div  class=\"fusion-layout-column fusion_builder_column fusion_builder_column_1_4 fusion-builder-column-3 fusion-one-fourth fusion-column-liftup-border fusion-column-inner-bg-wrapper fusion-column-no-min-height 1_4\"  style='margin-top:0px;margin-bottom:20px;width:25%;width:calc(25% - ( ( 4% + 4% + 4% ) * 0.25 ) );margin-right: 4%;'>\n\t\t\t\t\t<div class=\"fusion-column-wrapper\" style=\"border:2px solid #ffffff;padding: 0px 0px 0px 0px;\"  data-bg-url=\"\">\n\t\t\t\t\t\t<div class=\"fusion-column-content-centered\"><div class=\"fusion-column-content\"><span class=\"fusion-imageframe imageframe-none imageframe-2 hover-type-none\"><img loading=\"lazy\" decoding=\"async\" src=\"https:\/\/www.jymfg.com\/es\/wp-content\/uploads\/2018\/09\/2-300x300.jpg\" width=\"300\" height=\"300\" alt=\"acoplamiento de camlock\" title=\"\" class=\"img-responsive wp-image-559\" srcset=\"https:\/\/www.jymfg.com\/es\/wp-content\/uploads\/2018\/09\/2-200x200.jpg 200w, https:\/\/www.jymfg.com\/es\/wp-content\/uploads\/2018\/09\/2-400x400.jpg 400w, https:\/\/www.jymfg.com\/es\/wp-content\/uploads\/2018\/09\/2.jpg 600w\" sizes=\"(max-width: 800px) 100vw, 400px\" \/><\/span><div class=\"fusion-text\"><p style=\"text-align: center;\">acoplamiento de camlock<\/p>\n<\/div><\/div><\/div><div class=\"fusion-clearfix\"><\/div>\n\t\t\t\t\t<\/div><span class=\"fusion-column-inner-bg hover-type-liftup\" >\n\t\t\t\t\t\t<a href=\"https:\/\/www.jymfg.com\/es\/acoplamiento-de-camlock\/\" aria-label=\"\">\n\t\t\t\t\t\t\t<span class=\"fusion-column-inner-bg-image\"  style=\"background-color:rgba(255,255,255,0);background-position:left top;background-repeat:no-repeat;-webkit-background-size:cover;-moz-background-size:cover;-o-background-size:cover;background-size:cover;border:2px solid #ffffff;\"><\/span><\/a>\n\t\t\t\t\t<\/span>\n\t\t\t\t<\/div><div  class=\"fusion-layout-column fusion_builder_column fusion_builder_column_1_4 fusion-builder-column-4 fusion-one-fourth fusion-column-liftup-border fusion-column-inner-bg-wrapper fusion-column-no-min-height 1_4\"  style='margin-top:0px;margin-bottom:20px;width:25%;width:calc(25% - ( ( 4% + 4% + 4% ) * 0.25 ) );margin-right: 4%;'>\n\t\t\t\t\t<div class=\"fusion-column-wrapper\" style=\"border:2px solid #ffffff;padding: 0px 0px 0px 0px;\"  data-bg-url=\"\">\n\t\t\t\t\t\t<div class=\"fusion-column-content-centered\"><div class=\"fusion-column-content\"><span class=\"fusion-imageframe imageframe-none imageframe-3 hover-type-none\"><img loading=\"lazy\" decoding=\"async\" src=\"https:\/\/www.jymfg.com\/es\/wp-content\/uploads\/2018\/09\/4-300x300.jpg\" width=\"300\" height=\"300\" alt=\"\" title=\"\" class=\"img-responsive wp-image-561\" srcset=\"https:\/\/www.jymfg.com\/es\/wp-content\/uploads\/2018\/09\/4-200x200.jpg 200w, https:\/\/www.jymfg.com\/es\/wp-content\/uploads\/2018\/09\/4-400x400.jpg 400w, https:\/\/www.jymfg.com\/es\/wp-content\/uploads\/2018\/09\/4.jpg 600w\" sizes=\"(max-width: 800px) 100vw, 400px\" \/><\/span><div class=\"fusion-text\"><p style=\"text-align: center;\">acoplamiento universal<\/p>\n<\/div><\/div><\/div><div class=\"fusion-clearfix\"><\/div>\n\t\t\t\t\t<\/div><span class=\"fusion-column-inner-bg hover-type-liftup\" >\n\t\t\t\t\t\t<a href=\"https:\/\/www.jymfg.com\/es\/acoplamiento-universal\/\" aria-label=\"\">\n\t\t\t\t\t\t\t<span class=\"fusion-column-inner-bg-image\"  style=\"background-color:rgba(255,255,255,0);background-position:left top;background-repeat:no-repeat;-webkit-background-size:cover;-moz-background-size:cover;-o-background-size:cover;background-size:cover;border:2px solid #ffffff;\"><\/span><\/a>\n\t\t\t\t\t<\/span>\n\t\t\t\t<\/div><div  class=\"fusion-layout-column fusion_builder_column fusion_builder_column_1_4 fusion-builder-column-5 fusion-one-fourth fusion-column-last fusion-column-liftup-border fusion-column-inner-bg-wrapper fusion-column-no-min-height 1_4\"  style='margin-top:0px;margin-bottom:20px;width:25%;width:calc(25% - ( ( 4% + 4% + 4% ) * 0.25 ) );'>\n\t\t\t\t\t<div class=\"fusion-column-wrapper\" style=\"border:2px solid #ffffff;padding: 0px 0px 0px 0px;\"  data-bg-url=\"\">\n\t\t\t\t\t\t<div class=\"fusion-column-content-centered\"><div class=\"fusion-column-content\"><span class=\"fusion-imageframe imageframe-none imageframe-4 hover-type-none\"><img loading=\"lazy\" decoding=\"async\" src=\"https:\/\/www.jymfg.com\/es\/wp-content\/uploads\/2018\/09\/3-300x300.jpg\" width=\"300\" height=\"300\" alt=\"Acoplamiento de Tankwagen\" title=\"\" class=\"img-responsive wp-image-560\" srcset=\"https:\/\/www.jymfg.com\/es\/wp-content\/uploads\/2018\/09\/3-200x200.jpg 200w, https:\/\/www.jymfg.com\/es\/wp-content\/uploads\/2018\/09\/3-400x400.jpg 400w, https:\/\/www.jymfg.com\/es\/wp-content\/uploads\/2018\/09\/3.jpg 600w\" sizes=\"(max-width: 800px) 100vw, 400px\" \/><\/span><div class=\"fusion-text\"><p style=\"text-align: center;\">Acoplamiento de Tankwagen<\/p>\n<\/div><\/div><\/div><div class=\"fusion-clearfix\"><\/div>\n\t\t\t\t\t<\/div><span class=\"fusion-column-inner-bg hover-type-liftup\" >\n\t\t\t\t\t\t<a href=\"https:\/\/www.jymfg.com\/es\/acoplamiento-de-tankwagen\/\" aria-label=\"\">\n\t\t\t\t\t\t\t<span class=\"fusion-column-inner-bg-image\"  style=\"background-color:rgba(255,255,255,0);background-position:left top;background-repeat:no-repeat;-webkit-background-size:cover;-moz-background-size:cover;-o-background-size:cover;background-size:cover;border:2px solid #ffffff;\"><\/span><\/a>\n\t\t\t\t\t<\/span>\n\t\t\t\t<\/div><div  class=\"fusion-layout-column fusion_builder_column fusion_builder_column_1_4 fusion-builder-column-6 fusion-one-fourth fusion-column-first fusion-column-liftup-border fusion-column-inner-bg-wrapper fusion-column-no-min-height 1_4\"  style='margin-top:0px;margin-bottom:20px;width:25%;width:calc(25% - ( ( 4% + 4% + 4% ) * 0.25 ) );margin-right: 4%;'>\n\t\t\t\t\t<div class=\"fusion-column-wrapper\" style=\"border:2px solid #ffffff;padding: 0px 0px 0px 0px;\"  data-bg-url=\"\">\n\t\t\t\t\t\t<div class=\"fusion-column-content-centered\"><div class=\"fusion-column-content\"><span class=\"fusion-imageframe imageframe-none imageframe-5 hover-type-none\"><img loading=\"lazy\" decoding=\"async\" src=\"https:\/\/www.jymfg.com\/es\/wp-content\/uploads\/2018\/09\/5-300x300.jpg\" width=\"300\" height=\"300\" alt=\"Acoplamiento de espiga\" title=\"\" class=\"img-responsive wp-image-562\" srcset=\"https:\/\/www.jymfg.com\/es\/wp-content\/uploads\/2018\/09\/5-200x200.jpg 200w, https:\/\/www.jymfg.com\/es\/wp-content\/uploads\/2018\/09\/5-400x400.jpg 400w, https:\/\/www.jymfg.com\/es\/wp-content\/uploads\/2018\/09\/5.jpg 600w\" sizes=\"(max-width: 800px) 100vw, 400px\" \/><\/span><div class=\"fusion-text\"><p style=\"text-align: center;\">Acoplamiento de espiga<\/p>\n<\/div><\/div><\/div><div class=\"fusion-clearfix\"><\/div>\n\t\t\t\t\t<\/div><span class=\"fusion-column-inner-bg hover-type-liftup\" >\n\t\t\t\t\t\t<a href=\"https:\/\/www.jymfg.com\/es\/acoplamiento-de-espiga\/\" aria-label=\"\">\n\t\t\t\t\t\t\t<span class=\"fusion-column-inner-bg-image\"  style=\"background-color:rgba(255,255,255,0);background-position:left top;background-repeat:no-repeat;-webkit-background-size:cover;-moz-background-size:cover;-o-background-size:cover;background-size:cover;border:2px solid #ffffff;\"><\/span><\/a>\n\t\t\t\t\t<\/span>\n\t\t\t\t<\/div><div  class=\"fusion-layout-column fusion_builder_column fusion_builder_column_1_4 fusion-builder-column-7 fusion-one-fourth fusion-column-liftup-border fusion-column-inner-bg-wrapper fusion-column-no-min-height 1_4\"  style='margin-top:0px;margin-bottom:20px;width:25%;width:calc(25% - ( ( 4% + 4% + 4% ) * 0.25 ) );margin-right: 4%;'>\n\t\t\t\t\t<div class=\"fusion-column-wrapper\" style=\"border:2px solid #ffffff;padding: 0px 0px 0px 0px;\"  data-bg-url=\"\">\n\t\t\t\t\t\t<div class=\"fusion-column-content-centered\"><div class=\"fusion-column-content\"><span class=\"fusion-imageframe imageframe-none imageframe-6 hover-type-none\"><img loading=\"lazy\" decoding=\"async\" src=\"https:\/\/www.jymfg.com\/es\/wp-content\/uploads\/2018\/09\/6-300x300.jpg\" width=\"300\" height=\"300\" alt=\"Acoplamiento de manguera de chorro de arena\" title=\"\" class=\"img-responsive wp-image-563\" srcset=\"https:\/\/www.jymfg.com\/es\/wp-content\/uploads\/2018\/09\/6-200x200.jpg 200w, https:\/\/www.jymfg.com\/es\/wp-content\/uploads\/2018\/09\/6-400x400.jpg 400w, https:\/\/www.jymfg.com\/es\/wp-content\/uploads\/2018\/09\/6.jpg 600w\" sizes=\"(max-width: 800px) 100vw, 400px\" \/><\/span><div class=\"fusion-text\"><p style=\"text-align: center;\">Acoplamiento de manguera de chorro de arena<\/p>\n<\/div><\/div><\/div><div class=\"fusion-clearfix\"><\/div>\n\t\t\t\t\t<\/div><span class=\"fusion-column-inner-bg hover-type-liftup\" >\n\t\t\t\t\t\t<a href=\"https:\/\/www.jymfg.com\/es\/acoplamiento-de-manguera-de-chorro-de-arena\/\" aria-label=\"\">\n\t\t\t\t\t\t\t<span class=\"fusion-column-inner-bg-image\"  style=\"background-color:rgba(255,255,255,0);background-position:left top;background-repeat:no-repeat;-webkit-background-size:cover;-moz-background-size:cover;-o-background-size:cover;background-size:cover;border:2px solid #ffffff;\"><\/span><\/a>\n\t\t\t\t\t<\/span>\n\t\t\t\t<\/div><div  class=\"fusion-layout-column fusion_builder_column fusion_builder_column_1_4 fusion-builder-column-8 fusion-one-fourth fusion-column-liftup-border fusion-column-inner-bg-wrapper fusion-column-no-min-height 1_4\"  style='margin-top:0px;margin-bottom:20px;width:25%;width:calc(25% - ( ( 4% + 4% + 4% ) * 0.25 ) );margin-right: 4%;'>\n\t\t\t\t\t<div class=\"fusion-column-wrapper\" style=\"border:2px solid #ffffff;padding: 0px 0px 0px 0px;\"  data-bg-url=\"\">\n\t\t\t\t\t\t<div class=\"fusion-column-content-centered\"><div class=\"fusion-column-content\"><span class=\"fusion-imageframe imageframe-none imageframe-7 hover-type-none\"><img loading=\"lazy\" decoding=\"async\" src=\"https:\/\/www.jymfg.com\/es\/wp-content\/uploads\/2018\/09\/7-300x300.jpg\" width=\"300\" height=\"300\" alt=\"Acoplamiento de manguera de fuego\" title=\"\" class=\"img-responsive wp-image-565\" srcset=\"https:\/\/www.jymfg.com\/es\/wp-content\/uploads\/2018\/09\/7-200x200.jpg 200w, https:\/\/www.jymfg.com\/es\/wp-content\/uploads\/2018\/09\/7-400x400.jpg 400w, https:\/\/www.jymfg.com\/es\/wp-content\/uploads\/2018\/09\/7.jpg 600w\" sizes=\"(max-width: 800px) 100vw, 400px\" \/><\/span><div class=\"fusion-text\"><p style=\"text-align: center;\">Acoplamiento de manguera de fuego<\/p>\n<\/div><\/div><\/div><div class=\"fusion-clearfix\"><\/div>\n\t\t\t\t\t<\/div><span class=\"fusion-column-inner-bg hover-type-liftup\" >\n\t\t\t\t\t\t<a href=\"https:\/\/www.jymfg.com\/es\/acoplamiento-de-manguera-de-fuego\/\" aria-label=\"\">\n\t\t\t\t\t\t\t<span class=\"fusion-column-inner-bg-image\"  style=\"background-color:rgba(255,255,255,0);background-position:left top;background-repeat:no-repeat;-webkit-background-size:cover;-moz-background-size:cover;-o-background-size:cover;background-size:cover;border:2px solid #ffffff;\"><\/span><\/a>\n\t\t\t\t\t<\/span>\n\t\t\t\t<\/div><div  class=\"fusion-layout-column fusion_builder_column fusion_builder_column_1_4 fusion-builder-column-9 fusion-one-fourth fusion-column-last fusion-column-liftup-border fusion-column-inner-bg-wrapper fusion-column-no-min-height 1_4\"  style='margin-top:0px;margin-bottom:20px;width:25%;width:calc(25% - ( ( 4% + 4% + 4% ) * 0.25 ) );'>\n\t\t\t\t\t<div class=\"fusion-column-wrapper\" style=\"border:2px solid #ffffff;padding: 0px 0px 0px 0px;\"  data-bg-url=\"\">\n\t\t\t\t\t\t<div class=\"fusion-column-content-centered\"><div class=\"fusion-column-content\"><span class=\"fusion-imageframe imageframe-none imageframe-8 hover-type-none\"><img loading=\"lazy\" decoding=\"async\" src=\"https:\/\/www.jymfg.com\/es\/wp-content\/uploads\/2018\/09\/8-300x300.jpg\" width=\"300\" height=\"300\" alt=\"\" title=\"\" class=\"img-responsive wp-image-558\" srcset=\"https:\/\/www.jymfg.com\/es\/wp-content\/uploads\/2018\/09\/8-200x200.jpg 200w, https:\/\/www.jymfg.com\/es\/wp-content\/uploads\/2018\/09\/8-400x400.jpg 400w, https:\/\/www.jymfg.com\/es\/wp-content\/uploads\/2018\/09\/8.jpg 600w\" sizes=\"(max-width: 800px) 100vw, 400px\" \/><\/span><div class=\"fusion-text\"><p style=\"text-align: center;\">otros<\/p>\n<\/div><\/div><\/div><div class=\"fusion-clearfix\"><\/div>\n\t\t\t\t\t<\/div><span class=\"fusion-column-inner-bg hover-type-liftup\" >\n\t\t\t\t\t\t<a href=\"https:\/\/www.jymfg.com\/es\/otros\/\" aria-label=\"\">\n\t\t\t\t\t\t\t<span class=\"fusion-column-inner-bg-image\"  style=\"background-color:rgba(255,255,255,0);background-position:left top;background-repeat:no-repeat;-webkit-background-size:cover;-moz-background-size:cover;-o-background-size:cover;background-size:cover;border:2px solid #ffffff;\"><\/span><\/a>\n\t\t\t\t\t<\/span>\n\t\t\t\t<\/div><\/div><\/div><\/p>\n","protected":false},"excerpt":{"rendered":"","protected":false},"author":1,"featured_media":0,"parent":0,"menu_order":0,"comment_status":"closed","ping_status":"closed","template":"","meta":{"footnotes":""},"class_list":["post-33","page","type-page","status-publish","hentry"],"yoast_head":"<!-- This site is optimized with the Yoast SEO plugin v24.2 - https:\/\/yoast.com\/wordpress\/plugins\/seo\/ -->\n<title>Acoplamiento de manguera - JYM<\/title>\n<meta name=\"robots\" content=\"index, follow, max-snippet:-1, max-image-preview:large, max-video-preview:-1\" \/>\n<link rel=\"canonical\" href=\"https:\/\/www.jymfg.com\/es\/acoplamiento-de-manguera\/\" \/>\n<meta property=\"og:locale\" content=\"en_US\" \/>\n<meta property=\"og:type\" content=\"article\" \/>\n<meta property=\"og:title\" content=\"Acoplamiento de manguera - JYM\" \/>\n<meta property=\"og:url\" content=\"https:\/\/www.jymfg.com\/es\/acoplamiento-de-manguera\/\" \/>\n<meta property=\"og:site_name\" content=\"JYM\" \/>\n<meta property=\"article:modified_time\" content=\"2018-12-05T02:49:19+00:00\" \/>\n<meta name=\"twitter:card\" content=\"summary_large_image\" \/>\n<meta name=\"twitter:label1\" content=\"Est. reading time\" \/>\n\t<meta name=\"twitter:data1\" content=\"9 minutes\" \/>\n<script type=\"application\/ld+json\" class=\"yoast-schema-graph\">{\"@context\":\"https:\/\/schema.org\",\"@graph\":[{\"@type\":\"WebPage\",\"@id\":\"https:\/\/www.jymfg.com\/es\/acoplamiento-de-manguera\/\",\"url\":\"https:\/\/www.jymfg.com\/es\/acoplamiento-de-manguera\/\",\"name\":\"Acoplamiento de manguera - JYM\",\"isPartOf\":{\"@id\":\"https:\/\/www.jymfg.com\/es\/#website\"},\"datePublished\":\"2018-09-03T02:17:45+00:00\",\"dateModified\":\"2018-12-05T02:49:19+00:00\",\"breadcrumb\":{\"@id\":\"https:\/\/www.jymfg.com\/es\/acoplamiento-de-manguera\/#breadcrumb\"},\"inLanguage\":\"en-US\",\"potentialAction\":[{\"@type\":\"ReadAction\",\"target\":[\"https:\/\/www.jymfg.com\/es\/acoplamiento-de-manguera\/\"]}]},{\"@type\":\"BreadcrumbList\",\"@id\":\"https:\/\/www.jymfg.com\/es\/acoplamiento-de-manguera\/#breadcrumb\",\"itemListElement\":[{\"@type\":\"ListItem\",\"position\":1,\"name\":\"Home\",\"item\":\"https:\/\/www.jymfg.com\/es\/\"},{\"@type\":\"ListItem\",\"position\":2,\"name\":\"Acoplamiento de manguera\"}]},{\"@type\":\"WebSite\",\"@id\":\"https:\/\/www.jymfg.com\/es\/#website\",\"url\":\"https:\/\/www.jymfg.com\/es\/\",\"name\":\"JYM\",\"description\":\"FABRICANTE DE MANGUERAS INDUSTRIALES Y ACOPLAMIENTOS\",\"potentialAction\":[{\"@type\":\"SearchAction\",\"target\":{\"@type\":\"EntryPoint\",\"urlTemplate\":\"https:\/\/www.jymfg.com\/es\/?s={search_term_string}\"},\"query-input\":{\"@type\":\"PropertyValueSpecification\",\"valueRequired\":true,\"valueName\":\"search_term_string\"}}],\"inLanguage\":\"en-US\"}]}<\/script>\n<!-- \/ Yoast SEO plugin. -->","yoast_head_json":{"title":"Acoplamiento de manguera - JYM","robots":{"index":"index","follow":"follow","max-snippet":"max-snippet:-1","max-image-preview":"max-image-preview:large","max-video-preview":"max-video-preview:-1"},"canonical":"https:\/\/www.jymfg.com\/es\/acoplamiento-de-manguera\/","og_locale":"en_US","og_type":"article","og_title":"Acoplamiento de manguera - JYM","og_url":"https:\/\/www.jymfg.com\/es\/acoplamiento-de-manguera\/","og_site_name":"JYM","article_modified_time":"2018-12-05T02:49:19+00:00","twitter_card":"summary_large_image","twitter_misc":{"Est. reading time":"9 minutes"},"schema":{"@context":"https:\/\/schema.org","@graph":[{"@type":"WebPage","@id":"https:\/\/www.jymfg.com\/es\/acoplamiento-de-manguera\/","url":"https:\/\/www.jymfg.com\/es\/acoplamiento-de-manguera\/","name":"Acoplamiento de manguera - JYM","isPartOf":{"@id":"https:\/\/www.jymfg.com\/es\/#website"},"datePublished":"2018-09-03T02:17:45+00:00","dateModified":"2018-12-05T02:49:19+00:00","breadcrumb":{"@id":"https:\/\/www.jymfg.com\/es\/acoplamiento-de-manguera\/#breadcrumb"},"inLanguage":"en-US","potentialAction":[{"@type":"ReadAction","target":["https:\/\/www.jymfg.com\/es\/acoplamiento-de-manguera\/"]}]},{"@type":"BreadcrumbList","@id":"https:\/\/www.jymfg.com\/es\/acoplamiento-de-manguera\/#breadcrumb","itemListElement":[{"@type":"ListItem","position":1,"name":"Home","item":"https:\/\/www.jymfg.com\/es\/"},{"@type":"ListItem","position":2,"name":"Acoplamiento de manguera"}]},{"@type":"WebSite","@id":"https:\/\/www.jymfg.com\/es\/#website","url":"https:\/\/www.jymfg.com\/es\/","name":"JYM","description":"FABRICANTE DE MANGUERAS INDUSTRIALES Y ACOPLAMIENTOS","potentialAction":[{"@type":"SearchAction","target":{"@type":"EntryPoint","urlTemplate":"https:\/\/www.jymfg.com\/es\/?s={search_term_string}"},"query-input":{"@type":"PropertyValueSpecification","valueRequired":true,"valueName":"search_term_string"}}],"inLanguage":"en-US"}]}},"_links":{"self":[{"href":"https:\/\/www.jymfg.com\/es\/wp-json\/wp\/v2\/pages\/33"}],"collection":[{"href":"https:\/\/www.jymfg.com\/es\/wp-json\/wp\/v2\/pages"}],"about":[{"href":"https:\/\/www.jymfg.com\/es\/wp-json\/wp\/v2\/types\/page"}],"author":[{"embeddable":true,"href":"https:\/\/www.jymfg.com\/es\/wp-json\/wp\/v2\/users\/1"}],"replies":[{"embeddable":true,"href":"https:\/\/www.jymfg.com\/es\/wp-json\/wp\/v2\/comments?post=33"}],"version-history":[{"count":0,"href":"https:\/\/www.jymfg.com\/es\/wp-json\/wp\/v2\/pages\/33\/revisions"}],"wp:attachment":[{"href":"https:\/\/www.jymfg.com\/es\/wp-json\/wp\/v2\/media?parent=33"}],"curies":[{"name":"wp","href":"https:\/\/api.w.org\/{rel}","templated":true}]}}