{"id":39,"date":"2018-09-03T02:19:08","date_gmt":"2018-09-03T02:19:08","guid":{"rendered":"https:\/\/www.jymfg.com\/es\/?page_id=39"},"modified":"2018-09-18T06:02:25","modified_gmt":"2018-09-18T06:02:25","slug":"contacto","status":"publish","type":"page","link":"https:\/\/www.jymfg.com\/es\/contacto\/","title":{"rendered":"Contacto"},"content":{"rendered":"<p><div class=\"fusion-fullwidth fullwidth-box fusion-builder-row-1 fusion-parallax-none hundred-percent-fullwidth non-hundred-percent-height-scrolling\"  style='background-color: rgba(0,0,0,0.74);background-image: url(\"https:\/\/www.jymfg.com\/es\/wp-content\/uploads\/2018\/09\/ctabg.jpg\");background-position: center center;background-repeat: no-repeat;background-blend-mode: overlay;padding-top:0px;padding-right:0px;padding-bottom:0px;padding-left:0px;margin-top: -57px;-webkit-background-size:cover;-moz-background-size:cover;-o-background-size:cover;background-size:cover;'><div class=\"fusion-builder-row fusion-row \"><div  class=\"fusion-layout-column fusion_builder_column fusion_builder_column_1_1 fusion-builder-column-1 fusion-one-full fusion-column-first fusion-column-last 1_1\"  style='margin-top:0px;margin-bottom:20px;'>\n\t\t\t\t\t<div class=\"fusion-column-wrapper\" style=\"padding: 50px 0px 0px 0px;background-position:left top;background-repeat:no-repeat;-webkit-background-size:cover;-moz-background-size:cover;-o-background-size:cover;background-size:cover;\"   data-bg-url=\"\">\n\t\t\t\t\t\t<style type=\"text\/css\"><\/style><div class=\"fusion-title title fusion-title-1 fusion-title-text fusion-title-size-one\" style=\"margin-top:0px;margin-bottom:31px;\"><h1 class=\"title-heading-left\" style=\"margin:0;\"><strong><span style=\"color: #ea273b;\">INFORMACI\u00d3N DE CONTACTO Y SOPORTE<\/span><\/strong><\/h1><div class=\"title-sep-container\"><div class=\"title-sep sep-double sep-solid\" style=\"border-color:#e0dede;\"><\/div><\/div><\/div><div class=\"fusion-text\"><h3><span style=\"color: #ffffff;\">Para cualquier consulta sobre los productos y servicios de JYM, env\u00edenos un correo electr\u00f3nico o complete el formulario: nuestros representantes del personal se pondr\u00e1n en contacto con usted.<\/span><\/h3>\n<\/div><div class=\"fusion-clearfix\"><\/div>\n\n\t\t\t\t\t<\/div>\n\t\t\t\t<\/div><\/div><\/div><div class=\"fusion-fullwidth fullwidth-box fusion-builder-row-2 nonhundred-percent-fullwidth non-hundred-percent-height-scrolling\"  style='background-color: rgba(255,255,255,0);background-position: center center;background-repeat: no-repeat;padding-top:0px;padding-right:0px;padding-bottom:0px;padding-left:0px;margin-top: 50px;'><div class=\"fusion-builder-row fusion-row \"><div  class=\"fusion-layout-column fusion_builder_column fusion_builder_column_1_2 fusion-builder-column-2 fusion-one-half fusion-column-first 1_2\"  style='margin-top:0px;margin-bottom:20px;width:50%;width:calc(50% - ( ( 4% ) * 0.5 ) );margin-right: 4%;'>\n\t\t\t\t\t<div class=\"fusion-column-wrapper\" style=\"padding: 0px 0px 0px 0px;background-position:left top;background-repeat:no-repeat;-webkit-background-size:cover;-moz-background-size:cover;-o-background-size:cover;background-size:cover;\"   data-bg-url=\"\">\n\t\t\t\t\t\t<div class=\"fusion-fa-align-center\"><i class=\"fontawesome-icon fa-lightbulb far circle-yes\" style=\"border-color:#ea273b;background-color:#ea273b;font-size:44px;line-height:88px;height:88px;width:88px;color:#ffffff;\"><\/i><\/div><style type=\"text\/css\"><\/style><div class=\"fusion-title title fusion-title-2 fusion-sep-none fusion-title-text fusion-title-size-three\" style=\"margin-top:0px;margin-bottom:31px;\"><h3 class=\"title-heading-left\" style=\"margin:0;\">JINYUAN RUBBER MANUFACTURING LTD<\/h3><\/div><div class=\"fusion-text\"><p>Departamento de ventas<br \/>\nNombre: VICTOR LAU<br \/>\nTEL:+8613256393632<br \/>\nDEBER:Sales Manager<br \/>\nE-MAIL: <a href=\"mailto:sales@goflexrubber.com\">sales@goflexrubber.com<\/a><\/p>\n<p>empresa<br \/>\nTel: +86(532)80935980<br \/>\nc\u00f3digo postal: 266001<br \/>\nDIRECCI\u00d3N:No,1,Kunming Road,Penglai city,Shandong Provice,China (factory)<\/p>\n<\/div><div class=\"fusion-clearfix\"><\/div>\n\n\t\t\t\t\t<\/div>\n\t\t\t\t<\/div><div  class=\"fusion-layout-column fusion_builder_column fusion_builder_column_1_2 fusion-builder-column-3 fusion-one-half fusion-column-last 1_2\"  style='margin-top:0px;margin-bottom:20px;width:50%;width:calc(50% - ( ( 4% ) * 0.5 ) );'>\n\t\t\t\t\t<div class=\"fusion-column-wrapper\" style=\"padding: 0px 0px 0px 0px;background-position:left top;background-repeat:no-repeat;-webkit-background-size:cover;-moz-background-size:cover;-o-background-size:cover;background-size:cover;\"   data-bg-url=\"\">\n\t\t\t\t\t\t<div class=\"fusion-fa-align-center\"><i class=\"fontawesome-icon fa-comment-alt far circle-yes\" style=\"border-color:#ea273b;background-color:#ea273b;font-size:44px;line-height:88px;height:88px;width:88px;color:#ffffff;\"><\/i><\/div><style type=\"text\/css\"><\/style><div class=\"fusion-title title fusion-title-3 fusion-sep-none fusion-title-text fusion-title-size-three\" style=\"margin-top:0px;margin-bottom:31px;\"><h3 class=\"title-heading-left\" style=\"margin:0;\">Deja un mensaje<\/h3><\/div><div class=\"fusion-text\"><p>Aseg\u00farese de haber le\u00eddo nuestras <a href=\"https:\/\/www.jymfg.com\/es\/politica-de-privacidad\/\">pol\u00edticas de privacidad<\/a> al enviar sus datos personales<\/p>\n<\/div><div class=\"fusion-text\">\n<div class=\"wpcf7 no-js\" id=\"wpcf7-f5-o1\" lang=\"en-US\" dir=\"ltr\" data-wpcf7-id=\"5\">\n<div class=\"screen-reader-response\"><p role=\"status\" aria-live=\"polite\" aria-atomic=\"true\"><\/p> <ul><\/ul><\/div>\n<form action=\"\/es\/wp-json\/wp\/v2\/pages\/39#wpcf7-f5-o1\" method=\"post\" class=\"wpcf7-form init\" aria-label=\"Contact form\" novalidate=\"novalidate\" data-status=\"init\">\n<div style=\"display: none;\">\n<input type=\"hidden\" name=\"_wpcf7\" value=\"5\" \/>\n<input type=\"hidden\" name=\"_wpcf7_version\" value=\"6.0.2\" \/>\n<input type=\"hidden\" name=\"_wpcf7_locale\" value=\"en_US\" \/>\n<input type=\"hidden\" name=\"_wpcf7_unit_tag\" value=\"wpcf7-f5-o1\" \/>\n<input type=\"hidden\" name=\"_wpcf7_container_post\" value=\"0\" \/>\n<input type=\"hidden\" name=\"_wpcf7_posted_data_hash\" value=\"\" \/>\n<\/div>\n<div class=\"outer\">\n\t<div class=\"cf7part onehalf\">\n\t\t<div class=\"inner\">\n\t\t\t<p><span class=\"wpcf7-form-control-wrap\" data-name=\"your-name\"><input size=\"40\" maxlength=\"400\" class=\"wpcf7-form-control wpcf7-text wpcf7-validates-as-required\" aria-required=\"true\" aria-invalid=\"false\" placeholder=\"su nombre*\" value=\"\" type=\"text\" name=\"your-name\" \/><\/span>\n\t\t\t<\/p>\n\t\t<\/div>\n\t<\/div>\n<\/div>\n<div class=\"outer\">\n\t<div class=\"cf7part onehalf\">\n\t\t<div class=\"inner\">\n\t\t\t<p><span class=\"wpcf7-form-control-wrap\" data-name=\"your-email\"><input size=\"40\" maxlength=\"400\" class=\"wpcf7-form-control wpcf7-email wpcf7-validates-as-required wpcf7-text wpcf7-validates-as-email\" aria-required=\"true\" aria-invalid=\"false\" placeholder=\"E-mail*\" value=\"\" type=\"email\" name=\"your-email\" \/><\/span>\n\t\t\t<\/p>\n\t\t<\/div>\n\t<\/div>\n<\/div>\n<div class=\"outer\">\n\t<div class=\"cf7part onehalf\">\n\t\t<div class=\"inner\">\n\t\t\t<p><span class=\"wpcf7-form-control-wrap\" data-name=\"your-phone\"><input size=\"40\" maxlength=\"400\" class=\"wpcf7-form-control wpcf7-text wpcf7-validates-as-required\" aria-required=\"true\" aria-invalid=\"false\" placeholder=\"Su tel\u00e9fono*\" value=\"\" type=\"text\" name=\"your-phone\" \/><\/span>\n\t\t\t<\/p>\n\t\t<\/div>\n\t<\/div>\n<\/div>\n<div class=\"outer\">\n\t<div class=\"cf7part onehalf\">\n\t\t<div class=\"inner\">\n\t\t\t<p><span class=\"wpcf7-form-control-wrap\" data-name=\"your-subject\"><input size=\"40\" maxlength=\"400\" class=\"wpcf7-form-control wpcf7-text wpcf7-validates-as-required\" aria-required=\"true\" aria-invalid=\"false\" placeholder=\"Producto*\" value=\"\" type=\"text\" name=\"your-subject\" \/><\/span>\n\t\t\t<\/p>\n\t\t<\/div>\n\t<\/div>\n<\/div>\n<p><span class=\"wpcf7-form-control-wrap\" data-name=\"your-message\"><textarea cols=\"40\" rows=\"10\" maxlength=\"2000\" class=\"wpcf7-form-control wpcf7-textarea wpcf7-validates-as-required\" aria-required=\"true\" aria-invalid=\"false\" placeholder=\"Cu\u00e9ntanos tu necesidad lo m\u00e1s espec\u00edfica posible*\" name=\"your-message\"><\/textarea><\/span>\n<\/p>\n<p class=\"submit\"><input class=\"wpcf7-form-control wpcf7-submit has-spinner\" type=\"submit\" value=\"enviar\" \/>\n<\/p><div class=\"fusion-alert alert custom alert-custom fusion-alert-center wpcf7-response-output fusion-alert-capitalize alert-dismissable\" style=\"border-width:1px;\"><button type=\"button\" class=\"close toggle-alert\" data-dismiss=\"alert\" aria-hidden=\"true\">&times;<\/button><div class=\"fusion-alert-content-wrapper\"><span class=\"fusion-alert-content\"><\/span><\/div><\/div>\n<\/form>\n<\/div>\n\n<\/div><div class=\"fusion-clearfix\"><\/div>\n\n\t\t\t\t\t<\/div>\n\t\t\t\t<\/div><\/div><\/div><\/p>\n","protected":false},"excerpt":{"rendered":"","protected":false},"author":1,"featured_media":0,"parent":0,"menu_order":0,"comment_status":"closed","ping_status":"closed","template":"100-width.php","meta":{"footnotes":""},"class_list":["post-39","page","type-page","status-publish","hentry"],"yoast_head":"<!-- This site is optimized with the Yoast SEO plugin v24.2 - https:\/\/yoast.com\/wordpress\/plugins\/seo\/ -->\n<title>Contacto - JYM<\/title>\n<meta name=\"robots\" content=\"index, follow, max-snippet:-1, max-image-preview:large, max-video-preview:-1\" \/>\n<link rel=\"canonical\" href=\"https:\/\/www.jymfg.com\/es\/contacto\/\" \/>\n<meta property=\"og:locale\" content=\"en_US\" \/>\n<meta property=\"og:type\" content=\"article\" \/>\n<meta property=\"og:title\" content=\"Contacto - JYM\" \/>\n<meta property=\"og:url\" content=\"https:\/\/www.jymfg.com\/es\/contacto\/\" \/>\n<meta property=\"og:site_name\" content=\"JYM\" \/>\n<meta property=\"article:modified_time\" content=\"2018-09-18T06:02:25+00:00\" \/>\n<meta name=\"twitter:card\" content=\"summary_large_image\" \/>\n<meta name=\"twitter:label1\" content=\"Est. reading time\" \/>\n\t<meta name=\"twitter:data1\" content=\"4 minutes\" \/>\n<script type=\"application\/ld+json\" class=\"yoast-schema-graph\">{\"@context\":\"https:\/\/schema.org\",\"@graph\":[{\"@type\":\"WebPage\",\"@id\":\"https:\/\/www.jymfg.com\/es\/contacto\/\",\"url\":\"https:\/\/www.jymfg.com\/es\/contacto\/\",\"name\":\"Contacto - JYM\",\"isPartOf\":{\"@id\":\"https:\/\/www.jymfg.com\/es\/#website\"},\"datePublished\":\"2018-09-03T02:19:08+00:00\",\"dateModified\":\"2018-09-18T06:02:25+00:00\",\"breadcrumb\":{\"@id\":\"https:\/\/www.jymfg.com\/es\/contacto\/#breadcrumb\"},\"inLanguage\":\"en-US\",\"potentialAction\":[{\"@type\":\"ReadAction\",\"target\":[\"https:\/\/www.jymfg.com\/es\/contacto\/\"]}]},{\"@type\":\"BreadcrumbList\",\"@id\":\"https:\/\/www.jymfg.com\/es\/contacto\/#breadcrumb\",\"itemListElement\":[{\"@type\":\"ListItem\",\"position\":1,\"name\":\"Home\",\"item\":\"https:\/\/www.jymfg.com\/es\/\"},{\"@type\":\"ListItem\",\"position\":2,\"name\":\"Contacto\"}]},{\"@type\":\"WebSite\",\"@id\":\"https:\/\/www.jymfg.com\/es\/#website\",\"url\":\"https:\/\/www.jymfg.com\/es\/\",\"name\":\"JYM\",\"description\":\"FABRICANTE DE MANGUERAS INDUSTRIALES Y ACOPLAMIENTOS\",\"potentialAction\":[{\"@type\":\"SearchAction\",\"target\":{\"@type\":\"EntryPoint\",\"urlTemplate\":\"https:\/\/www.jymfg.com\/es\/?s={search_term_string}\"},\"query-input\":{\"@type\":\"PropertyValueSpecification\",\"valueRequired\":true,\"valueName\":\"search_term_string\"}}],\"inLanguage\":\"en-US\"}]}<\/script>\n<!-- \/ Yoast SEO plugin. -->","yoast_head_json":{"title":"Contacto - JYM","robots":{"index":"index","follow":"follow","max-snippet":"max-snippet:-1","max-image-preview":"max-image-preview:large","max-video-preview":"max-video-preview:-1"},"canonical":"https:\/\/www.jymfg.com\/es\/contacto\/","og_locale":"en_US","og_type":"article","og_title":"Contacto - JYM","og_url":"https:\/\/www.jymfg.com\/es\/contacto\/","og_site_name":"JYM","article_modified_time":"2018-09-18T06:02:25+00:00","twitter_card":"summary_large_image","twitter_misc":{"Est. reading time":"4 minutes"},"schema":{"@context":"https:\/\/schema.org","@graph":[{"@type":"WebPage","@id":"https:\/\/www.jymfg.com\/es\/contacto\/","url":"https:\/\/www.jymfg.com\/es\/contacto\/","name":"Contacto - JYM","isPartOf":{"@id":"https:\/\/www.jymfg.com\/es\/#website"},"datePublished":"2018-09-03T02:19:08+00:00","dateModified":"2018-09-18T06:02:25+00:00","breadcrumb":{"@id":"https:\/\/www.jymfg.com\/es\/contacto\/#breadcrumb"},"inLanguage":"en-US","potentialAction":[{"@type":"ReadAction","target":["https:\/\/www.jymfg.com\/es\/contacto\/"]}]},{"@type":"BreadcrumbList","@id":"https:\/\/www.jymfg.com\/es\/contacto\/#breadcrumb","itemListElement":[{"@type":"ListItem","position":1,"name":"Home","item":"https:\/\/www.jymfg.com\/es\/"},{"@type":"ListItem","position":2,"name":"Contacto"}]},{"@type":"WebSite","@id":"https:\/\/www.jymfg.com\/es\/#website","url":"https:\/\/www.jymfg.com\/es\/","name":"JYM","description":"FABRICANTE DE MANGUERAS INDUSTRIALES Y ACOPLAMIENTOS","potentialAction":[{"@type":"SearchAction","target":{"@type":"EntryPoint","urlTemplate":"https:\/\/www.jymfg.com\/es\/?s={search_term_string}"},"query-input":{"@type":"PropertyValueSpecification","valueRequired":true,"valueName":"search_term_string"}}],"inLanguage":"en-US"}]}},"_links":{"self":[{"href":"https:\/\/www.jymfg.com\/es\/wp-json\/wp\/v2\/pages\/39"}],"collection":[{"href":"https:\/\/www.jymfg.com\/es\/wp-json\/wp\/v2\/pages"}],"about":[{"href":"https:\/\/www.jymfg.com\/es\/wp-json\/wp\/v2\/types\/page"}],"author":[{"embeddable":true,"href":"https:\/\/www.jymfg.com\/es\/wp-json\/wp\/v2\/users\/1"}],"replies":[{"embeddable":true,"href":"https:\/\/www.jymfg.com\/es\/wp-json\/wp\/v2\/comments?post=39"}],"version-history":[{"count":0,"href":"https:\/\/www.jymfg.com\/es\/wp-json\/wp\/v2\/pages\/39\/revisions"}],"wp:attachment":[{"href":"https:\/\/www.jymfg.com\/es\/wp-json\/wp\/v2\/media?parent=39"}],"curies":[{"name":"wp","href":"https:\/\/api.w.org\/{rel}","templated":true}]}}