{"id":47,"date":"2018-09-03T03:24:55","date_gmt":"2018-09-03T03:24:55","guid":{"rendered":"https:\/\/www.jymfg.com\/es\/?page_id=47"},"modified":"2018-09-26T07:39:29","modified_gmt":"2018-09-26T07:39:29","slug":"manguera-de-aire","status":"publish","type":"page","link":"https:\/\/www.jymfg.com\/es\/manguera-de-aire\/","title":{"rendered":"Manguera de aire"},"content":{"rendered":"<div class=\"fusion-fullwidth fullwidth-box fusion-builder-row-1 nonhundred-percent-fullwidth non-hundred-percent-height-scrolling\"  style='background-color: rgba(255,255,255,0);background-position: center center;background-repeat: no-repeat;padding-top:0px;padding-right:0px;padding-bottom:0px;padding-left:0px;margin-top: -33px;'><div class=\"fusion-builder-row fusion-row \"><div  class=\"fusion-layout-column fusion_builder_column fusion_builder_column_1_1 fusion-builder-column-1 fusion-one-full fusion-column-first fusion-column-last 1_1\"  style='margin-top:0px;margin-bottom:20px;'>\n\t\t\t\t\t<div class=\"fusion-column-wrapper\" style=\"padding: 0px 0px 0px 0px;background-position:left top;background-repeat:no-repeat;-webkit-background-size:cover;-moz-background-size:cover;-o-background-size:cover;background-size:cover;\"   data-bg-url=\"\">\n\t\t\t\t\t\t<div class=\"fusion-text\"><h1>Manguera de aire<\/h1>\n<p>La manguera de goma para aire est\u00e1 fabricada con caucho de nitrilo o poliuretano y tiene presiones de trabajo de 150 a 500 PSI. Varios tama\u00f1os y colores est\u00e1n disponibles. Se usan en miner\u00eda, perforaci\u00f3n y construcci\u00f3n y est\u00e1n sujetos a una gama de elementos y factores que degradar\u00e1n la manguera, por lo que los usuarios deben considerar la esperanza de vida, la frecuencia de uso y el tipo de elementos que la manguera tambi\u00e9n estar\u00e1 sujeta.<\/p>\n<\/div><style type=\"text\/css\">.fusion-portfolio-wrapper#fusion-portfolio-1 .fusion-portfolio-content{ padding: 25px 25px 25px 25px; text-align: left; }<\/style><div class=\"fusion-recent-works fusion-portfolio-element fusion-portfolio fusion-portfolio-1 fusion-portfolio-grid fusion-portfolio-paging-pagination fusion-portfolio-three fusion-portfolio-boxed fusion-portfolio-text fusion-portfolio-equal-heights fusion-portfolio-rollover\" data-id=\"-rw-1\" data-columns=\"three\"><style type=\"text\/css\">.fusion-portfolio-1 .fusion-portfolio-wrapper .fusion-col-spacing{padding:7.5px;}<\/style><div class=\"fusion-portfolio-wrapper\" id=\"fusion-portfolio-1\" data-picturesize=\"auto\" data-pages=\"1\" style=\"margin:-7.5px;\"><article id=\"portfolio-1-post-287\" class=\"fusion-portfolio-post manguera-de-aire fusion-col-spacing post-287\"><div class=\"fusion-portfolio-content-wrapper\" style=\"border:1px solid #ebeaea;border-bottom-width:3px;background-color:rgba(255,255,255,0);\">\n\n<div  class=\"fusion-image-wrapper\" aria-haspopup=\"true\">\n\t\n\t\n\t\t\n\t\t\t\t\t<img loading=\"lazy\" decoding=\"async\" width=\"600\" height=\"600\" src=\"https:\/\/www.jymfg.com\/es\/wp-content\/uploads\/2018\/09\/Air-Water-Rubber-Hose.jpg\" class=\"attachment-full size-full wp-post-image\" alt=\"MANGUERAS DE AIRE Y GAS\" srcset=\"https:\/\/www.jymfg.com\/es\/wp-content\/uploads\/2018\/09\/Air-Water-Rubber-Hose-200x200.jpg 200w, https:\/\/www.jymfg.com\/es\/wp-content\/uploads\/2018\/09\/Air-Water-Rubber-Hose-400x400.jpg 400w, https:\/\/www.jymfg.com\/es\/wp-content\/uploads\/2018\/09\/Air-Water-Rubber-Hose.jpg 600w\" sizes=\"(min-width: 2200px) 100vw, (min-width: 784px) 390px, (min-width: 712px) 585px, (min-width: 640px) 712px, \" \/>\n\t\n\n\t\t<div class=\"fusion-rollover\">\n\t<div class=\"fusion-rollover-content\">\n\n\t\t\t\t\t\t\t\t\t\t\t\t\t\t<a class=\"fusion-rollover-link\" href=\"https:\/\/www.jymfg.com\/es\/producto\/manguera-para-aire-agua-20bar\/\">MANGUERA PARA AIRE &#8211; AGUA<\/a>\n\t\t\t\n\t\t\t\t\t\t\t\t\n\t\t\t\t\n\t\t\t\t\t\t\t\t\n\t\t\t\t\t\t\t\t\n\t\t\n\t\t\t\t<a class=\"fusion-link-wrapper\" href=\"https:\/\/www.jymfg.com\/es\/producto\/manguera-para-aire-agua-20bar\/\" aria-label=\"MANGUERA PARA AIRE &#8211; AGUA\"><\/a>\n\t<\/div>\n<\/div>\n\n\t\n<\/div>\n<div class=\"fusion-portfolio-content\" style=\"background-color:rgba(255,255,255,0);\"><h2 class=\"entry-title fusion-post-title\"><a href=\"https:\/\/www.jymfg.com\/es\/producto\/manguera-para-aire-agua-20bar\/\">MANGUERA PARA AIRE &#8211; AGUA<\/a><\/h2><div class=\"fusion-post-content\"><\/div><\/div><\/div><\/article><article id=\"portfolio-1-post-348\" class=\"fusion-portfolio-post manguera-de-aire productos-destacados fusion-col-spacing post-348\"><div class=\"fusion-portfolio-content-wrapper\" style=\"border:1px solid #ebeaea;border-bottom-width:3px;background-color:rgba(255,255,255,0);\">\n\n<div  class=\"fusion-image-wrapper\" aria-haspopup=\"true\">\n\t\n\t\n\t\t\n\t\t\t\t\t<img loading=\"lazy\" decoding=\"async\" width=\"600\" height=\"600\" src=\"https:\/\/www.jymfg.com\/es\/wp-content\/uploads\/2018\/09\/Extruded-Yellow-Smooth-Air-Hose.jpg\" class=\"attachment-full size-full wp-post-image\" alt=\"Extruded Yellow Smooth Air Hose\" srcset=\"https:\/\/www.jymfg.com\/es\/wp-content\/uploads\/2018\/09\/Extruded-Yellow-Smooth-Air-Hose-200x200.jpg 200w, https:\/\/www.jymfg.com\/es\/wp-content\/uploads\/2018\/09\/Extruded-Yellow-Smooth-Air-Hose-400x400.jpg 400w, https:\/\/www.jymfg.com\/es\/wp-content\/uploads\/2018\/09\/Extruded-Yellow-Smooth-Air-Hose.jpg 600w\" sizes=\"(min-width: 2200px) 100vw, (min-width: 784px) 390px, (min-width: 712px) 585px, (min-width: 640px) 712px, \" \/>\n\t\n\n\t\t<div class=\"fusion-rollover\">\n\t<div class=\"fusion-rollover-content\">\n\n\t\t\t\t\t\t\t\t\t\t\t\t\t\t<a class=\"fusion-rollover-link\" href=\"https:\/\/www.jymfg.com\/es\/producto\/manguera-de-aire-amarilla-suave\/\">MANGUERA DE AIRE AMARILLA SUAVE<\/a>\n\t\t\t\n\t\t\t\t\t\t\t\t\n\t\t\t\t\n\t\t\t\t\t\t\t\t\n\t\t\t\t\t\t\t\t\n\t\t\n\t\t\t\t<a class=\"fusion-link-wrapper\" href=\"https:\/\/www.jymfg.com\/es\/producto\/manguera-de-aire-amarilla-suave\/\" aria-label=\"MANGUERA DE AIRE AMARILLA SUAVE\"><\/a>\n\t<\/div>\n<\/div>\n\n\t\n<\/div>\n<div class=\"fusion-portfolio-content\" style=\"background-color:rgba(255,255,255,0);\"><h2 class=\"entry-title fusion-post-title\"><a href=\"https:\/\/www.jymfg.com\/es\/producto\/manguera-de-aire-amarilla-suave\/\">MANGUERA DE AIRE AMARILLA SUAVE<\/a><\/h2><div class=\"fusion-post-content\"><\/div><\/div><\/div><\/article><article id=\"portfolio-1-post-313\" class=\"fusion-portfolio-post manguera-de-aire fusion-col-spacing post-313\"><div class=\"fusion-portfolio-content-wrapper\" style=\"border:1px solid #ebeaea;border-bottom-width:3px;background-color:rgba(255,255,255,0);\">\n\n<div  class=\"fusion-image-wrapper\" aria-haspopup=\"true\">\n\t\n\t\n\t\t\n\t\t\t\t\t<img loading=\"lazy\" decoding=\"async\" width=\"600\" height=\"600\" src=\"https:\/\/www.jymfg.com\/es\/wp-content\/uploads\/2018\/09\/Yellow-Compressed-Air-Hose.jpg\" class=\"attachment-full size-full wp-post-image\" alt=\"Yellow Compressed Air Hose\" srcset=\"https:\/\/www.jymfg.com\/es\/wp-content\/uploads\/2018\/09\/Yellow-Compressed-Air-Hose-200x200.jpg 200w, https:\/\/www.jymfg.com\/es\/wp-content\/uploads\/2018\/09\/Yellow-Compressed-Air-Hose-400x400.jpg 400w, https:\/\/www.jymfg.com\/es\/wp-content\/uploads\/2018\/09\/Yellow-Compressed-Air-Hose.jpg 600w\" sizes=\"(min-width: 2200px) 100vw, (min-width: 784px) 390px, (min-width: 712px) 585px, (min-width: 640px) 712px, \" \/>\n\t\n\n\t\t<div class=\"fusion-rollover\">\n\t<div class=\"fusion-rollover-content\">\n\n\t\t\t\t\t\t\t\t\t\t\t\t\t\t<a class=\"fusion-rollover-link\" href=\"https:\/\/www.jymfg.com\/es\/producto\/manguera-de-aire-amarilla-para-trabajo-pesado\/\">MANGUERA DE AIRE AMARILLA PARA TRABAJO PESADO<\/a>\n\t\t\t\n\t\t\t\t\t\t\t\t\n\t\t\t\t\n\t\t\t\t\t\t\t\t\n\t\t\t\t\t\t\t\t\n\t\t\n\t\t\t\t<a class=\"fusion-link-wrapper\" href=\"https:\/\/www.jymfg.com\/es\/producto\/manguera-de-aire-amarilla-para-trabajo-pesado\/\" aria-label=\"MANGUERA DE AIRE AMARILLA PARA TRABAJO PESADO\"><\/a>\n\t<\/div>\n<\/div>\n\n\t\n<\/div>\n<div class=\"fusion-portfolio-content\" style=\"background-color:rgba(255,255,255,0);\"><h2 class=\"entry-title fusion-post-title\"><a href=\"https:\/\/www.jymfg.com\/es\/producto\/manguera-de-aire-amarilla-para-trabajo-pesado\/\">MANGUERA DE AIRE AMARILLA PARA TRABAJO PESADO<\/a><\/h2><div class=\"fusion-post-content\"><\/div><\/div><\/div><\/article><article id=\"portfolio-1-post-310\" class=\"fusion-portfolio-post manguera-de-aire fusion-col-spacing post-310\"><div class=\"fusion-portfolio-content-wrapper\" style=\"border:1px solid #ebeaea;border-bottom-width:3px;background-color:rgba(255,255,255,0);\">\n\n<div  class=\"fusion-image-wrapper\" aria-haspopup=\"true\">\n\t\n\t\n\t\t\n\t\t\t\t\t<img loading=\"lazy\" decoding=\"async\" width=\"600\" height=\"600\" src=\"https:\/\/www.jymfg.com\/es\/wp-content\/uploads\/2018\/09\/Steel-Wire-Rubber-Air-Hose.jpg\" class=\"attachment-full size-full wp-post-image\" alt=\"Steel Wire Rubber Air Hose\" srcset=\"https:\/\/www.jymfg.com\/es\/wp-content\/uploads\/2018\/09\/Steel-Wire-Rubber-Air-Hose-200x200.jpg 200w, https:\/\/www.jymfg.com\/es\/wp-content\/uploads\/2018\/09\/Steel-Wire-Rubber-Air-Hose-400x400.jpg 400w, https:\/\/www.jymfg.com\/es\/wp-content\/uploads\/2018\/09\/Steel-Wire-Rubber-Air-Hose.jpg 600w\" sizes=\"(min-width: 2200px) 100vw, (min-width: 784px) 390px, (min-width: 712px) 585px, (min-width: 640px) 712px, \" \/>\n\t\n\n\t\t<div class=\"fusion-rollover\">\n\t<div class=\"fusion-rollover-content\">\n\n\t\t\t\t\t\t\t\t\t\t\t\t\t\t<a class=\"fusion-rollover-link\" href=\"https:\/\/www.jymfg.com\/es\/producto\/manguera-de-aire-de-caucho-de-alambre-de-acero\/\">MANGUERA DE AIRE DE CAUCHO DE ALAMBRE DE ACERO<\/a>\n\t\t\t\n\t\t\t\t\t\t\t\t\n\t\t\t\t\n\t\t\t\t\t\t\t\t\n\t\t\t\t\t\t\t\t\n\t\t\n\t\t\t\t<a class=\"fusion-link-wrapper\" href=\"https:\/\/www.jymfg.com\/es\/producto\/manguera-de-aire-de-caucho-de-alambre-de-acero\/\" aria-label=\"MANGUERA DE AIRE DE CAUCHO DE ALAMBRE DE ACERO\"><\/a>\n\t<\/div>\n<\/div>\n\n\t\n<\/div>\n<div class=\"fusion-portfolio-content\" style=\"background-color:rgba(255,255,255,0);\"><h2 class=\"entry-title fusion-post-title\"><a href=\"https:\/\/www.jymfg.com\/es\/producto\/manguera-de-aire-de-caucho-de-alambre-de-acero\/\">MANGUERA DE AIRE DE CAUCHO DE ALAMBRE DE ACERO<\/a><\/h2><div class=\"fusion-post-content\"><\/div><\/div><\/div><\/article><article id=\"portfolio-1-post-350\" class=\"fusion-portfolio-post manguera-de-aire fusion-col-spacing post-350\"><div class=\"fusion-portfolio-content-wrapper\" style=\"border:1px solid #ebeaea;border-bottom-width:3px;background-color:rgba(255,255,255,0);\">\n\n<div  class=\"fusion-image-wrapper\" aria-haspopup=\"true\">\n\t\n\t\n\t\t\n\t\t\t\t\t<img loading=\"lazy\" decoding=\"async\" width=\"600\" height=\"600\" src=\"https:\/\/www.jymfg.com\/es\/wp-content\/uploads\/2018\/09\/Red-Rubber-Air-Hose.jpg\" class=\"attachment-full size-full wp-post-image\" alt=\"Red Rubber Air Hose\" srcset=\"https:\/\/www.jymfg.com\/es\/wp-content\/uploads\/2018\/09\/Red-Rubber-Air-Hose-200x200.jpg 200w, https:\/\/www.jymfg.com\/es\/wp-content\/uploads\/2018\/09\/Red-Rubber-Air-Hose-400x400.jpg 400w, https:\/\/www.jymfg.com\/es\/wp-content\/uploads\/2018\/09\/Red-Rubber-Air-Hose.jpg 600w\" sizes=\"(min-width: 2200px) 100vw, (min-width: 784px) 390px, (min-width: 712px) 585px, (min-width: 640px) 712px, \" \/>\n\t\n\n\t\t<div class=\"fusion-rollover\">\n\t<div class=\"fusion-rollover-content\">\n\n\t\t\t\t\t\t\t\t\t\t\t\t\t\t<a class=\"fusion-rollover-link\" href=\"https:\/\/www.jymfg.com\/es\/producto\/manguera-de-aire-de-goma-roja\/\">MANGUERA DE AIRE DE GOMA ROJA<\/a>\n\t\t\t\n\t\t\t\t\t\t\t\t\n\t\t\t\t\n\t\t\t\t\t\t\t\t\n\t\t\t\t\t\t\t\t\n\t\t\n\t\t\t\t<a class=\"fusion-link-wrapper\" href=\"https:\/\/www.jymfg.com\/es\/producto\/manguera-de-aire-de-goma-roja\/\" aria-label=\"MANGUERA DE AIRE DE GOMA ROJA\"><\/a>\n\t<\/div>\n<\/div>\n\n\t\n<\/div>\n<div class=\"fusion-portfolio-content\" style=\"background-color:rgba(255,255,255,0);\"><h2 class=\"entry-title fusion-post-title\"><a href=\"https:\/\/www.jymfg.com\/es\/producto\/manguera-de-aire-de-goma-roja\/\">MANGUERA DE AIRE DE GOMA ROJA<\/a><\/h2><div class=\"fusion-post-content\"><\/div><\/div><\/div><\/article><article id=\"portfolio-1-post-303\" class=\"fusion-portfolio-post manguera-de-aire fusion-col-spacing post-303\"><div class=\"fusion-portfolio-content-wrapper\" style=\"border:1px solid #ebeaea;border-bottom-width:3px;background-color:rgba(255,255,255,0);\">\n\n<div  class=\"fusion-image-wrapper\" aria-haspopup=\"true\">\n\t\n\t\n\t\t\n\t\t\t\t\t<img loading=\"lazy\" decoding=\"async\" width=\"600\" height=\"600\" src=\"https:\/\/www.jymfg.com\/es\/wp-content\/uploads\/2018\/09\/Jack-Hammer-Hose.jpg\" class=\"attachment-full size-full wp-post-image\" alt=\"Jack Hammer Hose\" srcset=\"https:\/\/www.jymfg.com\/es\/wp-content\/uploads\/2018\/09\/Jack-Hammer-Hose-200x200.jpg 200w, https:\/\/www.jymfg.com\/es\/wp-content\/uploads\/2018\/09\/Jack-Hammer-Hose-400x400.jpg 400w, https:\/\/www.jymfg.com\/es\/wp-content\/uploads\/2018\/09\/Jack-Hammer-Hose.jpg 600w\" sizes=\"(min-width: 2200px) 100vw, (min-width: 784px) 390px, (min-width: 712px) 585px, (min-width: 640px) 712px, \" \/>\n\t\n\n\t\t<div class=\"fusion-rollover\">\n\t<div class=\"fusion-rollover-content\">\n\n\t\t\t\t\t\t\t\t\t\t\t\t\t\t<a class=\"fusion-rollover-link\" href=\"https:\/\/www.jymfg.com\/es\/producto\/manguera-jackhammer\/\">MANGUERA JACKHAMMER<\/a>\n\t\t\t\n\t\t\t\t\t\t\t\t\n\t\t\t\t\n\t\t\t\t\t\t\t\t\n\t\t\t\t\t\t\t\t\n\t\t\n\t\t\t\t<a class=\"fusion-link-wrapper\" href=\"https:\/\/www.jymfg.com\/es\/producto\/manguera-jackhammer\/\" aria-label=\"MANGUERA JACKHAMMER\"><\/a>\n\t<\/div>\n<\/div>\n\n\t\n<\/div>\n<div class=\"fusion-portfolio-content\" style=\"background-color:rgba(255,255,255,0);\"><h2 class=\"entry-title fusion-post-title\"><a href=\"https:\/\/www.jymfg.com\/es\/producto\/manguera-jackhammer\/\">MANGUERA JACKHAMMER<\/a><\/h2><div class=\"fusion-post-content\"><\/div><\/div><\/div><\/article><\/div><\/div><div class=\"fusion-clearfix\"><\/div>\n\n\t\t\t\t\t<\/div>\n\t\t\t\t<\/div><\/div><\/div>\n","protected":false},"excerpt":{"rendered":"","protected":false},"author":1,"featured_media":0,"parent":0,"menu_order":0,"comment_status":"closed","ping_status":"closed","template":"","meta":{"footnotes":""},"class_list":["post-47","page","type-page","status-publish","hentry"],"yoast_head":"<!-- This site is optimized with the Yoast SEO plugin v24.2 - https:\/\/yoast.com\/wordpress\/plugins\/seo\/ -->\n<title>Manguera de aire - JYM<\/title>\n<meta name=\"robots\" content=\"index, follow, max-snippet:-1, max-image-preview:large, max-video-preview:-1\" \/>\n<link rel=\"canonical\" href=\"https:\/\/www.jymfg.com\/es\/manguera-de-aire\/\" \/>\n<meta property=\"og:locale\" content=\"en_US\" \/>\n<meta property=\"og:type\" content=\"article\" \/>\n<meta property=\"og:title\" content=\"Manguera de aire - JYM\" \/>\n<meta property=\"og:url\" content=\"https:\/\/www.jymfg.com\/es\/manguera-de-aire\/\" \/>\n<meta property=\"og:site_name\" content=\"JYM\" \/>\n<meta property=\"article:modified_time\" content=\"2018-09-26T07:39:29+00:00\" \/>\n<meta name=\"twitter:card\" content=\"summary_large_image\" \/>\n<meta name=\"twitter:label1\" content=\"Est. reading time\" \/>\n\t<meta name=\"twitter:data1\" content=\"2 minutes\" \/>\n<script type=\"application\/ld+json\" class=\"yoast-schema-graph\">{\"@context\":\"https:\/\/schema.org\",\"@graph\":[{\"@type\":\"WebPage\",\"@id\":\"https:\/\/www.jymfg.com\/es\/manguera-de-aire\/\",\"url\":\"https:\/\/www.jymfg.com\/es\/manguera-de-aire\/\",\"name\":\"Manguera de aire - JYM\",\"isPartOf\":{\"@id\":\"https:\/\/www.jymfg.com\/es\/#website\"},\"datePublished\":\"2018-09-03T03:24:55+00:00\",\"dateModified\":\"2018-09-26T07:39:29+00:00\",\"breadcrumb\":{\"@id\":\"https:\/\/www.jymfg.com\/es\/manguera-de-aire\/#breadcrumb\"},\"inLanguage\":\"en-US\",\"potentialAction\":[{\"@type\":\"ReadAction\",\"target\":[\"https:\/\/www.jymfg.com\/es\/manguera-de-aire\/\"]}]},{\"@type\":\"BreadcrumbList\",\"@id\":\"https:\/\/www.jymfg.com\/es\/manguera-de-aire\/#breadcrumb\",\"itemListElement\":[{\"@type\":\"ListItem\",\"position\":1,\"name\":\"Home\",\"item\":\"https:\/\/www.jymfg.com\/es\/\"},{\"@type\":\"ListItem\",\"position\":2,\"name\":\"Manguera de aire\"}]},{\"@type\":\"WebSite\",\"@id\":\"https:\/\/www.jymfg.com\/es\/#website\",\"url\":\"https:\/\/www.jymfg.com\/es\/\",\"name\":\"JYM\",\"description\":\"FABRICANTE DE MANGUERAS INDUSTRIALES Y ACOPLAMIENTOS\",\"potentialAction\":[{\"@type\":\"SearchAction\",\"target\":{\"@type\":\"EntryPoint\",\"urlTemplate\":\"https:\/\/www.jymfg.com\/es\/?s={search_term_string}\"},\"query-input\":{\"@type\":\"PropertyValueSpecification\",\"valueRequired\":true,\"valueName\":\"search_term_string\"}}],\"inLanguage\":\"en-US\"}]}<\/script>\n<!-- \/ Yoast SEO plugin. -->","yoast_head_json":{"title":"Manguera de aire - JYM","robots":{"index":"index","follow":"follow","max-snippet":"max-snippet:-1","max-image-preview":"max-image-preview:large","max-video-preview":"max-video-preview:-1"},"canonical":"https:\/\/www.jymfg.com\/es\/manguera-de-aire\/","og_locale":"en_US","og_type":"article","og_title":"Manguera de aire - JYM","og_url":"https:\/\/www.jymfg.com\/es\/manguera-de-aire\/","og_site_name":"JYM","article_modified_time":"2018-09-26T07:39:29+00:00","twitter_card":"summary_large_image","twitter_misc":{"Est. reading time":"2 minutes"},"schema":{"@context":"https:\/\/schema.org","@graph":[{"@type":"WebPage","@id":"https:\/\/www.jymfg.com\/es\/manguera-de-aire\/","url":"https:\/\/www.jymfg.com\/es\/manguera-de-aire\/","name":"Manguera de aire - JYM","isPartOf":{"@id":"https:\/\/www.jymfg.com\/es\/#website"},"datePublished":"2018-09-03T03:24:55+00:00","dateModified":"2018-09-26T07:39:29+00:00","breadcrumb":{"@id":"https:\/\/www.jymfg.com\/es\/manguera-de-aire\/#breadcrumb"},"inLanguage":"en-US","potentialAction":[{"@type":"ReadAction","target":["https:\/\/www.jymfg.com\/es\/manguera-de-aire\/"]}]},{"@type":"BreadcrumbList","@id":"https:\/\/www.jymfg.com\/es\/manguera-de-aire\/#breadcrumb","itemListElement":[{"@type":"ListItem","position":1,"name":"Home","item":"https:\/\/www.jymfg.com\/es\/"},{"@type":"ListItem","position":2,"name":"Manguera de aire"}]},{"@type":"WebSite","@id":"https:\/\/www.jymfg.com\/es\/#website","url":"https:\/\/www.jymfg.com\/es\/","name":"JYM","description":"FABRICANTE DE MANGUERAS INDUSTRIALES Y ACOPLAMIENTOS","potentialAction":[{"@type":"SearchAction","target":{"@type":"EntryPoint","urlTemplate":"https:\/\/www.jymfg.com\/es\/?s={search_term_string}"},"query-input":{"@type":"PropertyValueSpecification","valueRequired":true,"valueName":"search_term_string"}}],"inLanguage":"en-US"}]}},"_links":{"self":[{"href":"https:\/\/www.jymfg.com\/es\/wp-json\/wp\/v2\/pages\/47"}],"collection":[{"href":"https:\/\/www.jymfg.com\/es\/wp-json\/wp\/v2\/pages"}],"about":[{"href":"https:\/\/www.jymfg.com\/es\/wp-json\/wp\/v2\/types\/page"}],"author":[{"embeddable":true,"href":"https:\/\/www.jymfg.com\/es\/wp-json\/wp\/v2\/users\/1"}],"replies":[{"embeddable":true,"href":"https:\/\/www.jymfg.com\/es\/wp-json\/wp\/v2\/comments?post=47"}],"version-history":[{"count":0,"href":"https:\/\/www.jymfg.com\/es\/wp-json\/wp\/v2\/pages\/47\/revisions"}],"wp:attachment":[{"href":"https:\/\/www.jymfg.com\/es\/wp-json\/wp\/v2\/media?parent=47"}],"curies":[{"name":"wp","href":"https:\/\/api.w.org\/{rel}","templated":true}]}}