{"id":51,"date":"2018-09-03T03:25:37","date_gmt":"2018-09-03T03:25:37","guid":{"rendered":"https:\/\/www.jymfg.com\/es\/?page_id=51"},"modified":"2018-09-26T07:37:01","modified_gmt":"2018-09-26T07:37:01","slug":"manguera-de-agua","status":"publish","type":"page","link":"https:\/\/www.jymfg.com\/es\/manguera-de-agua\/","title":{"rendered":"Manguera de agua"},"content":{"rendered":"<div class=\"fusion-fullwidth fullwidth-box fusion-builder-row-1 nonhundred-percent-fullwidth non-hundred-percent-height-scrolling\"  style='background-color: rgba(255,255,255,0);background-position: center center;background-repeat: no-repeat;padding-top:0px;padding-right:0px;padding-bottom:0px;padding-left:0px;margin-top: -33px;'><div class=\"fusion-builder-row fusion-row \"><div  class=\"fusion-layout-column fusion_builder_column fusion_builder_column_1_1 fusion-builder-column-1 fusion-one-full fusion-column-first fusion-column-last 1_1\"  style='margin-top:0px;margin-bottom:20px;'>\n\t\t\t\t\t<div class=\"fusion-column-wrapper\" style=\"padding: 0px 0px 0px 0px;background-position:left top;background-repeat:no-repeat;-webkit-background-size:cover;-moz-background-size:cover;-o-background-size:cover;background-size:cover;\"   data-bg-url=\"\">\n\t\t\t\t\t\t<div class=\"fusion-text\"><h1>Manguera de agua<\/h1>\n<p>Las mangueras de agua de goma est\u00e1n dise\u00f1adas para transportar agua del grifo; agua industrial, alcantarillado, agua de refrigeraci\u00f3n, agua fr\u00eda y caliente para aplicaciones de lavado. Las mangueras est\u00e1n hechas de caucho, PVC, poliuretano, polietileno y reforzadas con trenza o cord\u00f3n textil, con h\u00e9lice de alambre de pl\u00e1stico o acero.<\/p>\n<\/div><style type=\"text\/css\">.fusion-portfolio-wrapper#fusion-portfolio-1 .fusion-portfolio-content{ padding: 25px 25px 25px 25px; text-align: left; }<\/style><div class=\"fusion-recent-works fusion-portfolio-element fusion-portfolio fusion-portfolio-1 fusion-portfolio-grid fusion-portfolio-paging-pagination fusion-portfolio-three fusion-portfolio-boxed fusion-portfolio-text fusion-portfolio-equal-heights fusion-portfolio-rollover\" data-id=\"-rw-1\" data-columns=\"three\"><style type=\"text\/css\">.fusion-portfolio-1 .fusion-portfolio-wrapper .fusion-col-spacing{padding:7.5px;}<\/style><div class=\"fusion-portfolio-wrapper\" id=\"fusion-portfolio-1\" data-picturesize=\"auto\" data-pages=\"1\" style=\"margin:-7.5px;\"><article id=\"portfolio-1-post-365\" class=\"fusion-portfolio-post manguera-de-agua fusion-col-spacing post-365\"><div class=\"fusion-portfolio-content-wrapper\" style=\"border:1px solid #ebeaea;border-bottom-width:3px;background-color:rgba(255,255,255,0);\">\n\n<div  class=\"fusion-image-wrapper\" aria-haspopup=\"true\">\n\t\n\t\n\t\t\n\t\t\t\t\t<img loading=\"lazy\" decoding=\"async\" width=\"900\" height=\"900\" src=\"https:\/\/www.jymfg.com\/es\/wp-content\/uploads\/2018\/09\/WATER-AMZON-20.jpg\" class=\"attachment-full size-full wp-post-image\" alt=\"WATER AMZON 20\" srcset=\"https:\/\/www.jymfg.com\/es\/wp-content\/uploads\/2018\/09\/WATER-AMZON-20-200x200.jpg 200w, https:\/\/www.jymfg.com\/es\/wp-content\/uploads\/2018\/09\/WATER-AMZON-20-400x400.jpg 400w, https:\/\/www.jymfg.com\/es\/wp-content\/uploads\/2018\/09\/WATER-AMZON-20-600x600.jpg 600w, https:\/\/www.jymfg.com\/es\/wp-content\/uploads\/2018\/09\/WATER-AMZON-20-800x800.jpg 800w, https:\/\/www.jymfg.com\/es\/wp-content\/uploads\/2018\/09\/WATER-AMZON-20.jpg 900w\" sizes=\"(min-width: 2200px) 100vw, (min-width: 784px) 390px, (min-width: 712px) 585px, (min-width: 640px) 712px, \" \/>\n\t\n\n\t\t<div class=\"fusion-rollover\">\n\t<div class=\"fusion-rollover-content\">\n\n\t\t\t\t\t\t\t\t\t\t\t\t\t\t<a class=\"fusion-rollover-link\" href=\"https:\/\/www.jymfg.com\/es\/producto\/water-amzon-20-manguera-de-agua-trenzada\/\">WATER AMZON 20 MANGUERA DE AGUA TRENZADA<\/a>\n\t\t\t\n\t\t\t\t\t\t\t\t\n\t\t\t\t\n\t\t\t\t\t\t\t\t\n\t\t\t\t\t\t\t\t\n\t\t\n\t\t\t\t<a class=\"fusion-link-wrapper\" href=\"https:\/\/www.jymfg.com\/es\/producto\/water-amzon-20-manguera-de-agua-trenzada\/\" aria-label=\"WATER AMZON 20 MANGUERA DE AGUA TRENZADA\"><\/a>\n\t<\/div>\n<\/div>\n\n\t\n<\/div>\n<div class=\"fusion-portfolio-content\" style=\"background-color:rgba(255,255,255,0);\"><h2 class=\"entry-title fusion-post-title\"><a href=\"https:\/\/www.jymfg.com\/es\/producto\/water-amzon-20-manguera-de-agua-trenzada\/\">WATER AMZON 20 MANGUERA DE AGUA TRENZADA<\/a><\/h2><div class=\"fusion-post-content\"><\/div><\/div><\/div><\/article><article id=\"portfolio-1-post-367\" class=\"fusion-portfolio-post manguera-de-agua fusion-col-spacing post-367\"><div class=\"fusion-portfolio-content-wrapper\" style=\"border:1px solid #ebeaea;border-bottom-width:3px;background-color:rgba(255,255,255,0);\">\n\n<div  class=\"fusion-image-wrapper\" aria-haspopup=\"true\">\n\t\n\t\n\t\t\n\t\t\t\t\t<img loading=\"lazy\" decoding=\"async\" width=\"600\" height=\"600\" src=\"https:\/\/www.jymfg.com\/es\/wp-content\/uploads\/2018\/09\/Water-Amzon-20-rubber-hose.jpg\" class=\"attachment-full size-full wp-post-image\" alt=\"Water Amzon 20 rubber hose\" srcset=\"https:\/\/www.jymfg.com\/es\/wp-content\/uploads\/2018\/09\/Water-Amzon-20-rubber-hose-200x200.jpg 200w, https:\/\/www.jymfg.com\/es\/wp-content\/uploads\/2018\/09\/Water-Amzon-20-rubber-hose-400x400.jpg 400w, https:\/\/www.jymfg.com\/es\/wp-content\/uploads\/2018\/09\/Water-Amzon-20-rubber-hose.jpg 600w\" sizes=\"(min-width: 2200px) 100vw, (min-width: 784px) 390px, (min-width: 712px) 585px, (min-width: 640px) 712px, \" \/>\n\t\n\n\t\t<div class=\"fusion-rollover\">\n\t<div class=\"fusion-rollover-content\">\n\n\t\t\t\t\t\t\t\t\t\t\t\t\t\t<a class=\"fusion-rollover-link\" href=\"https:\/\/www.jymfg.com\/es\/producto\/water-amzon-20-manguera-textil\/\">WATER AMZON 20 MANGUERA TEXTIL<\/a>\n\t\t\t\n\t\t\t\t\t\t\t\t\n\t\t\t\t\n\t\t\t\t\t\t\t\t\n\t\t\t\t\t\t\t\t\n\t\t\n\t\t\t\t<a class=\"fusion-link-wrapper\" href=\"https:\/\/www.jymfg.com\/es\/producto\/water-amzon-20-manguera-textil\/\" aria-label=\"WATER AMZON 20 MANGUERA TEXTIL\"><\/a>\n\t<\/div>\n<\/div>\n\n\t\n<\/div>\n<div class=\"fusion-portfolio-content\" style=\"background-color:rgba(255,255,255,0);\"><h2 class=\"entry-title fusion-post-title\"><a href=\"https:\/\/www.jymfg.com\/es\/producto\/water-amzon-20-manguera-textil\/\">WATER AMZON 20 MANGUERA TEXTIL<\/a><\/h2><div class=\"fusion-post-content\"><\/div><\/div><\/div><\/article><article id=\"portfolio-1-post-357\" class=\"fusion-portfolio-post manguera-de-agua productos-destacados fusion-col-spacing post-357\"><div class=\"fusion-portfolio-content-wrapper\" style=\"border:1px solid #ebeaea;border-bottom-width:3px;background-color:rgba(255,255,255,0);\">\n\n<div  class=\"fusion-image-wrapper\" aria-haspopup=\"true\">\n\t\n\t\n\t\t\n\t\t\t\t\t<img loading=\"lazy\" decoding=\"async\" width=\"600\" height=\"600\" src=\"https:\/\/www.jymfg.com\/es\/wp-content\/uploads\/2018\/09\/Water-Suction-and-Delivery-Hose.jpg\" class=\"attachment-full size-full wp-post-image\" alt=\"Water Suction and Delivery Hose\" srcset=\"https:\/\/www.jymfg.com\/es\/wp-content\/uploads\/2018\/09\/Water-Suction-and-Delivery-Hose-200x200.jpg 200w, https:\/\/www.jymfg.com\/es\/wp-content\/uploads\/2018\/09\/Water-Suction-and-Delivery-Hose-400x400.jpg 400w, https:\/\/www.jymfg.com\/es\/wp-content\/uploads\/2018\/09\/Water-Suction-and-Delivery-Hose.jpg 600w\" sizes=\"(min-width: 2200px) 100vw, (min-width: 784px) 390px, (min-width: 712px) 585px, (min-width: 640px) 712px, \" \/>\n\t\n\n\t\t<div class=\"fusion-rollover\">\n\t<div class=\"fusion-rollover-content\">\n\n\t\t\t\t\t\t\t\t\t\t\t\t\t\t<a class=\"fusion-rollover-link\" href=\"https:\/\/www.jymfg.com\/es\/producto\/manguera-para-succion-y-descarga-de-agua\/\">MANGUERA PARA SUCCI\u00d3N Y DESCARGA DE AGUA<\/a>\n\t\t\t\n\t\t\t\t\t\t\t\t\n\t\t\t\t\n\t\t\t\t\t\t\t\t\n\t\t\t\t\t\t\t\t\n\t\t\n\t\t\t\t<a class=\"fusion-link-wrapper\" href=\"https:\/\/www.jymfg.com\/es\/producto\/manguera-para-succion-y-descarga-de-agua\/\" aria-label=\"MANGUERA PARA SUCCI\u00d3N Y DESCARGA DE AGUA\"><\/a>\n\t<\/div>\n<\/div>\n\n\t\n<\/div>\n<div class=\"fusion-portfolio-content\" style=\"background-color:rgba(255,255,255,0);\"><h2 class=\"entry-title fusion-post-title\"><a href=\"https:\/\/www.jymfg.com\/es\/producto\/manguera-para-succion-y-descarga-de-agua\/\">MANGUERA PARA SUCCI\u00d3N Y DESCARGA DE AGUA<\/a><\/h2><div class=\"fusion-post-content\"><\/div><\/div><\/div><\/article><article id=\"portfolio-1-post-361\" class=\"fusion-portfolio-post manguera-de-agua fusion-col-spacing post-361\"><div class=\"fusion-portfolio-content-wrapper\" style=\"border:1px solid #ebeaea;border-bottom-width:3px;background-color:rgba(255,255,255,0);\">\n\n<div  class=\"fusion-image-wrapper\" aria-haspopup=\"true\">\n\t\n\t\n\t\t\n\t\t\t\t\t<img loading=\"lazy\" decoding=\"async\" width=\"600\" height=\"600\" src=\"https:\/\/www.jymfg.com\/es\/wp-content\/uploads\/2018\/09\/Water-Venice-10-Rubber-Water-Delivery-Hose.jpg\" class=\"attachment-full size-full wp-post-image\" alt=\"Water Venice 10 Rubber Water Delivery Hose\" srcset=\"https:\/\/www.jymfg.com\/es\/wp-content\/uploads\/2018\/09\/Water-Venice-10-Rubber-Water-Delivery-Hose-200x200.jpg 200w, https:\/\/www.jymfg.com\/es\/wp-content\/uploads\/2018\/09\/Water-Venice-10-Rubber-Water-Delivery-Hose-400x400.jpg 400w, https:\/\/www.jymfg.com\/es\/wp-content\/uploads\/2018\/09\/Water-Venice-10-Rubber-Water-Delivery-Hose.jpg 600w\" sizes=\"(min-width: 2200px) 100vw, (min-width: 784px) 390px, (min-width: 712px) 585px, (min-width: 640px) 712px, \" \/>\n\t\n\n\t\t<div class=\"fusion-rollover\">\n\t<div class=\"fusion-rollover-content\">\n\n\t\t\t\t\t\t\t\t\t\t\t\t\t\t<a class=\"fusion-rollover-link\" href=\"https:\/\/www.jymfg.com\/es\/producto\/water-venice-10-manguera-de-entrega-de-goma\/\">WATER VENICE 10 MANGUERA DE ENTREGA DE GOMA<\/a>\n\t\t\t\n\t\t\t\t\t\t\t\t\n\t\t\t\t\n\t\t\t\t\t\t\t\t\n\t\t\t\t\t\t\t\t\n\t\t\n\t\t\t\t<a class=\"fusion-link-wrapper\" href=\"https:\/\/www.jymfg.com\/es\/producto\/water-venice-10-manguera-de-entrega-de-goma\/\" aria-label=\"WATER VENICE 10 MANGUERA DE ENTREGA DE GOMA\"><\/a>\n\t<\/div>\n<\/div>\n\n\t\n<\/div>\n<div class=\"fusion-portfolio-content\" style=\"background-color:rgba(255,255,255,0);\"><h2 class=\"entry-title fusion-post-title\"><a href=\"https:\/\/www.jymfg.com\/es\/producto\/water-venice-10-manguera-de-entrega-de-goma\/\">WATER VENICE 10 MANGUERA DE ENTREGA DE GOMA<\/a><\/h2><div class=\"fusion-post-content\"><\/div><\/div><\/div><\/article><article id=\"portfolio-1-post-363\" class=\"fusion-portfolio-post manguera-de-agua fusion-col-spacing post-363\"><div class=\"fusion-portfolio-content-wrapper\" style=\"border:1px solid #ebeaea;border-bottom-width:3px;background-color:rgba(255,255,255,0);\">\n\n<div  class=\"fusion-image-wrapper\" aria-haspopup=\"true\">\n\t\n\t\n\t\t\n\t\t\t\t\t<img loading=\"lazy\" decoding=\"async\" width=\"600\" height=\"600\" src=\"https:\/\/www.jymfg.com\/es\/wp-content\/uploads\/2018\/09\/Water-Venice-20-Rubber-Water-Delivery-Hose.jpg\" class=\"attachment-full size-full wp-post-image\" alt=\"Water Venice 20 Rubber Water Delivery Hose\" srcset=\"https:\/\/www.jymfg.com\/es\/wp-content\/uploads\/2018\/09\/Water-Venice-20-Rubber-Water-Delivery-Hose-200x200.jpg 200w, https:\/\/www.jymfg.com\/es\/wp-content\/uploads\/2018\/09\/Water-Venice-20-Rubber-Water-Delivery-Hose-400x400.jpg 400w, https:\/\/www.jymfg.com\/es\/wp-content\/uploads\/2018\/09\/Water-Venice-20-Rubber-Water-Delivery-Hose.jpg 600w\" sizes=\"(min-width: 2200px) 100vw, (min-width: 784px) 390px, (min-width: 712px) 585px, (min-width: 640px) 712px, \" \/>\n\t\n\n\t\t<div class=\"fusion-rollover\">\n\t<div class=\"fusion-rollover-content\">\n\n\t\t\t\t\t\t\t\t\t\t\t\t\t\t<a class=\"fusion-rollover-link\" href=\"https:\/\/www.jymfg.com\/es\/producto\/water-venice-20-manguera-de-caucho-de-entrega\/\">WATER VENICE 20 MANGUERA DE CAUCHO DE ENTREGA<\/a>\n\t\t\t\n\t\t\t\t\t\t\t\t\n\t\t\t\t\n\t\t\t\t\t\t\t\t\n\t\t\t\t\t\t\t\t\n\t\t\n\t\t\t\t<a class=\"fusion-link-wrapper\" href=\"https:\/\/www.jymfg.com\/es\/producto\/water-venice-20-manguera-de-caucho-de-entrega\/\" aria-label=\"WATER VENICE 20 MANGUERA DE CAUCHO DE ENTREGA\"><\/a>\n\t<\/div>\n<\/div>\n\n\t\n<\/div>\n<div class=\"fusion-portfolio-content\" style=\"background-color:rgba(255,255,255,0);\"><h2 class=\"entry-title fusion-post-title\"><a href=\"https:\/\/www.jymfg.com\/es\/producto\/water-venice-20-manguera-de-caucho-de-entrega\/\">WATER VENICE 20 MANGUERA DE CAUCHO DE ENTREGA<\/a><\/h2><div class=\"fusion-post-content\"><\/div><\/div><\/div><\/article><article id=\"portfolio-1-post-369\" class=\"fusion-portfolio-post manguera-de-agua fusion-col-spacing post-369\"><div class=\"fusion-portfolio-content-wrapper\" style=\"border:1px solid #ebeaea;border-bottom-width:3px;background-color:rgba(255,255,255,0);\">\n\n<div  class=\"fusion-image-wrapper\" aria-haspopup=\"true\">\n\t\n\t\n\t\t\n\t\t\t\t\t<img loading=\"lazy\" decoding=\"async\" width=\"600\" height=\"600\" src=\"https:\/\/www.jymfg.com\/es\/wp-content\/uploads\/2018\/09\/Water-Snake-10-Corrugated-Water-and-Suction-Delivery-Hose.jpg\" class=\"attachment-full size-full wp-post-image\" alt=\"Water Snake 10-Corrugated Water and Suction Delivery Hose\" srcset=\"https:\/\/www.jymfg.com\/es\/wp-content\/uploads\/2018\/09\/Water-Snake-10-Corrugated-Water-and-Suction-Delivery-Hose-200x200.jpg 200w, https:\/\/www.jymfg.com\/es\/wp-content\/uploads\/2018\/09\/Water-Snake-10-Corrugated-Water-and-Suction-Delivery-Hose-400x400.jpg 400w, https:\/\/www.jymfg.com\/es\/wp-content\/uploads\/2018\/09\/Water-Snake-10-Corrugated-Water-and-Suction-Delivery-Hose.jpg 600w\" sizes=\"(min-width: 2200px) 100vw, (min-width: 784px) 390px, (min-width: 712px) 585px, (min-width: 640px) 712px, \" \/>\n\t\n\n\t\t<div class=\"fusion-rollover\">\n\t<div class=\"fusion-rollover-content\">\n\n\t\t\t\t\t\t\t\t\t\t\t\t\t\t<a class=\"fusion-rollover-link\" href=\"https:\/\/www.jymfg.com\/es\/producto\/water-snake-10-manguera-de-succion-y-entrega-de-agua-corrugada\/\">WATER SNAKE 10 MANGUERA DE SUCCI\u00d3N Y ENTREGA DE AGUA CORRUGADA<\/a>\n\t\t\t\n\t\t\t\t\t\t\t\t\n\t\t\t\t\n\t\t\t\t\t\t\t\t\n\t\t\t\t\t\t\t\t\n\t\t\n\t\t\t\t<a class=\"fusion-link-wrapper\" href=\"https:\/\/www.jymfg.com\/es\/producto\/water-snake-10-manguera-de-succion-y-entrega-de-agua-corrugada\/\" aria-label=\"WATER SNAKE 10 MANGUERA DE SUCCI\u00d3N Y ENTREGA DE AGUA CORRUGADA\"><\/a>\n\t<\/div>\n<\/div>\n\n\t\n<\/div>\n<div class=\"fusion-portfolio-content\" style=\"background-color:rgba(255,255,255,0);\"><h2 class=\"entry-title fusion-post-title\"><a href=\"https:\/\/www.jymfg.com\/es\/producto\/water-snake-10-manguera-de-succion-y-entrega-de-agua-corrugada\/\">WATER SNAKE 10 MANGUERA DE SUCCI\u00d3N Y ENTREGA DE AGUA CORRUGADA<\/a><\/h2><div class=\"fusion-post-content\"><\/div><\/div><\/div><\/article><\/div><\/div><div class=\"fusion-clearfix\"><\/div>\n\n\t\t\t\t\t<\/div>\n\t\t\t\t<\/div><\/div><\/div>\n","protected":false},"excerpt":{"rendered":"","protected":false},"author":1,"featured_media":0,"parent":0,"menu_order":0,"comment_status":"closed","ping_status":"closed","template":"","meta":{"footnotes":""},"class_list":["post-51","page","type-page","status-publish","hentry"],"yoast_head":"<!-- This site is optimized with the Yoast SEO plugin v24.2 - https:\/\/yoast.com\/wordpress\/plugins\/seo\/ -->\n<title>Manguera de agua - JYM<\/title>\n<meta name=\"robots\" content=\"index, follow, max-snippet:-1, max-image-preview:large, max-video-preview:-1\" \/>\n<link rel=\"canonical\" href=\"https:\/\/www.jymfg.com\/es\/manguera-de-agua\/\" \/>\n<meta property=\"og:locale\" content=\"en_US\" \/>\n<meta property=\"og:type\" content=\"article\" \/>\n<meta property=\"og:title\" content=\"Manguera de agua - JYM\" \/>\n<meta property=\"og:url\" content=\"https:\/\/www.jymfg.com\/es\/manguera-de-agua\/\" \/>\n<meta property=\"og:site_name\" content=\"JYM\" \/>\n<meta property=\"article:modified_time\" content=\"2018-09-26T07:37:01+00:00\" \/>\n<meta name=\"twitter:card\" content=\"summary_large_image\" \/>\n<meta name=\"twitter:label1\" content=\"Est. reading time\" \/>\n\t<meta name=\"twitter:data1\" content=\"2 minutes\" \/>\n<script type=\"application\/ld+json\" class=\"yoast-schema-graph\">{\"@context\":\"https:\/\/schema.org\",\"@graph\":[{\"@type\":\"WebPage\",\"@id\":\"https:\/\/www.jymfg.com\/es\/manguera-de-agua\/\",\"url\":\"https:\/\/www.jymfg.com\/es\/manguera-de-agua\/\",\"name\":\"Manguera de agua - JYM\",\"isPartOf\":{\"@id\":\"https:\/\/www.jymfg.com\/es\/#website\"},\"datePublished\":\"2018-09-03T03:25:37+00:00\",\"dateModified\":\"2018-09-26T07:37:01+00:00\",\"breadcrumb\":{\"@id\":\"https:\/\/www.jymfg.com\/es\/manguera-de-agua\/#breadcrumb\"},\"inLanguage\":\"en-US\",\"potentialAction\":[{\"@type\":\"ReadAction\",\"target\":[\"https:\/\/www.jymfg.com\/es\/manguera-de-agua\/\"]}]},{\"@type\":\"BreadcrumbList\",\"@id\":\"https:\/\/www.jymfg.com\/es\/manguera-de-agua\/#breadcrumb\",\"itemListElement\":[{\"@type\":\"ListItem\",\"position\":1,\"name\":\"Home\",\"item\":\"https:\/\/www.jymfg.com\/es\/\"},{\"@type\":\"ListItem\",\"position\":2,\"name\":\"Manguera de agua\"}]},{\"@type\":\"WebSite\",\"@id\":\"https:\/\/www.jymfg.com\/es\/#website\",\"url\":\"https:\/\/www.jymfg.com\/es\/\",\"name\":\"JYM\",\"description\":\"FABRICANTE DE MANGUERAS INDUSTRIALES Y ACOPLAMIENTOS\",\"potentialAction\":[{\"@type\":\"SearchAction\",\"target\":{\"@type\":\"EntryPoint\",\"urlTemplate\":\"https:\/\/www.jymfg.com\/es\/?s={search_term_string}\"},\"query-input\":{\"@type\":\"PropertyValueSpecification\",\"valueRequired\":true,\"valueName\":\"search_term_string\"}}],\"inLanguage\":\"en-US\"}]}<\/script>\n<!-- \/ Yoast SEO plugin. -->","yoast_head_json":{"title":"Manguera de agua - JYM","robots":{"index":"index","follow":"follow","max-snippet":"max-snippet:-1","max-image-preview":"max-image-preview:large","max-video-preview":"max-video-preview:-1"},"canonical":"https:\/\/www.jymfg.com\/es\/manguera-de-agua\/","og_locale":"en_US","og_type":"article","og_title":"Manguera de agua - JYM","og_url":"https:\/\/www.jymfg.com\/es\/manguera-de-agua\/","og_site_name":"JYM","article_modified_time":"2018-09-26T07:37:01+00:00","twitter_card":"summary_large_image","twitter_misc":{"Est. reading time":"2 minutes"},"schema":{"@context":"https:\/\/schema.org","@graph":[{"@type":"WebPage","@id":"https:\/\/www.jymfg.com\/es\/manguera-de-agua\/","url":"https:\/\/www.jymfg.com\/es\/manguera-de-agua\/","name":"Manguera de agua - JYM","isPartOf":{"@id":"https:\/\/www.jymfg.com\/es\/#website"},"datePublished":"2018-09-03T03:25:37+00:00","dateModified":"2018-09-26T07:37:01+00:00","breadcrumb":{"@id":"https:\/\/www.jymfg.com\/es\/manguera-de-agua\/#breadcrumb"},"inLanguage":"en-US","potentialAction":[{"@type":"ReadAction","target":["https:\/\/www.jymfg.com\/es\/manguera-de-agua\/"]}]},{"@type":"BreadcrumbList","@id":"https:\/\/www.jymfg.com\/es\/manguera-de-agua\/#breadcrumb","itemListElement":[{"@type":"ListItem","position":1,"name":"Home","item":"https:\/\/www.jymfg.com\/es\/"},{"@type":"ListItem","position":2,"name":"Manguera de agua"}]},{"@type":"WebSite","@id":"https:\/\/www.jymfg.com\/es\/#website","url":"https:\/\/www.jymfg.com\/es\/","name":"JYM","description":"FABRICANTE DE MANGUERAS INDUSTRIALES Y ACOPLAMIENTOS","potentialAction":[{"@type":"SearchAction","target":{"@type":"EntryPoint","urlTemplate":"https:\/\/www.jymfg.com\/es\/?s={search_term_string}"},"query-input":{"@type":"PropertyValueSpecification","valueRequired":true,"valueName":"search_term_string"}}],"inLanguage":"en-US"}]}},"_links":{"self":[{"href":"https:\/\/www.jymfg.com\/es\/wp-json\/wp\/v2\/pages\/51"}],"collection":[{"href":"https:\/\/www.jymfg.com\/es\/wp-json\/wp\/v2\/pages"}],"about":[{"href":"https:\/\/www.jymfg.com\/es\/wp-json\/wp\/v2\/types\/page"}],"author":[{"embeddable":true,"href":"https:\/\/www.jymfg.com\/es\/wp-json\/wp\/v2\/users\/1"}],"replies":[{"embeddable":true,"href":"https:\/\/www.jymfg.com\/es\/wp-json\/wp\/v2\/comments?post=51"}],"version-history":[{"count":0,"href":"https:\/\/www.jymfg.com\/es\/wp-json\/wp\/v2\/pages\/51\/revisions"}],"wp:attachment":[{"href":"https:\/\/www.jymfg.com\/es\/wp-json\/wp\/v2\/media?parent=51"}],"curies":[{"name":"wp","href":"https:\/\/api.w.org\/{rel}","templated":true}]}}