{"id":125,"date":"2020-08-31T01:58:50","date_gmt":"2020-08-31T01:58:50","guid":{"rendered":"https:\/\/www.jymfg.com\/pt\/?page_id=125"},"modified":"2020-09-18T03:15:43","modified_gmt":"2020-09-18T03:15:43","slug":"mangueira-oleo-de-borracha","status":"publish","type":"page","link":"https:\/\/www.jymfg.com\/pt\/mangueira-oleo-de-borracha\/","title":{"rendered":"Mangueira \u00f3leo de borracha"},"content":{"rendered":"<div class=\"fusion-fullwidth fullwidth-box fusion-builder-row-1 nonhundred-percent-fullwidth non-hundred-percent-height-scrolling fusion-equal-height-columns\"  style='background-color: rgba(255,255,255,0);background-position: center center;background-repeat: no-repeat;padding-top:0px;padding-right:0px;padding-bottom:0px;padding-left:0px;margin-top: -33px;'><div class=\"fusion-builder-row fusion-row \"><div  class=\"fusion-layout-column fusion_builder_column fusion_builder_column_1_1 fusion-builder-column-1 fusion-one-full fusion-column-first fusion-column-last 1_1\"  style='margin-top:30px;margin-bottom:20px;'>\n\t\t\t\t\t<div class=\"fusion-column-wrapper\" style=\"padding: 0px 0px 0px 0px;background-position:left top;background-repeat:no-repeat;-webkit-background-size:cover;-moz-background-size:cover;-o-background-size:cover;background-size:cover;\"   data-bg-url=\"\">\n\t\t\t\t\t\t<div class=\"fusion-text\"><p>Mangueira \u00f3leo borracha tamb\u00e9m chamada de mangueira de \u00f3leo combust\u00edvel de borracha, mangueira de \u00f3leo refor\u00e7ada flex\u00edvel, tubo de combust\u00edvel refor\u00e7ado, linha de tubo de \u00f3leo combust\u00edvel. \u00c9 adequado para o transporte de gasolina, querosene, \u00f3leo de motor e \u00f3leo lubrificante ou outro \u00f3leo mineral em m\u00e1quinas industriais e de minera\u00e7\u00e3o, dep\u00f3sitos de \u00f3leo, terminais em temperaturas normais.<\/p>\n<\/div><style type=\"text\/css\">.fusion-portfolio-wrapper#fusion-portfolio-1 .fusion-portfolio-content{ padding: 25px 25px 25px 25px; text-align: left; }<\/style><div class=\"fusion-recent-works fusion-portfolio-element fusion-portfolio fusion-portfolio-1 fusion-portfolio-grid fusion-portfolio-paging-none fusion-portfolio-three fusion-portfolio-boxed fusion-portfolio-text fusion-portfolio-equal-heights fusion-portfolio-rollover\" data-id=\"-rw-1\" data-columns=\"three\"><style type=\"text\/css\">.fusion-portfolio-1 .fusion-portfolio-wrapper .fusion-col-spacing{padding:7.5px;}<\/style><div class=\"fusion-portfolio-wrapper\" id=\"fusion-portfolio-1\" data-picturesize=\"auto\" data-pages=\"1\" style=\"margin:-7.5px;\"><article id=\"portfolio-1-post-317\" class=\"fusion-portfolio-post mangueira-oleo-borracha fusion-col-spacing post-317\"><div class=\"fusion-portfolio-content-wrapper\" style=\"border:1px solid #ebeaea;border-bottom-width:3px;background-color:rgba(235,234,234,1);\">\n\n<div  class=\"fusion-image-wrapper\" aria-haspopup=\"true\">\n\t\n\t\n\t\t\n\t\t\t\t\t<img loading=\"lazy\" decoding=\"async\" width=\"600\" height=\"600\" src=\"https:\/\/www.jymfg.com\/pt\/wp-content\/uploads\/2020\/09\/EVAN-20-Rubber-Oil-Delivery-Hose.jpg\" class=\"attachment-full size-full wp-post-image\" alt=\"\" srcset=\"https:\/\/www.jymfg.com\/pt\/wp-content\/uploads\/2020\/09\/EVAN-20-Rubber-Oil-Delivery-Hose-200x200.jpg 200w, https:\/\/www.jymfg.com\/pt\/wp-content\/uploads\/2020\/09\/EVAN-20-Rubber-Oil-Delivery-Hose-400x400.jpg 400w, https:\/\/www.jymfg.com\/pt\/wp-content\/uploads\/2020\/09\/EVAN-20-Rubber-Oil-Delivery-Hose.jpg 600w\" sizes=\"(min-width: 2200px) 100vw, (min-width: 784px) 390px, (min-width: 712px) 585px, (min-width: 640px) 712px, \" \/>\n\t\n\n\t\t<div class=\"fusion-rollover\">\n\t<div class=\"fusion-rollover-content\">\n\n\t\t\t\t\t\t\t\t\t\t\t\t\t\t<a class=\"fusion-rollover-link\" href=\"https:\/\/www.jymfg.com\/pt\/produto\/mangueira-entrega-oleo-borracha-jym-evan-20\/\">Mangueira entrega \u00f3leo borracha JYM EVAN 20<\/a>\n\t\t\t\n\t\t\t\t\t\t\t\t\n\t\t\t\t\n\t\t\t\t\t\t\t\t\n\t\t\t\t\t\t\t\t\n\t\t\n\t\t\t\t<a class=\"fusion-link-wrapper\" href=\"https:\/\/www.jymfg.com\/pt\/produto\/mangueira-entrega-oleo-borracha-jym-evan-20\/\" aria-label=\"Mangueira entrega \u00f3leo borracha JYM EVAN 20\"><\/a>\n\t<\/div>\n<\/div>\n\n\t\n<\/div>\n<div class=\"fusion-portfolio-content\" style=\"background-color:rgba(235,234,234,1);\"><h2 class=\"entry-title fusion-post-title\"><a href=\"https:\/\/www.jymfg.com\/pt\/produto\/mangueira-entrega-oleo-borracha-jym-evan-20\/\">Mangueira entrega \u00f3leo borracha JYM EVAN 20<\/a><\/h2><div class=\"fusion-post-content\"><\/div><\/div><\/div><\/article><article id=\"portfolio-1-post-311\" class=\"fusion-portfolio-post mangueira-oleo-borracha fusion-col-spacing post-311\"><div class=\"fusion-portfolio-content-wrapper\" style=\"border:1px solid #ebeaea;border-bottom-width:3px;background-color:rgba(235,234,234,1);\">\n\n<div  class=\"fusion-image-wrapper\" aria-haspopup=\"true\">\n\t\n\t\n\t\t\n\t\t\t\t\t<img loading=\"lazy\" decoding=\"async\" width=\"600\" height=\"600\" src=\"https:\/\/www.jymfg.com\/pt\/wp-content\/uploads\/2020\/09\/Siberia-20-Frost-Resistant-Oil-Hose.jpg\" class=\"attachment-full size-full wp-post-image\" alt=\"\" srcset=\"https:\/\/www.jymfg.com\/pt\/wp-content\/uploads\/2020\/09\/Siberia-20-Frost-Resistant-Oil-Hose-200x200.jpg 200w, https:\/\/www.jymfg.com\/pt\/wp-content\/uploads\/2020\/09\/Siberia-20-Frost-Resistant-Oil-Hose-400x400.jpg 400w, https:\/\/www.jymfg.com\/pt\/wp-content\/uploads\/2020\/09\/Siberia-20-Frost-Resistant-Oil-Hose.jpg 600w\" sizes=\"(min-width: 2200px) 100vw, (min-width: 784px) 390px, (min-width: 712px) 585px, (min-width: 640px) 712px, \" \/>\n\t\n\n\t\t<div class=\"fusion-rollover\">\n\t<div class=\"fusion-rollover-content\">\n\n\t\t\t\t\t\t\t\t\t\t\t\t\t\t<a class=\"fusion-rollover-link\" href=\"https:\/\/www.jymfg.com\/pt\/produto\/mangueira-de-oleo-resistente-ao-gelo-jym-siberia-20\/\">Mangueira de \u00f3leo resistente ao gelo JYM Siberia 20<\/a>\n\t\t\t\n\t\t\t\t\t\t\t\t\n\t\t\t\t\n\t\t\t\t\t\t\t\t\n\t\t\t\t\t\t\t\t\n\t\t\n\t\t\t\t<a class=\"fusion-link-wrapper\" href=\"https:\/\/www.jymfg.com\/pt\/produto\/mangueira-de-oleo-resistente-ao-gelo-jym-siberia-20\/\" aria-label=\"Mangueira de \u00f3leo resistente ao gelo JYM Siberia 20\"><\/a>\n\t<\/div>\n<\/div>\n\n\t\n<\/div>\n<div class=\"fusion-portfolio-content\" style=\"background-color:rgba(235,234,234,1);\"><h2 class=\"entry-title fusion-post-title\"><a href=\"https:\/\/www.jymfg.com\/pt\/produto\/mangueira-de-oleo-resistente-ao-gelo-jym-siberia-20\/\">Mangueira de \u00f3leo resistente ao gelo JYM Siberia 20<\/a><\/h2><div class=\"fusion-post-content\"><\/div><\/div><\/div><\/article><article id=\"portfolio-1-post-305\" class=\"fusion-portfolio-post mangueira-oleo-borracha fusion-col-spacing post-305\"><div class=\"fusion-portfolio-content-wrapper\" style=\"border:1px solid #ebeaea;border-bottom-width:3px;background-color:rgba(235,234,234,1);\">\n\n<div  class=\"fusion-image-wrapper\" aria-haspopup=\"true\">\n\t\n\t\n\t\t\n\t\t\t\t\t<img loading=\"lazy\" decoding=\"async\" width=\"600\" height=\"600\" src=\"https:\/\/www.jymfg.com\/pt\/wp-content\/uploads\/2020\/09\/FUEL-OIL-Soft-Rubber-Hose2.jpg\" class=\"attachment-full size-full wp-post-image\" alt=\"\" srcset=\"https:\/\/www.jymfg.com\/pt\/wp-content\/uploads\/2020\/09\/FUEL-OIL-Soft-Rubber-Hose2-200x200.jpg 200w, https:\/\/www.jymfg.com\/pt\/wp-content\/uploads\/2020\/09\/FUEL-OIL-Soft-Rubber-Hose2-400x400.jpg 400w, https:\/\/www.jymfg.com\/pt\/wp-content\/uploads\/2020\/09\/FUEL-OIL-Soft-Rubber-Hose2.jpg 600w\" sizes=\"(min-width: 2200px) 100vw, (min-width: 784px) 390px, (min-width: 712px) 585px, (min-width: 640px) 712px, \" \/>\n\t\n\n\t\t<div class=\"fusion-rollover\">\n\t<div class=\"fusion-rollover-content\">\n\n\t\t\t\t\t\t\t\t\t\t\t\t\t\t<a class=\"fusion-rollover-link\" href=\"https:\/\/www.jymfg.com\/pt\/produto\/oleo-combustivel-mangueira-borracha\/\">\u00d3LEO COMBUST\u00cdVEL Mangueira borracha<\/a>\n\t\t\t\n\t\t\t\t\t\t\t\t\n\t\t\t\t\n\t\t\t\t\t\t\t\t\n\t\t\t\t\t\t\t\t\n\t\t\n\t\t\t\t<a class=\"fusion-link-wrapper\" href=\"https:\/\/www.jymfg.com\/pt\/produto\/oleo-combustivel-mangueira-borracha\/\" aria-label=\"\u00d3LEO COMBUST\u00cdVEL Mangueira borracha\"><\/a>\n\t<\/div>\n<\/div>\n\n\t\n<\/div>\n<div class=\"fusion-portfolio-content\" style=\"background-color:rgba(235,234,234,1);\"><h2 class=\"entry-title fusion-post-title\"><a href=\"https:\/\/www.jymfg.com\/pt\/produto\/oleo-combustivel-mangueira-borracha\/\">\u00d3LEO COMBUST\u00cdVEL Mangueira borracha<\/a><\/h2><div class=\"fusion-post-content\"><\/div><\/div><\/div><\/article><article id=\"portfolio-1-post-301\" class=\"fusion-portfolio-post mangueira-oleo-borracha fusion-col-spacing post-301\"><div class=\"fusion-portfolio-content-wrapper\" style=\"border:1px solid #ebeaea;border-bottom-width:3px;background-color:rgba(235,234,234,1);\">\n\n<div  class=\"fusion-image-wrapper\" aria-haspopup=\"true\">\n\t\n\t\n\t\t\n\t\t\t\t\t<img loading=\"lazy\" decoding=\"async\" width=\"500\" height=\"500\" src=\"https:\/\/www.jymfg.com\/pt\/wp-content\/uploads\/2020\/09\/sd-dock-hose.jpg\" class=\"attachment-full size-full wp-post-image\" alt=\"\" srcset=\"https:\/\/www.jymfg.com\/pt\/wp-content\/uploads\/2020\/09\/sd-dock-hose-200x200.jpg 200w, https:\/\/www.jymfg.com\/pt\/wp-content\/uploads\/2020\/09\/sd-dock-hose-400x400.jpg 400w, https:\/\/www.jymfg.com\/pt\/wp-content\/uploads\/2020\/09\/sd-dock-hose.jpg 500w\" sizes=\"(min-width: 2200px) 100vw, (min-width: 784px) 390px, (min-width: 712px) 585px, (min-width: 640px) 712px, \" \/>\n\t\n\n\t\t<div class=\"fusion-rollover\">\n\t<div class=\"fusion-rollover-content\">\n\n\t\t\t\t\t\t\t\t\t\t\t\t\t\t<a class=\"fusion-rollover-link\" href=\"https:\/\/www.jymfg.com\/pt\/produto\/mangueira-doca-succao-e-descarga-para-servico-pesado\/\">Mangueira doca suc\u00e7\u00e3o e descarga para servi\u00e7o pesado<\/a>\n\t\t\t\n\t\t\t\t\t\t\t\t\n\t\t\t\t\n\t\t\t\t\t\t\t\t\n\t\t\t\t\t\t\t\t\n\t\t\n\t\t\t\t<a class=\"fusion-link-wrapper\" href=\"https:\/\/www.jymfg.com\/pt\/produto\/mangueira-doca-succao-e-descarga-para-servico-pesado\/\" aria-label=\"Mangueira doca suc\u00e7\u00e3o e descarga para servi\u00e7o pesado\"><\/a>\n\t<\/div>\n<\/div>\n\n\t\n<\/div>\n<div class=\"fusion-portfolio-content\" style=\"background-color:rgba(235,234,234,1);\"><h2 class=\"entry-title fusion-post-title\"><a href=\"https:\/\/www.jymfg.com\/pt\/produto\/mangueira-doca-succao-e-descarga-para-servico-pesado\/\">Mangueira doca suc\u00e7\u00e3o e descarga para servi\u00e7o pesado<\/a><\/h2><div class=\"fusion-post-content\"><\/div><\/div><\/div><\/article><\/div><\/div><div class=\"fusion-clearfix\"><\/div>\n\n\t\t\t\t\t<\/div>\n\t\t\t\t<\/div><\/div><\/div>\n","protected":false},"excerpt":{"rendered":"","protected":false},"author":1,"featured_media":0,"parent":0,"menu_order":0,"comment_status":"closed","ping_status":"closed","template":"","meta":{"footnotes":""},"class_list":["post-125","page","type-page","status-publish","hentry"],"yoast_head":"<!-- This site is optimized with the Yoast SEO plugin v23.8 - https:\/\/yoast.com\/wordpress\/plugins\/seo\/ -->\n<title>Mangueira \u00f3leo de borracha - JYM<\/title>\n<meta name=\"robots\" content=\"index, follow, max-snippet:-1, max-image-preview:large, max-video-preview:-1\" \/>\n<link rel=\"canonical\" href=\"https:\/\/www.jymfg.com\/pt\/mangueira-oleo-de-borracha\/\" \/>\n<meta property=\"og:locale\" content=\"en_US\" \/>\n<meta property=\"og:type\" content=\"article\" \/>\n<meta property=\"og:title\" content=\"Mangueira \u00f3leo de borracha - JYM\" \/>\n<meta property=\"og:url\" content=\"https:\/\/www.jymfg.com\/pt\/mangueira-oleo-de-borracha\/\" \/>\n<meta property=\"og:site_name\" content=\"JYM\" \/>\n<meta property=\"article:modified_time\" content=\"2020-09-18T03:15:43+00:00\" \/>\n<meta name=\"twitter:card\" content=\"summary_large_image\" \/>\n<meta name=\"twitter:label1\" content=\"Est. reading time\" \/>\n\t<meta name=\"twitter:data1\" content=\"3 minutes\" \/>\n<script type=\"application\/ld+json\" class=\"yoast-schema-graph\">{\"@context\":\"https:\/\/schema.org\",\"@graph\":[{\"@type\":\"WebPage\",\"@id\":\"https:\/\/www.jymfg.com\/pt\/mangueira-oleo-de-borracha\/\",\"url\":\"https:\/\/www.jymfg.com\/pt\/mangueira-oleo-de-borracha\/\",\"name\":\"Mangueira \u00f3leo de borracha - JYM\",\"isPartOf\":{\"@id\":\"https:\/\/www.jymfg.com\/pt\/#website\"},\"datePublished\":\"2020-08-31T01:58:50+00:00\",\"dateModified\":\"2020-09-18T03:15:43+00:00\",\"breadcrumb\":{\"@id\":\"https:\/\/www.jymfg.com\/pt\/mangueira-oleo-de-borracha\/#breadcrumb\"},\"inLanguage\":\"en-US\",\"potentialAction\":[{\"@type\":\"ReadAction\",\"target\":[\"https:\/\/www.jymfg.com\/pt\/mangueira-oleo-de-borracha\/\"]}]},{\"@type\":\"BreadcrumbList\",\"@id\":\"https:\/\/www.jymfg.com\/pt\/mangueira-oleo-de-borracha\/#breadcrumb\",\"itemListElement\":[{\"@type\":\"ListItem\",\"position\":1,\"name\":\"Home\",\"item\":\"https:\/\/www.jymfg.com\/pt\/\"},{\"@type\":\"ListItem\",\"position\":2,\"name\":\"Mangueira \u00f3leo de borracha\"}]},{\"@type\":\"WebSite\",\"@id\":\"https:\/\/www.jymfg.com\/pt\/#website\",\"url\":\"https:\/\/www.jymfg.com\/pt\/\",\"name\":\"JYM\",\"description\":\"\",\"potentialAction\":[{\"@type\":\"SearchAction\",\"target\":{\"@type\":\"EntryPoint\",\"urlTemplate\":\"https:\/\/www.jymfg.com\/pt\/?s={search_term_string}\"},\"query-input\":{\"@type\":\"PropertyValueSpecification\",\"valueRequired\":true,\"valueName\":\"search_term_string\"}}],\"inLanguage\":\"en-US\"}]}<\/script>\n<!-- \/ Yoast SEO plugin. -->","yoast_head_json":{"title":"Mangueira \u00f3leo de borracha - JYM","robots":{"index":"index","follow":"follow","max-snippet":"max-snippet:-1","max-image-preview":"max-image-preview:large","max-video-preview":"max-video-preview:-1"},"canonical":"https:\/\/www.jymfg.com\/pt\/mangueira-oleo-de-borracha\/","og_locale":"en_US","og_type":"article","og_title":"Mangueira \u00f3leo de borracha - JYM","og_url":"https:\/\/www.jymfg.com\/pt\/mangueira-oleo-de-borracha\/","og_site_name":"JYM","article_modified_time":"2020-09-18T03:15:43+00:00","twitter_card":"summary_large_image","twitter_misc":{"Est. reading time":"3 minutes"},"schema":{"@context":"https:\/\/schema.org","@graph":[{"@type":"WebPage","@id":"https:\/\/www.jymfg.com\/pt\/mangueira-oleo-de-borracha\/","url":"https:\/\/www.jymfg.com\/pt\/mangueira-oleo-de-borracha\/","name":"Mangueira \u00f3leo de borracha - JYM","isPartOf":{"@id":"https:\/\/www.jymfg.com\/pt\/#website"},"datePublished":"2020-08-31T01:58:50+00:00","dateModified":"2020-09-18T03:15:43+00:00","breadcrumb":{"@id":"https:\/\/www.jymfg.com\/pt\/mangueira-oleo-de-borracha\/#breadcrumb"},"inLanguage":"en-US","potentialAction":[{"@type":"ReadAction","target":["https:\/\/www.jymfg.com\/pt\/mangueira-oleo-de-borracha\/"]}]},{"@type":"BreadcrumbList","@id":"https:\/\/www.jymfg.com\/pt\/mangueira-oleo-de-borracha\/#breadcrumb","itemListElement":[{"@type":"ListItem","position":1,"name":"Home","item":"https:\/\/www.jymfg.com\/pt\/"},{"@type":"ListItem","position":2,"name":"Mangueira \u00f3leo de borracha"}]},{"@type":"WebSite","@id":"https:\/\/www.jymfg.com\/pt\/#website","url":"https:\/\/www.jymfg.com\/pt\/","name":"JYM","description":"","potentialAction":[{"@type":"SearchAction","target":{"@type":"EntryPoint","urlTemplate":"https:\/\/www.jymfg.com\/pt\/?s={search_term_string}"},"query-input":{"@type":"PropertyValueSpecification","valueRequired":true,"valueName":"search_term_string"}}],"inLanguage":"en-US"}]}},"_links":{"self":[{"href":"https:\/\/www.jymfg.com\/pt\/wp-json\/wp\/v2\/pages\/125"}],"collection":[{"href":"https:\/\/www.jymfg.com\/pt\/wp-json\/wp\/v2\/pages"}],"about":[{"href":"https:\/\/www.jymfg.com\/pt\/wp-json\/wp\/v2\/types\/page"}],"author":[{"embeddable":true,"href":"https:\/\/www.jymfg.com\/pt\/wp-json\/wp\/v2\/users\/1"}],"replies":[{"embeddable":true,"href":"https:\/\/www.jymfg.com\/pt\/wp-json\/wp\/v2\/comments?post=125"}],"version-history":[{"count":1,"href":"https:\/\/www.jymfg.com\/pt\/wp-json\/wp\/v2\/pages\/125\/revisions"}],"predecessor-version":[{"id":556,"href":"https:\/\/www.jymfg.com\/pt\/wp-json\/wp\/v2\/pages\/125\/revisions\/556"}],"wp:attachment":[{"href":"https:\/\/www.jymfg.com\/pt\/wp-json\/wp\/v2\/media?parent=125"}],"curies":[{"name":"wp","href":"https:\/\/api.w.org\/{rel}","templated":true}]}}