{"id":131,"date":"2020-08-31T02:00:09","date_gmt":"2020-08-31T02:00:09","guid":{"rendered":"https:\/\/www.jymfg.com\/pt\/?page_id=131"},"modified":"2020-09-18T03:20:46","modified_gmt":"2020-09-18T03:20:46","slug":"mangueira-grau-alimenticio","status":"publish","type":"page","link":"https:\/\/www.jymfg.com\/pt\/mangueira-grau-alimenticio\/","title":{"rendered":"Mangueira grau aliment\u00edcio"},"content":{"rendered":"<div class=\"fusion-fullwidth fullwidth-box fusion-builder-row-1 nonhundred-percent-fullwidth non-hundred-percent-height-scrolling fusion-equal-height-columns\"  style='background-color: rgba(255,255,255,0);background-position: center center;background-repeat: no-repeat;padding-top:0px;padding-right:0px;padding-bottom:0px;padding-left:0px;margin-top: -33px;'><div class=\"fusion-builder-row fusion-row \"><div  class=\"fusion-layout-column fusion_builder_column fusion_builder_column_1_1 fusion-builder-column-1 fusion-one-full fusion-column-first fusion-column-last 1_1\"  style='margin-top:30px;margin-bottom:20px;'>\n\t\t\t\t\t<div class=\"fusion-column-wrapper\" style=\"padding: 0px 0px 0px 0px;background-position:left top;background-repeat:no-repeat;-webkit-background-size:cover;-moz-background-size:cover;-o-background-size:cover;background-size:cover;\"   data-bg-url=\"\">\n\t\t\t\t\t\t<div class=\"fusion-text\"><p>As mangueiras borracha grau aliment\u00edcio s\u00e3o projetadas para transportar uma ampla variedade de fluidos sem transmitir odor ou sabor e s\u00e3o projetadas especificamente para suc\u00e7\u00e3o sanit\u00e1ria e aplica\u00e7\u00e3o de descarga. Exige flexibilidade e robustez com um tubo branco limpo de grau FDA. O tubo de nitrila de boa qualidade \u00e9 inodoro e ins\u00edpido para as aplica\u00e7\u00f5es de transfer\u00eancia oleosa. Excelente para aplica\u00e7\u00f5es de descarga.<\/p>\n<\/div><style type=\"text\/css\">.fusion-portfolio-wrapper#fusion-portfolio-1 .fusion-portfolio-content{ padding: 25px 25px 25px 25px; text-align: left; }<\/style><div class=\"fusion-recent-works fusion-portfolio-element fusion-portfolio fusion-portfolio-1 fusion-portfolio-grid fusion-portfolio-paging-none fusion-portfolio-three fusion-portfolio-boxed fusion-portfolio-text fusion-portfolio-equal-heights fusion-portfolio-rollover\" data-id=\"-rw-1\" data-columns=\"three\"><style type=\"text\/css\">.fusion-portfolio-1 .fusion-portfolio-wrapper .fusion-col-spacing{padding:7.5px;}<\/style><div class=\"fusion-portfolio-wrapper\" id=\"fusion-portfolio-1\" data-picturesize=\"auto\" data-pages=\"1\" style=\"margin:-7.5px;\"><article id=\"portfolio-1-post-371\" class=\"fusion-portfolio-post mangueira-grau-alimenticio fusion-col-spacing post-371\"><div class=\"fusion-portfolio-content-wrapper\" style=\"border:1px solid #ebeaea;border-bottom-width:3px;background-color:rgba(235,234,234,1);\">\n\n<div  class=\"fusion-image-wrapper\" aria-haspopup=\"true\">\n\t\n\t\n\t\t\n\t\t\t\t\t<img loading=\"lazy\" decoding=\"async\" width=\"600\" height=\"600\" src=\"https:\/\/www.jymfg.com\/pt\/wp-content\/uploads\/2020\/09\/Food-Suction-And-Discharge-Hose-1.jpg\" class=\"attachment-full size-full wp-post-image\" alt=\"\" srcset=\"https:\/\/www.jymfg.com\/pt\/wp-content\/uploads\/2020\/09\/Food-Suction-And-Discharge-Hose-1-200x200.jpg 200w, https:\/\/www.jymfg.com\/pt\/wp-content\/uploads\/2020\/09\/Food-Suction-And-Discharge-Hose-1-400x400.jpg 400w, https:\/\/www.jymfg.com\/pt\/wp-content\/uploads\/2020\/09\/Food-Suction-And-Discharge-Hose-1.jpg 600w\" sizes=\"(min-width: 2200px) 100vw, (min-width: 784px) 390px, (min-width: 712px) 585px, (min-width: 640px) 712px, \" \/>\n\t\n\n\t\t<div class=\"fusion-rollover\">\n\t<div class=\"fusion-rollover-content\">\n\n\t\t\t\t\t\t\t\t\t\t\t\t\t\t<a class=\"fusion-rollover-link\" href=\"https:\/\/www.jymfg.com\/pt\/produto\/mangueira-succao-e-descarga-alimentos\/\">Mangueira suc\u00e7\u00e3o e descarga alimentos<\/a>\n\t\t\t\n\t\t\t\t\t\t\t\t\n\t\t\t\t\n\t\t\t\t\t\t\t\t\n\t\t\t\t\t\t\t\t\n\t\t\n\t\t\t\t<a class=\"fusion-link-wrapper\" href=\"https:\/\/www.jymfg.com\/pt\/produto\/mangueira-succao-e-descarga-alimentos\/\" aria-label=\"Mangueira suc\u00e7\u00e3o e descarga alimentos\"><\/a>\n\t<\/div>\n<\/div>\n\n\t\n<\/div>\n<div class=\"fusion-portfolio-content\" style=\"background-color:rgba(235,234,234,1);\"><h2 class=\"entry-title fusion-post-title\"><a href=\"https:\/\/www.jymfg.com\/pt\/produto\/mangueira-succao-e-descarga-alimentos\/\">Mangueira suc\u00e7\u00e3o e descarga alimentos<\/a><\/h2><div class=\"fusion-post-content\"><\/div><\/div><\/div><\/article><article id=\"portfolio-1-post-367\" class=\"fusion-portfolio-post mangueira-grau-alimenticio fusion-col-spacing post-367\"><div class=\"fusion-portfolio-content-wrapper\" style=\"border:1px solid #ebeaea;border-bottom-width:3px;background-color:rgba(235,234,234,1);\">\n\n<div  class=\"fusion-image-wrapper\" aria-haspopup=\"true\">\n\t\n\t\n\t\t\n\t\t\t\t\t<img loading=\"lazy\" decoding=\"async\" width=\"600\" height=\"600\" src=\"https:\/\/www.jymfg.com\/pt\/wp-content\/uploads\/2020\/09\/UHMWPE-Food-Grade-Hose-1.jpg\" class=\"attachment-full size-full wp-post-image\" alt=\"\" srcset=\"https:\/\/www.jymfg.com\/pt\/wp-content\/uploads\/2020\/09\/UHMWPE-Food-Grade-Hose-1-200x200.jpg 200w, https:\/\/www.jymfg.com\/pt\/wp-content\/uploads\/2020\/09\/UHMWPE-Food-Grade-Hose-1-400x400.jpg 400w, https:\/\/www.jymfg.com\/pt\/wp-content\/uploads\/2020\/09\/UHMWPE-Food-Grade-Hose-1.jpg 600w\" sizes=\"(min-width: 2200px) 100vw, (min-width: 784px) 390px, (min-width: 712px) 585px, (min-width: 640px) 712px, \" \/>\n\t\n\n\t\t<div class=\"fusion-rollover\">\n\t<div class=\"fusion-rollover-content\">\n\n\t\t\t\t\t\t\t\t\t\t\t\t\t\t<a class=\"fusion-rollover-link\" href=\"https:\/\/www.jymfg.com\/pt\/produto\/mangueira-grau-alimenticio-uhmwpe\/\">Mangueira grau aliment\u00edcio UHMWPE<\/a>\n\t\t\t\n\t\t\t\t\t\t\t\t\n\t\t\t\t\n\t\t\t\t\t\t\t\t\n\t\t\t\t\t\t\t\t\n\t\t\n\t\t\t\t<a class=\"fusion-link-wrapper\" href=\"https:\/\/www.jymfg.com\/pt\/produto\/mangueira-grau-alimenticio-uhmwpe\/\" aria-label=\"Mangueira grau aliment\u00edcio UHMWPE\"><\/a>\n\t<\/div>\n<\/div>\n\n\t\n<\/div>\n<div class=\"fusion-portfolio-content\" style=\"background-color:rgba(235,234,234,1);\"><h2 class=\"entry-title fusion-post-title\"><a href=\"https:\/\/www.jymfg.com\/pt\/produto\/mangueira-grau-alimenticio-uhmwpe\/\">Mangueira grau aliment\u00edcio UHMWPE<\/a><\/h2><div class=\"fusion-post-content\"><\/div><\/div><\/div><\/article><article id=\"portfolio-1-post-363\" class=\"fusion-portfolio-post mangueira-grau-alimenticio fusion-col-spacing post-363\"><div class=\"fusion-portfolio-content-wrapper\" style=\"border:1px solid #ebeaea;border-bottom-width:3px;background-color:rgba(235,234,234,1);\">\n\n<div  class=\"fusion-image-wrapper\" aria-haspopup=\"true\">\n\t\n\t\n\t\t\n\t\t\t\t\t<img loading=\"lazy\" decoding=\"async\" width=\"600\" height=\"600\" src=\"https:\/\/www.jymfg.com\/pt\/wp-content\/uploads\/2020\/09\/JYM-FOOD-DISCHARGE-HOSE.jpg\" class=\"attachment-full size-full wp-post-image\" alt=\"\" srcset=\"https:\/\/www.jymfg.com\/pt\/wp-content\/uploads\/2020\/09\/JYM-FOOD-DISCHARGE-HOSE-200x200.jpg 200w, https:\/\/www.jymfg.com\/pt\/wp-content\/uploads\/2020\/09\/JYM-FOOD-DISCHARGE-HOSE-400x400.jpg 400w, https:\/\/www.jymfg.com\/pt\/wp-content\/uploads\/2020\/09\/JYM-FOOD-DISCHARGE-HOSE.jpg 600w\" sizes=\"(min-width: 2200px) 100vw, (min-width: 784px) 390px, (min-width: 712px) 585px, (min-width: 640px) 712px, \" \/>\n\t\n\n\t\t<div class=\"fusion-rollover\">\n\t<div class=\"fusion-rollover-content\">\n\n\t\t\t\t\t\t\t\t\t\t\t\t\t\t<a class=\"fusion-rollover-link\" href=\"https:\/\/www.jymfg.com\/pt\/produto\/mangueira-descarga-alimentos-alimentos-nao-gordurosos-mandril\/\">Mangueira descarga alimentos (alimentos n\u00e3o gordurosos, mandril)<\/a>\n\t\t\t\n\t\t\t\t\t\t\t\t\n\t\t\t\t\n\t\t\t\t\t\t\t\t\n\t\t\t\t\t\t\t\t\n\t\t\n\t\t\t\t<a class=\"fusion-link-wrapper\" href=\"https:\/\/www.jymfg.com\/pt\/produto\/mangueira-descarga-alimentos-alimentos-nao-gordurosos-mandril\/\" aria-label=\"Mangueira descarga alimentos (alimentos n\u00e3o gordurosos, mandril)\"><\/a>\n\t<\/div>\n<\/div>\n\n\t\n<\/div>\n<div class=\"fusion-portfolio-content\" style=\"background-color:rgba(235,234,234,1);\"><h2 class=\"entry-title fusion-post-title\"><a href=\"https:\/\/www.jymfg.com\/pt\/produto\/mangueira-descarga-alimentos-alimentos-nao-gordurosos-mandril\/\">Mangueira descarga alimentos (alimentos n\u00e3o gordurosos, mandril)<\/a><\/h2><div class=\"fusion-post-content\"><\/div><\/div><\/div><\/article><article id=\"portfolio-1-post-358\" class=\"fusion-portfolio-post mangueira-grau-alimenticio fusion-col-spacing post-358\"><div class=\"fusion-portfolio-content-wrapper\" style=\"border:1px solid #ebeaea;border-bottom-width:3px;background-color:rgba(235,234,234,1);\">\n\n<div  class=\"fusion-image-wrapper\" aria-haspopup=\"true\">\n\t\n\t\n\t\t\n\t\t\t\t\t<img loading=\"lazy\" decoding=\"async\" width=\"600\" height=\"600\" src=\"https:\/\/www.jymfg.com\/pt\/wp-content\/uploads\/2020\/09\/Food-Suction-And-Discharge-Hose-1.jpg\" class=\"attachment-full size-full wp-post-image\" alt=\"\" srcset=\"https:\/\/www.jymfg.com\/pt\/wp-content\/uploads\/2020\/09\/Food-Suction-And-Discharge-Hose-1-200x200.jpg 200w, https:\/\/www.jymfg.com\/pt\/wp-content\/uploads\/2020\/09\/Food-Suction-And-Discharge-Hose-1-400x400.jpg 400w, https:\/\/www.jymfg.com\/pt\/wp-content\/uploads\/2020\/09\/Food-Suction-And-Discharge-Hose-1.jpg 600w\" sizes=\"(min-width: 2200px) 100vw, (min-width: 784px) 390px, (min-width: 712px) 585px, (min-width: 640px) 712px, \" \/>\n\t\n\n\t\t<div class=\"fusion-rollover\">\n\t<div class=\"fusion-rollover-content\">\n\n\t\t\t\t\t\t\t\t\t\t\t\t\t\t<a class=\"fusion-rollover-link\" href=\"https:\/\/www.jymfg.com\/pt\/produto\/mangueira-succao-e-descarga-de-alimentos-alimentos-nao-gordurosos-mandril\/\">Mangueira suc\u00e7\u00e3o e descarga de alimentos (alimentos n\u00e3o gordurosos, mandril)<\/a>\n\t\t\t\n\t\t\t\t\t\t\t\t\n\t\t\t\t\n\t\t\t\t\t\t\t\t\n\t\t\t\t\t\t\t\t\n\t\t\n\t\t\t\t<a class=\"fusion-link-wrapper\" href=\"https:\/\/www.jymfg.com\/pt\/produto\/mangueira-succao-e-descarga-de-alimentos-alimentos-nao-gordurosos-mandril\/\" aria-label=\"Mangueira suc\u00e7\u00e3o e descarga de alimentos (alimentos n\u00e3o gordurosos, mandril)\"><\/a>\n\t<\/div>\n<\/div>\n\n\t\n<\/div>\n<div class=\"fusion-portfolio-content\" style=\"background-color:rgba(235,234,234,1);\"><h2 class=\"entry-title fusion-post-title\"><a href=\"https:\/\/www.jymfg.com\/pt\/produto\/mangueira-succao-e-descarga-de-alimentos-alimentos-nao-gordurosos-mandril\/\">Mangueira suc\u00e7\u00e3o e descarga de alimentos (alimentos n\u00e3o gordurosos, mandril)<\/a><\/h2><div class=\"fusion-post-content\"><\/div><\/div><\/div><\/article><\/div><\/div><div class=\"fusion-clearfix\"><\/div>\n\n\t\t\t\t\t<\/div>\n\t\t\t\t<\/div><\/div><\/div>\n","protected":false},"excerpt":{"rendered":"","protected":false},"author":1,"featured_media":0,"parent":0,"menu_order":0,"comment_status":"closed","ping_status":"closed","template":"","meta":{"footnotes":""},"class_list":["post-131","page","type-page","status-publish","hentry"],"yoast_head":"<!-- This site is optimized with the Yoast SEO plugin v23.8 - https:\/\/yoast.com\/wordpress\/plugins\/seo\/ -->\n<title>Mangueira grau aliment\u00edcio - JYM<\/title>\n<meta name=\"robots\" content=\"index, follow, max-snippet:-1, max-image-preview:large, max-video-preview:-1\" \/>\n<link rel=\"canonical\" href=\"https:\/\/www.jymfg.com\/pt\/mangueira-grau-alimenticio\/\" \/>\n<meta property=\"og:locale\" content=\"en_US\" \/>\n<meta property=\"og:type\" content=\"article\" \/>\n<meta property=\"og:title\" content=\"Mangueira grau aliment\u00edcio - JYM\" \/>\n<meta property=\"og:url\" content=\"https:\/\/www.jymfg.com\/pt\/mangueira-grau-alimenticio\/\" \/>\n<meta property=\"og:site_name\" content=\"JYM\" \/>\n<meta property=\"article:modified_time\" content=\"2020-09-18T03:20:46+00:00\" \/>\n<meta name=\"twitter:card\" content=\"summary_large_image\" \/>\n<meta name=\"twitter:label1\" content=\"Est. reading time\" \/>\n\t<meta name=\"twitter:data1\" content=\"3 minutes\" \/>\n<script type=\"application\/ld+json\" class=\"yoast-schema-graph\">{\"@context\":\"https:\/\/schema.org\",\"@graph\":[{\"@type\":\"WebPage\",\"@id\":\"https:\/\/www.jymfg.com\/pt\/mangueira-grau-alimenticio\/\",\"url\":\"https:\/\/www.jymfg.com\/pt\/mangueira-grau-alimenticio\/\",\"name\":\"Mangueira grau aliment\u00edcio - JYM\",\"isPartOf\":{\"@id\":\"https:\/\/www.jymfg.com\/pt\/#website\"},\"datePublished\":\"2020-08-31T02:00:09+00:00\",\"dateModified\":\"2020-09-18T03:20:46+00:00\",\"breadcrumb\":{\"@id\":\"https:\/\/www.jymfg.com\/pt\/mangueira-grau-alimenticio\/#breadcrumb\"},\"inLanguage\":\"en-US\",\"potentialAction\":[{\"@type\":\"ReadAction\",\"target\":[\"https:\/\/www.jymfg.com\/pt\/mangueira-grau-alimenticio\/\"]}]},{\"@type\":\"BreadcrumbList\",\"@id\":\"https:\/\/www.jymfg.com\/pt\/mangueira-grau-alimenticio\/#breadcrumb\",\"itemListElement\":[{\"@type\":\"ListItem\",\"position\":1,\"name\":\"Home\",\"item\":\"https:\/\/www.jymfg.com\/pt\/\"},{\"@type\":\"ListItem\",\"position\":2,\"name\":\"Mangueira grau aliment\u00edcio\"}]},{\"@type\":\"WebSite\",\"@id\":\"https:\/\/www.jymfg.com\/pt\/#website\",\"url\":\"https:\/\/www.jymfg.com\/pt\/\",\"name\":\"JYM\",\"description\":\"\",\"potentialAction\":[{\"@type\":\"SearchAction\",\"target\":{\"@type\":\"EntryPoint\",\"urlTemplate\":\"https:\/\/www.jymfg.com\/pt\/?s={search_term_string}\"},\"query-input\":{\"@type\":\"PropertyValueSpecification\",\"valueRequired\":true,\"valueName\":\"search_term_string\"}}],\"inLanguage\":\"en-US\"}]}<\/script>\n<!-- \/ Yoast SEO plugin. -->","yoast_head_json":{"title":"Mangueira grau aliment\u00edcio - JYM","robots":{"index":"index","follow":"follow","max-snippet":"max-snippet:-1","max-image-preview":"max-image-preview:large","max-video-preview":"max-video-preview:-1"},"canonical":"https:\/\/www.jymfg.com\/pt\/mangueira-grau-alimenticio\/","og_locale":"en_US","og_type":"article","og_title":"Mangueira grau aliment\u00edcio - JYM","og_url":"https:\/\/www.jymfg.com\/pt\/mangueira-grau-alimenticio\/","og_site_name":"JYM","article_modified_time":"2020-09-18T03:20:46+00:00","twitter_card":"summary_large_image","twitter_misc":{"Est. reading time":"3 minutes"},"schema":{"@context":"https:\/\/schema.org","@graph":[{"@type":"WebPage","@id":"https:\/\/www.jymfg.com\/pt\/mangueira-grau-alimenticio\/","url":"https:\/\/www.jymfg.com\/pt\/mangueira-grau-alimenticio\/","name":"Mangueira grau aliment\u00edcio - JYM","isPartOf":{"@id":"https:\/\/www.jymfg.com\/pt\/#website"},"datePublished":"2020-08-31T02:00:09+00:00","dateModified":"2020-09-18T03:20:46+00:00","breadcrumb":{"@id":"https:\/\/www.jymfg.com\/pt\/mangueira-grau-alimenticio\/#breadcrumb"},"inLanguage":"en-US","potentialAction":[{"@type":"ReadAction","target":["https:\/\/www.jymfg.com\/pt\/mangueira-grau-alimenticio\/"]}]},{"@type":"BreadcrumbList","@id":"https:\/\/www.jymfg.com\/pt\/mangueira-grau-alimenticio\/#breadcrumb","itemListElement":[{"@type":"ListItem","position":1,"name":"Home","item":"https:\/\/www.jymfg.com\/pt\/"},{"@type":"ListItem","position":2,"name":"Mangueira grau aliment\u00edcio"}]},{"@type":"WebSite","@id":"https:\/\/www.jymfg.com\/pt\/#website","url":"https:\/\/www.jymfg.com\/pt\/","name":"JYM","description":"","potentialAction":[{"@type":"SearchAction","target":{"@type":"EntryPoint","urlTemplate":"https:\/\/www.jymfg.com\/pt\/?s={search_term_string}"},"query-input":{"@type":"PropertyValueSpecification","valueRequired":true,"valueName":"search_term_string"}}],"inLanguage":"en-US"}]}},"_links":{"self":[{"href":"https:\/\/www.jymfg.com\/pt\/wp-json\/wp\/v2\/pages\/131"}],"collection":[{"href":"https:\/\/www.jymfg.com\/pt\/wp-json\/wp\/v2\/pages"}],"about":[{"href":"https:\/\/www.jymfg.com\/pt\/wp-json\/wp\/v2\/types\/page"}],"author":[{"embeddable":true,"href":"https:\/\/www.jymfg.com\/pt\/wp-json\/wp\/v2\/users\/1"}],"replies":[{"embeddable":true,"href":"https:\/\/www.jymfg.com\/pt\/wp-json\/wp\/v2\/comments?post=131"}],"version-history":[{"count":1,"href":"https:\/\/www.jymfg.com\/pt\/wp-json\/wp\/v2\/pages\/131\/revisions"}],"predecessor-version":[{"id":563,"href":"https:\/\/www.jymfg.com\/pt\/wp-json\/wp\/v2\/pages\/131\/revisions\/563"}],"wp:attachment":[{"href":"https:\/\/www.jymfg.com\/pt\/wp-json\/wp\/v2\/media?parent=131"}],"curies":[{"name":"wp","href":"https:\/\/api.w.org\/{rel}","templated":true}]}}