{"id":47,"date":"2020-08-21T08:17:55","date_gmt":"2020-08-21T08:17:55","guid":{"rendered":"https:\/\/www.jymfg.com\/pt\/?page_id=47"},"modified":"2020-08-31T07:28:57","modified_gmt":"2020-08-31T07:28:57","slug":"noticia","status":"publish","type":"page","link":"https:\/\/www.jymfg.com\/pt\/noticia\/","title":{"rendered":"NOT\u00cdCIA"},"content":{"rendered":"<div class=\"fusion-fullwidth fullwidth-box fusion-builder-row-1 nonhundred-percent-fullwidth non-hundred-percent-height-scrolling\"  style='background-color: rgba(255,255,255,0);background-position: center center;background-repeat: no-repeat;padding-top:0px;padding-right:0px;padding-bottom:0px;padding-left:0px;'><div class=\"fusion-builder-row fusion-row \"><div  class=\"fusion-layout-column fusion_builder_column fusion_builder_column_1_1 fusion-builder-column-1 fusion-one-full fusion-column-first fusion-column-last 1_1\"  style='margin-top:0px;margin-bottom:20px;'>\n\t\t\t\t\t<div class=\"fusion-column-wrapper\" style=\"padding: 0px 0px 0px 0px;background-position:left top;background-repeat:no-repeat;-webkit-background-size:cover;-moz-background-size:cover;-o-background-size:cover;background-size:cover;\"   data-bg-url=\"\">\n\t\t\t\t\t\t<div class=\"fusion-blog-shortcode fusion-blog-shortcode-1 fusion-blog-archive fusion-blog-layout-medium fusion-blog-no\"><div class=\"fusion-posts-container fusion-posts-container-no fusion-no-meta-info fusion-blog-rollover\" data-pages=\"1\"><article id=\"blog-1-post-634\" class=\"fusion-post-medium post-634 post type-post status-publish format-standard has-post-thumbnail hentry category-noticia\">\n\t<style type=\"text\/css\">\n\t\t\n\t\t\n\t\t\n\t\t\n\t\t\t<\/style>\n\n\n\t\t\t<div class=\"fusion-flexslider flexslider fusion-flexslider-loading fusion-post-slideshow\" style=\"\">\n\t\t<ul class=\"slides\">\n\t\t\t\n\t\t\t\t\t\t\t\t\t\t\t\t\t\t<li>\n\n<div  class=\"fusion-image-wrapper fusion-image-size-fixed\" aria-haspopup=\"true\">\n\t\n\t\n\t\t\n\t\t\t\t\t<img loading=\"lazy\" decoding=\"async\" width=\"320\" height=\"202\" src=\"https:\/\/www.jymfg.com\/pt\/wp-content\/uploads\/2022\/11\/clear-textile-reinforced-hose-4-320x202.jpg\" class=\"attachment-blog-medium size-blog-medium wp-post-image\" alt=\"\" \/>\n\t\n\n\t\t<div class=\"fusion-rollover\">\n\t<div class=\"fusion-rollover-content\">\n\n\t\t\t\t\t\t\t\t\t\t\t\t\t\t<a class=\"fusion-rollover-link\" href=\"https:\/\/www.jymfg.com\/pt\/mangueira-de-fibra-de-pvc-jym\/\">Mangueira de fibra de PVC JYM\u00ae<\/a>\n\t\t\t\n\t\t\t\t\t\t\t\t\n\t\t\t\t\n\t\t\t\t\t\t\t\t\n\t\t\t\t\t\t\t\t\n\t\t\n\t\t\t\t<a class=\"fusion-link-wrapper\" href=\"https:\/\/www.jymfg.com\/pt\/mangueira-de-fibra-de-pvc-jym\/\" aria-label=\"Mangueira de fibra de PVC JYM\u00ae\"><\/a>\n\t<\/div>\n<\/div>\n\n\t\n<\/div>\n<\/li>\n\t\t\t\n\t\t\t\n\t\t\t\t\t\t\t\t\t\t\t\t\t\t\t\t\t\t\t\t\t\t\t\t\t\t\t\t\t\t\t\t\t\t\t\t\t\t\t\t\t\t\t\t\t\t\t\t\t\t\t\t\t\t\t\t\t\t\t\t\t\t\t\t\t\t\t\t<\/ul>\n\t<\/div>\n\t<div class=\"fusion-post-content post-content\"><h2 class=\"blog-shortcode-post-title entry-title\"><a href=\"https:\/\/www.jymfg.com\/pt\/mangueira-de-fibra-de-pvc-jym\/\">Mangueira de fibra de PVC JYM\u00ae<\/a><\/h2><div class=\"fusion-post-content-container\"><p>Para a constru\u00e7\u00e3o civil, caracter\u00edsticas como resist\u00eancia \u00e0 quebra, empenamento, fogo e meio ambiente s\u00e3o muito importantes. Os compostos flex\u00edveis de PVC s\u00e3o usados \u200b\u200bpara juntas de janelas, rodap\u00e9s, tampas de juntas, etc. Para as ind\u00fastrias automobil\u00edstica e mar\u00edtima, a [...]<\/p><\/div><\/div><div class=\"fusion-clearfix\"><\/div><\/article>\n<article id=\"blog-1-post-630\" class=\"fusion-post-medium post-630 post type-post status-publish format-standard has-post-thumbnail hentry category-noticia\">\n\t<style type=\"text\/css\">\n\t\t\n\t\t\n\t\t\n\t\t\n\t\t\t<\/style>\n\n\n\t\t\t<div class=\"fusion-flexslider flexslider fusion-flexslider-loading fusion-post-slideshow\" style=\"\">\n\t\t<ul class=\"slides\">\n\t\t\t\n\t\t\t\t\t\t\t\t\t\t\t\t\t\t<li>\n\n<div  class=\"fusion-image-wrapper fusion-image-size-fixed\" aria-haspopup=\"true\">\n\t\n\t\n\t\t\n\t\t\t\t\t<img loading=\"lazy\" decoding=\"async\" width=\"320\" height=\"202\" src=\"https:\/\/www.jymfg.com\/pt\/wp-content\/uploads\/2022\/11\/PVC-steel-wire-reinforced-hose-3-320x202.jpg\" class=\"attachment-blog-medium size-blog-medium wp-post-image\" alt=\"\" \/>\n\t\n\n\t\t<div class=\"fusion-rollover\">\n\t<div class=\"fusion-rollover-content\">\n\n\t\t\t\t\t\t\t\t\t\t\t\t\t\t<a class=\"fusion-rollover-link\" href=\"https:\/\/www.jymfg.com\/pt\/mangueira-de-alambre-de-aco-pvc-jym\/\">Mangueira de Alambre de A\u00e7o PVC JYM\u00ae<\/a>\n\t\t\t\n\t\t\t\t\t\t\t\t\n\t\t\t\t\n\t\t\t\t\t\t\t\t\n\t\t\t\t\t\t\t\t\n\t\t\n\t\t\t\t<a class=\"fusion-link-wrapper\" href=\"https:\/\/www.jymfg.com\/pt\/mangueira-de-alambre-de-aco-pvc-jym\/\" aria-label=\"Mangueira de Alambre de A\u00e7o PVC JYM\u00ae\"><\/a>\n\t<\/div>\n<\/div>\n\n\t\n<\/div>\n<\/li>\n\t\t\t\n\t\t\t\n\t\t\t\t\t\t\t\t\t\t\t\t\t\t\t\t\t\t\t\t\t\t\t\t\t\t\t\t\t\t\t\t\t\t\t\t\t\t\t\t\t\t\t\t\t\t\t\t\t\t\t\t\t\t\t\t\t\t\t\t\t\t\t\t\t\t\t\t<\/ul>\n\t<\/div>\n\t<div class=\"fusion-post-content post-content\"><h2 class=\"blog-shortcode-post-title entry-title\"><a href=\"https:\/\/www.jymfg.com\/pt\/mangueira-de-alambre-de-aco-pvc-jym\/\">Mangueira de Alambre de A\u00e7o PVC JYM\u00ae<\/a><\/h2><div class=\"fusion-post-content-container\"><p>As mangueiras de PVC s\u00e3o leves, flex\u00edveis e refor\u00e7adas com fio de poli\u00e9ster, h\u00e9lice de arame ou uma combina\u00e7\u00e3o de ambos, dependendo da aplica\u00e7\u00e3o. Nossa linha de mangueiras de PVC \u00e9 fabricada com materiais de baixa toxicidade para elimina\u00e7\u00e3o completa [...]<\/p><\/div><\/div><div class=\"fusion-clearfix\"><\/div><\/article>\n<article id=\"blog-1-post-624\" class=\"fusion-post-medium post-624 post type-post status-publish format-standard has-post-thumbnail hentry category-noticia\">\n\t<style type=\"text\/css\">\n\t\t\n\t\t\n\t\t\n\t\t\n\t\t\t<\/style>\n\n\n\t\t\t<div class=\"fusion-flexslider flexslider fusion-flexslider-loading fusion-post-slideshow\" style=\"\">\n\t\t<ul class=\"slides\">\n\t\t\t\n\t\t\t\t\t\t\t\t\t\t\t\t\t\t<li>\n\n<div  class=\"fusion-image-wrapper fusion-image-size-fixed\" aria-haspopup=\"true\">\n\t\n\t\n\t\t\n\t\t\t\t\t<img loading=\"lazy\" decoding=\"async\" width=\"320\" height=\"202\" src=\"https:\/\/www.jymfg.com\/pt\/wp-content\/uploads\/2022\/10\/SAE100-R1AT-1-320x202.jpg\" class=\"attachment-blog-medium size-blog-medium wp-post-image\" alt=\"\" \/>\n\t\n\n\t\t<div class=\"fusion-rollover\">\n\t<div class=\"fusion-rollover-content\">\n\n\t\t\t\t\t\t\t\t\t\t\t\t\t\t<a class=\"fusion-rollover-link\" href=\"https:\/\/www.jymfg.com\/pt\/mangueira-hidraulica-r1at-r2at-e-r12-jym\/\">Mangueira Hidr\u00e1ulica R1AT R2AT E R12 JYM\u00ae<\/a>\n\t\t\t\n\t\t\t\t\t\t\t\t\n\t\t\t\t\n\t\t\t\t\t\t\t\t\n\t\t\t\t\t\t\t\t\n\t\t\n\t\t\t\t<a class=\"fusion-link-wrapper\" href=\"https:\/\/www.jymfg.com\/pt\/mangueira-hidraulica-r1at-r2at-e-r12-jym\/\" aria-label=\"Mangueira Hidr\u00e1ulica R1AT R2AT E R12 JYM\u00ae\"><\/a>\n\t<\/div>\n<\/div>\n\n\t\n<\/div>\n<\/li>\n\t\t\t\n\t\t\t\n\t\t\t\t\t\t\t\t\t\t\t\n\t\t\t\t\t\n\t\t\t\t\t\t\t\t\t\t\t<li>\n\t\t\t\t\t\t\t<div class=\"fusion-image-wrapper\">\n\t\t\t\t\t\t\t\t<a href=\"https:\/\/www.jymfg.com\/pt\/mangueira-hidraulica-r1at-r2at-e-r12-jym\/\" aria-label=\"Mangueira Hidr\u00e1ulica R1AT R2AT E R12 JYM\u00ae\">\n\t\t\t\t\t\t\t\t\t<img loading=\"lazy\" decoding=\"async\" width=\"320\" height=\"202\" src=\"https:\/\/www.jymfg.com\/pt\/wp-content\/uploads\/2022\/10\/EN856-4-320x202.jpg\" alt=\"\" class=\"wp-image-627\" role=\"presentation\" srcset=\"https:\/\/www.jymfg.com\/pt\/wp-content\/uploads\/2022\/10\/EN856-4-320x202.jpg 320w, https:\/\/www.jymfg.com\/pt\/wp-content\/uploads\/2022\/10\/EN856-4-700x441.jpg 700w\" sizes=\"(max-width: 320px) 100vw, 320px\" \/>\t\t\t\t\t\t\t\t<\/a>\n\t\t\t\t\t\t\t\t<a style=\"display:none;\" href=\"https:\/\/www.jymfg.com\/pt\/wp-content\/uploads\/2022\/10\/EN856-4.jpg\" data-rel=\"iLightbox[gallery624]\"  title=\"\" data-title=\"EN856 (4)\" data-caption=\"\">\n\t\t\t\t\t\t\t\t\t\t\t\t\t\t\t\t\t<\/a>\n\t\t\t\t\t\t\t<\/div>\n\t\t\t\t\t\t<\/li>\n\t\t\t\t\t\t\t\t\t\t\t\t\t\t\t\t\t\t\t\t\t\t\t\t\t\t\t\t\t\t\t\t\t\t\t\t\t\t\t\t\t\t\t\t\t\t\t\t\t\t\t\t\t\t\t\t\t\t\t\t\t\t\t\t\t\t<\/ul>\n\t<\/div>\n\t<div class=\"fusion-post-content post-content\"><h2 class=\"blog-shortcode-post-title entry-title\"><a href=\"https:\/\/www.jymfg.com\/pt\/mangueira-hidraulica-r1at-r2at-e-r12-jym\/\">Mangueira Hidr\u00e1ulica R1AT R2AT E R12 JYM\u00ae<\/a><\/h2><div class=\"fusion-post-content-container\"><p>\u00a0 Mangueira hidr\u00e1ulica DIN EN853 1SN\/SAE100 R1AT Tubo hidr\u00e1ulico refor\u00e7ado com 1 tran\u00e7a de arame. Adequado para linhas de m\u00e9dia press\u00e3o e retorno. Adequado para \u00f3leos minerais, \u00f3leos vegetais e de colza, \u00f3leos \u00e0 base de glicol e poliglicol, \u00f3leos [...]<\/p><\/div><\/div><div class=\"fusion-clearfix\"><\/div><\/article>\n<article id=\"blog-1-post-614\" class=\"fusion-post-medium post-614 post type-post status-publish format-standard has-post-thumbnail hentry category-noticia\">\n\t<style type=\"text\/css\">\n\t\t\n\t\t\n\t\t\n\t\t\n\t\t\t<\/style>\n\n\n\t\t\t<div class=\"fusion-flexslider flexslider fusion-flexslider-loading fusion-post-slideshow\" style=\"\">\n\t\t<ul class=\"slides\">\n\t\t\t\n\t\t\t\t\t\t\t\t\t\t\t\t\t\t<li>\n\n<div  class=\"fusion-image-wrapper fusion-image-size-fixed\" aria-haspopup=\"true\">\n\t\n\t\n\t\t\n\t\t\t\t\t<img loading=\"lazy\" decoding=\"async\" width=\"320\" height=\"202\" src=\"https:\/\/www.jymfg.com\/pt\/wp-content\/uploads\/2022\/09\/175AK\u3000Air\u3000Hose\u3000-e1664164546208-320x202.png\" class=\"attachment-blog-medium size-blog-medium wp-post-image\" alt=\"Mangueira RUBBER Martelete amarela \u00e1gua ar\" \/>\n\t\n\n\t\t<div class=\"fusion-rollover\">\n\t<div class=\"fusion-rollover-content\">\n\n\t\t\t\t\t\t\t\t\t\t\t\t\t\t<a class=\"fusion-rollover-link\" href=\"https:\/\/www.jymfg.com\/pt\/mangueiras-industriais-jym\/\">Mangueiras Industriais &#8211; JYM<\/a>\n\t\t\t\n\t\t\t\t\t\t\t\t\n\t\t\t\t\n\t\t\t\t\t\t\t\t\n\t\t\t\t\t\t\t\t\n\t\t\n\t\t\t\t<a class=\"fusion-link-wrapper\" href=\"https:\/\/www.jymfg.com\/pt\/mangueiras-industriais-jym\/\" aria-label=\"Mangueiras Industriais &#8211; JYM\"><\/a>\n\t<\/div>\n<\/div>\n\n\t\n<\/div>\n<\/li>\n\t\t\t\n\t\t\t\n\t\t\t\t\t\t\t\t\t\t\t\t\t\t\t\t\t\t\t\t\t\t\t\t\t\t\t\t\t\t\t\t\t\t\t\t\t\t\t\t\t\t\t\t\t\t\t\t\t\t\t\t\t\t\t\t\t\t\t\t\t\t\t\t\t\t\t\t<\/ul>\n\t<\/div>\n\t<div class=\"fusion-post-content post-content\"><h2 class=\"blog-shortcode-post-title entry-title\"><a href=\"https:\/\/www.jymfg.com\/pt\/mangueiras-industriais-jym\/\">Mangueiras Industriais &#8211; JYM<\/a><\/h2><div class=\"fusion-post-content-container\"><p> Mangueiras Industriais  Mangueiras Industriais - JYM Para atenderem a diferentes setores da ind\u00fastria, as mangueiras industriais podem ser encontradas em modelos distintos, podendo variar em rela\u00e7\u00e3o ao material, di\u00e2metro, formato e resist\u00eancia. O que levar em conta a [...]<\/p><\/div><\/div><div class=\"fusion-clearfix\"><\/div><\/article>\n<article id=\"blog-1-post-108\" class=\"fusion-post-medium post-108 post type-post status-publish format-standard has-post-thumbnail hentry category-noticia\">\n\t<style type=\"text\/css\">\n\t\t\n\t\t\n\t\t\n\t\t\n\t\t\t<\/style>\n\n\n\t\t\t<div class=\"fusion-flexslider flexslider fusion-flexslider-loading fusion-post-slideshow\" style=\"\">\n\t\t<ul class=\"slides\">\n\t\t\t\n\t\t\t\t\t\t\t\t\t\t\t\t\t\t<li>\n\n<div  class=\"fusion-image-wrapper fusion-image-size-fixed\" aria-haspopup=\"true\">\n\t\n\t\n\t\t\n\t\t\t\t\t<img loading=\"lazy\" decoding=\"async\" width=\"320\" height=\"202\" src=\"https:\/\/www.jymfg.com\/pt\/wp-content\/uploads\/2020\/08\/fuel-lines-1-320x202.jpg\" class=\"attachment-blog-medium size-blog-medium wp-post-image\" alt=\"Mangueira \u00d3leo Combust\u00edvel\" srcset=\"https:\/\/www.jymfg.com\/pt\/wp-content\/uploads\/2020\/08\/fuel-lines-1-200x127.jpg 200w, https:\/\/www.jymfg.com\/pt\/wp-content\/uploads\/2020\/08\/fuel-lines-1-320x202.jpg 320w, https:\/\/www.jymfg.com\/pt\/wp-content\/uploads\/2020\/08\/fuel-lines-1-700x441.jpg 700w\" sizes=\"(max-width: 320px) 100vw, 320px\" \/>\n\t\n\n\t\t<div class=\"fusion-rollover\">\n\t<div class=\"fusion-rollover-content\">\n\n\t\t\t\t\t\t\t\t\t\t\t\t\t\t<a class=\"fusion-rollover-link\" href=\"https:\/\/www.jymfg.com\/pt\/linha-combustivel-quais-tamanhos-voce-precisa\/\">Linha combust\u00edvel: Quais tamanhos voc\u00ea precisa<\/a>\n\t\t\t\n\t\t\t\t\t\t\t\t\n\t\t\t\t\n\t\t\t\t\t\t\t\t\n\t\t\t\t\t\t\t\t\n\t\t\n\t\t\t\t<a class=\"fusion-link-wrapper\" href=\"https:\/\/www.jymfg.com\/pt\/linha-combustivel-quais-tamanhos-voce-precisa\/\" aria-label=\"Linha combust\u00edvel: Quais tamanhos voc\u00ea precisa\"><\/a>\n\t<\/div>\n<\/div>\n\n\t\n<\/div>\n<\/li>\n\t\t\t\n\t\t\t\n\t\t\t\t\t\t\t\t\t\t\t\t\t\t\t\t\t\t\t\t\t\t\t\t\t\t\t\t\t\t\t\t\t\t\t\t\t\t\t\t\t\t\t\t\t\t\t\t\t\t\t\t\t\t\t\t\t\t\t\t\t\t\t\t\t\t\t\t<\/ul>\n\t<\/div>\n\t<div class=\"fusion-post-content post-content\"><h2 class=\"blog-shortcode-post-title entry-title\"><a href=\"https:\/\/www.jymfg.com\/pt\/linha-combustivel-quais-tamanhos-voce-precisa\/\">Linha combust\u00edvel: Quais tamanhos voc\u00ea precisa<\/a><\/h2><div class=\"fusion-post-content-container\"><p> Uma mangueira de combust\u00edvel \uff08https:\/\/en.wikipedia.org\/wiki\/Fuel_line\uff09 \u00e9 uma mangueira usada para levar combust\u00edvel de um ponto a outro no ve\u00edculo ou de um tanque de armazenamento a um ve\u00edculo. Inclui mangueira de inje\u00e7\u00e3o de combust\u00edvel, mangueira de combust\u00edvel mar\u00edtimo, mangueira [...]<\/p><\/div><\/div><div class=\"fusion-clearfix\"><\/div><\/article>\n<\/div><\/div><div class=\"fusion-clearfix\"><\/div>\n\n\t\t\t\t\t<\/div>\n\t\t\t\t<\/div><\/div><\/div>\n","protected":false},"excerpt":{"rendered":"","protected":false},"author":1,"featured_media":0,"parent":0,"menu_order":0,"comment_status":"closed","ping_status":"closed","template":"100-width.php","meta":{"footnotes":""},"class_list":["post-47","page","type-page","status-publish","hentry"],"yoast_head":"<!-- This site is optimized with the Yoast SEO plugin v23.8 - https:\/\/yoast.com\/wordpress\/plugins\/seo\/ -->\n<title>NOT\u00cdCIA - JYM<\/title>\n<meta name=\"robots\" content=\"index, follow, max-snippet:-1, max-image-preview:large, max-video-preview:-1\" \/>\n<link rel=\"canonical\" href=\"https:\/\/www.jymfg.com\/pt\/noticia\/\" \/>\n<meta property=\"og:locale\" content=\"en_US\" \/>\n<meta property=\"og:type\" content=\"article\" \/>\n<meta property=\"og:title\" content=\"NOT\u00cdCIA - JYM\" \/>\n<meta property=\"og:url\" content=\"https:\/\/www.jymfg.com\/pt\/noticia\/\" \/>\n<meta property=\"og:site_name\" content=\"JYM\" \/>\n<meta property=\"article:modified_time\" content=\"2020-08-31T07:28:57+00:00\" \/>\n<meta name=\"twitter:card\" content=\"summary_large_image\" \/>\n<meta name=\"twitter:label1\" content=\"Est. reading time\" \/>\n\t<meta name=\"twitter:data1\" content=\"2 minutes\" \/>\n<script type=\"application\/ld+json\" class=\"yoast-schema-graph\">{\"@context\":\"https:\/\/schema.org\",\"@graph\":[{\"@type\":\"WebPage\",\"@id\":\"https:\/\/www.jymfg.com\/pt\/noticia\/\",\"url\":\"https:\/\/www.jymfg.com\/pt\/noticia\/\",\"name\":\"NOT\u00cdCIA - JYM\",\"isPartOf\":{\"@id\":\"https:\/\/www.jymfg.com\/pt\/#website\"},\"datePublished\":\"2020-08-21T08:17:55+00:00\",\"dateModified\":\"2020-08-31T07:28:57+00:00\",\"breadcrumb\":{\"@id\":\"https:\/\/www.jymfg.com\/pt\/noticia\/#breadcrumb\"},\"inLanguage\":\"en-US\",\"potentialAction\":[{\"@type\":\"ReadAction\",\"target\":[\"https:\/\/www.jymfg.com\/pt\/noticia\/\"]}]},{\"@type\":\"BreadcrumbList\",\"@id\":\"https:\/\/www.jymfg.com\/pt\/noticia\/#breadcrumb\",\"itemListElement\":[{\"@type\":\"ListItem\",\"position\":1,\"name\":\"Home\",\"item\":\"https:\/\/www.jymfg.com\/pt\/\"},{\"@type\":\"ListItem\",\"position\":2,\"name\":\"NOT\u00cdCIA\"}]},{\"@type\":\"WebSite\",\"@id\":\"https:\/\/www.jymfg.com\/pt\/#website\",\"url\":\"https:\/\/www.jymfg.com\/pt\/\",\"name\":\"JYM\",\"description\":\"\",\"potentialAction\":[{\"@type\":\"SearchAction\",\"target\":{\"@type\":\"EntryPoint\",\"urlTemplate\":\"https:\/\/www.jymfg.com\/pt\/?s={search_term_string}\"},\"query-input\":{\"@type\":\"PropertyValueSpecification\",\"valueRequired\":true,\"valueName\":\"search_term_string\"}}],\"inLanguage\":\"en-US\"}]}<\/script>\n<!-- \/ Yoast SEO plugin. -->","yoast_head_json":{"title":"NOT\u00cdCIA - JYM","robots":{"index":"index","follow":"follow","max-snippet":"max-snippet:-1","max-image-preview":"max-image-preview:large","max-video-preview":"max-video-preview:-1"},"canonical":"https:\/\/www.jymfg.com\/pt\/noticia\/","og_locale":"en_US","og_type":"article","og_title":"NOT\u00cdCIA - JYM","og_url":"https:\/\/www.jymfg.com\/pt\/noticia\/","og_site_name":"JYM","article_modified_time":"2020-08-31T07:28:57+00:00","twitter_card":"summary_large_image","twitter_misc":{"Est. reading time":"2 minutes"},"schema":{"@context":"https:\/\/schema.org","@graph":[{"@type":"WebPage","@id":"https:\/\/www.jymfg.com\/pt\/noticia\/","url":"https:\/\/www.jymfg.com\/pt\/noticia\/","name":"NOT\u00cdCIA - JYM","isPartOf":{"@id":"https:\/\/www.jymfg.com\/pt\/#website"},"datePublished":"2020-08-21T08:17:55+00:00","dateModified":"2020-08-31T07:28:57+00:00","breadcrumb":{"@id":"https:\/\/www.jymfg.com\/pt\/noticia\/#breadcrumb"},"inLanguage":"en-US","potentialAction":[{"@type":"ReadAction","target":["https:\/\/www.jymfg.com\/pt\/noticia\/"]}]},{"@type":"BreadcrumbList","@id":"https:\/\/www.jymfg.com\/pt\/noticia\/#breadcrumb","itemListElement":[{"@type":"ListItem","position":1,"name":"Home","item":"https:\/\/www.jymfg.com\/pt\/"},{"@type":"ListItem","position":2,"name":"NOT\u00cdCIA"}]},{"@type":"WebSite","@id":"https:\/\/www.jymfg.com\/pt\/#website","url":"https:\/\/www.jymfg.com\/pt\/","name":"JYM","description":"","potentialAction":[{"@type":"SearchAction","target":{"@type":"EntryPoint","urlTemplate":"https:\/\/www.jymfg.com\/pt\/?s={search_term_string}"},"query-input":{"@type":"PropertyValueSpecification","valueRequired":true,"valueName":"search_term_string"}}],"inLanguage":"en-US"}]}},"_links":{"self":[{"href":"https:\/\/www.jymfg.com\/pt\/wp-json\/wp\/v2\/pages\/47"}],"collection":[{"href":"https:\/\/www.jymfg.com\/pt\/wp-json\/wp\/v2\/pages"}],"about":[{"href":"https:\/\/www.jymfg.com\/pt\/wp-json\/wp\/v2\/types\/page"}],"author":[{"embeddable":true,"href":"https:\/\/www.jymfg.com\/pt\/wp-json\/wp\/v2\/users\/1"}],"replies":[{"embeddable":true,"href":"https:\/\/www.jymfg.com\/pt\/wp-json\/wp\/v2\/comments?post=47"}],"version-history":[{"count":0,"href":"https:\/\/www.jymfg.com\/pt\/wp-json\/wp\/v2\/pages\/47\/revisions"}],"wp:attachment":[{"href":"https:\/\/www.jymfg.com\/pt\/wp-json\/wp\/v2\/media?parent=47"}],"curies":[{"name":"wp","href":"https:\/\/api.w.org\/{rel}","templated":true}]}}