{"id":81,"date":"2020-08-26T03:08:39","date_gmt":"2020-08-26T03:08:39","guid":{"rendered":"https:\/\/www.jymfg.com\/pt\/?page_id=81"},"modified":"2020-08-27T03:06:09","modified_gmt":"2020-08-27T03:06:09","slug":"oleo-e-gas","status":"publish","type":"page","link":"https:\/\/www.jymfg.com\/pt\/aplicativos\/oleo-e-gas\/","title":{"rendered":"\u00d3leo e G\u00e1s"},"content":{"rendered":"<div class=\"fusion-fullwidth fullwidth-box fusion-builder-row-1 nonhundred-percent-fullwidth non-hundred-percent-height-scrolling\"  style='background-color: rgba(255,255,255,0);background-position: center center;background-repeat: no-repeat;padding-top:0px;padding-right:0px;padding-bottom:0px;padding-left:0px;'><div class=\"fusion-builder-row fusion-row \"><div  class=\"fusion-layout-column fusion_builder_column fusion_builder_column_1_2 fusion-builder-column-1 fusion-one-half fusion-column-first 1_2\"  style='margin-top:0px;margin-bottom:20px;width:50%;width:calc(50% - ( ( 4% ) * 0.5 ) );margin-right: 4%;'>\n\t\t\t\t\t<div class=\"fusion-column-wrapper\" style=\"padding: 0px 0px 0px 0px;background-position:left top;background-repeat:no-repeat;-webkit-background-size:cover;-moz-background-size:cover;-o-background-size:cover;background-size:cover;\"   data-bg-url=\"\">\n\t\t\t\t\t\t<div class=\"imageframe-align-center\"><span style=\"border:6px solid #f6f6f6;\" class=\"fusion-imageframe imageframe-none imageframe-1 hover-type-zoomin fusion-animated\" data-animationType=\"slideInLeft\" data-animationDuration=\"0.5\" data-animationOffset=\"100%\"><img loading=\"lazy\" decoding=\"async\" src=\"https:\/\/www.jymfg.com\/pt\/wp-content\/uploads\/2020\/08\/oil-andgas.jpg\" width=\"800\" height=\"600\" alt=\"\" title=\"\u00d3leo e G\u00e1s\" class=\"img-responsive wp-image-62\" srcset=\"https:\/\/www.jymfg.com\/pt\/wp-content\/uploads\/2020\/08\/oil-andgas-200x150.jpg 200w, https:\/\/www.jymfg.com\/pt\/wp-content\/uploads\/2020\/08\/oil-andgas-400x300.jpg 400w, https:\/\/www.jymfg.com\/pt\/wp-content\/uploads\/2020\/08\/oil-andgas-600x450.jpg 600w, https:\/\/www.jymfg.com\/pt\/wp-content\/uploads\/2020\/08\/oil-andgas.jpg 800w\" sizes=\"(max-width: 800px) 100vw, 600px\" \/><\/span><\/div><div class=\"fusion-clearfix\"><\/div>\n\n\t\t\t\t\t<\/div>\n\t\t\t\t<\/div><div  class=\"fusion-layout-column fusion_builder_column fusion_builder_column_1_2 fusion-builder-column-2 fusion-one-half fusion-column-last 1_2\"  style='margin-top:0px;margin-bottom:20px;width:50%;width:calc(50% - ( ( 4% ) * 0.5 ) );'>\n\t\t\t\t\t<div class=\"fusion-column-wrapper\" style=\"padding: 0px 0px 0px 0px;background-position:left top;background-repeat:no-repeat;-webkit-background-size:cover;-moz-background-size:cover;-o-background-size:cover;background-size:cover;\"   data-bg-url=\"\">\n\t\t\t\t\t\t<style type=\"text\/css\"><\/style><div class=\"fusion-title title fusion-title-1 fusion-sep-none fusion-title-text fusion-title-size-one\" style=\"margin-top:0px;margin-bottom:31px;\"><h1 class=\"title-heading-left\" style=\"margin:0;\">\u00d3leo e G\u00e1s<\/h1><\/div><div class=\"fusion-text\"><p>Solu\u00e7\u00f5es flex\u00edveis projetadas para diferentes necessidades do setor de Petr\u00f3leo e G\u00e1s:<\/p>\n<p>&#8211; mangueiras para \u00e1gua quente e pot\u00e1vel;<\/p>\n<p>&#8211; mangueiras de vapor (at\u00e9 210 \u00b0 C e 18 bar de press\u00e3o de trabalho);<\/p>\n<p>&#8211; mangueiras para suc\u00e7\u00e3o e descarga de combust\u00edveis, \u00f3leos e lamas de perfura\u00e7\u00e3o;<\/p>\n<p>&#8211; mangueiras de reabastecimento de aeronaves;<\/p>\n<p>&#8211; mangueiras de \u00f3leo de doca;<\/p>\n<p>&#8211; mangueiras de materiais abrasivos;<\/p>\n<p>&#8211; mangueiras para prote\u00e7\u00e3o contra inc\u00eandio;<\/p>\n<p>&#8211; mangueiras para produtos qu\u00edmicos e solventes<\/p>\n<p>Dispon\u00edvel tamb\u00e9m na vers\u00e3o autoflutuante.<\/p>\n<\/div><style type=\"text\/css\">#accordion-81-1 .fusion-panel:hover, #accordion-81-1 .fusion-panel.hover{ background-color: #f9f9f9 } #accordion-81-1 .fusion-panel { border-color:#cccccc; border-width:1px; background-color:#ffffff; }.fusion-accordian  #accordion-81-1 .panel-title a .fa-fusion-box{ color: #ffffff;}.fusion-accordian  #accordion-81-1 .panel-title a .fa-fusion-box:before{ font-size: 13px; width: 13px;}.fusion-accordian  #accordion-81-1 .panel-title a{font-size:18px;}.fusion-accordian  #accordion-81-1 .fa-fusion-box { background-color: #333333;border-color: #333333;}.fusion-accordian  #accordion-81-1 .panel-title a:hover, #accordion-81-1 .fusion-toggle-boxed-mode:hover .panel-title a { color: #ea273b;}.fusion-accordian  #accordion-81-1 .panel-title .active .fa-fusion-box,.fusion-accordian  #accordion-81-1 .panel-title a:hover .fa-fusion-box { background-color: #ea273b!important;border-color: #ea273b!important;}<\/style><div class=\"accordian fusion-accordian\"><div class=\"panel-group\" id=\"accordion-81-1\" role=\"tablist\"><div class=\"fusion-panel panel-default fusion-toggle-no-divider fusion-toggle-boxed-mode\" role=\"tabpanel\"><div class=\"panel-heading\"><h4 class=\"panel-title toggle\"><a aria-expanded=\"false\" aria-selected=\"false\" aria-controls=\"31fd51bc6a8d33c32\" role=\"tab\" data-toggle=\"collapse\" data-parent=\"#accordion-81-1\" data-target=\"#31fd51bc6a8d33c32\" href=\"#31fd51bc6a8d33c32\"><span class=\"fusion-toggle-icon-wrapper\" aria-hidden=\"true\"><i class=\"fa-fusion-box\"><\/i><\/span><span class=\"fusion-toggle-heading\">Mais aplicativos<\/span><\/a><\/h4><\/div><div id=\"31fd51bc6a8d33c32\" class=\"panel-collapse collapse \"><div class=\"panel-body toggle-content fusion-clearfix\">\n<ul>\n<li>Agricultura<\/li>\n<li>Automotivo<\/li>\n<li>Constru\u00e7\u00e3o<\/li>\n<li>Dragagem<\/li>\n<li>Metalurgia<\/li>\n<li>Minera\u00e7\u00e3o<\/li>\n<li>Estaleiro<\/li>\n<li>Caminh\u00e3o tanque<\/li>\n<li>Soldagem<\/li>\n<\/ul>\n<\/div><\/div><\/div><div class=\"fusion-panel panel-default fusion-toggle-no-divider fusion-toggle-boxed-mode\" role=\"tabpanel\"><div class=\"panel-heading\"><h4 class=\"panel-title toggle\"><a aria-expanded=\"false\" aria-selected=\"false\" aria-controls=\"d2c8e6806d366ba3d\" role=\"tab\" data-toggle=\"collapse\" data-parent=\"#accordion-81-1\" data-target=\"#d2c8e6806d366ba3d\" href=\"#d2c8e6806d366ba3d\"><span class=\"fusion-toggle-icon-wrapper\" aria-hidden=\"true\"><i class=\"fa-fusion-box\"><\/i><\/span><span class=\"fusion-toggle-heading\">Precisa de uma boa solu\u00e7\u00e3o?<\/span><\/a><\/h4><\/div><div id=\"d2c8e6806d366ba3d\" class=\"panel-collapse collapse \"><div class=\"panel-body toggle-content fusion-clearfix\">\n<div class=\"wpcf7 no-js\" id=\"wpcf7-f11-o1\" lang=\"en-US\" dir=\"ltr\" data-wpcf7-id=\"11\">\n<div class=\"screen-reader-response\"><p role=\"status\" aria-live=\"polite\" aria-atomic=\"true\"><\/p> <ul><\/ul><\/div>\n<form action=\"\/pt\/wp-json\/wp\/v2\/pages\/81#wpcf7-f11-o1\" method=\"post\" class=\"wpcf7-form init\" aria-label=\"Contact form\" novalidate=\"novalidate\" data-status=\"init\">\n<div style=\"display: none;\">\n<input type=\"hidden\" name=\"_wpcf7\" value=\"11\" \/>\n<input type=\"hidden\" name=\"_wpcf7_version\" value=\"6.0\" \/>\n<input type=\"hidden\" name=\"_wpcf7_locale\" value=\"en_US\" \/>\n<input type=\"hidden\" name=\"_wpcf7_unit_tag\" value=\"wpcf7-f11-o1\" \/>\n<input type=\"hidden\" name=\"_wpcf7_container_post\" value=\"0\" \/>\n<input type=\"hidden\" name=\"_wpcf7_posted_data_hash\" value=\"\" \/>\n<\/div>\n<div class=\"outer\">\n\t<div class=\"cf7part onehalf\">\n\t\t<div class=\"inner\">\n\t\t\t<p><span class=\"wpcf7-form-control-wrap\" data-name=\"your-name\"><input size=\"40\" maxlength=\"400\" class=\"wpcf7-form-control wpcf7-text wpcf7-validates-as-required\" aria-required=\"true\" aria-invalid=\"false\" placeholder=\"Seu nome*\" value=\"\" type=\"text\" name=\"your-name\" \/><\/span>\n\t\t\t<\/p>\n\t\t<\/div>\n\t<\/div>\n<\/div>\n<div class=\"outer\">\n\t<div class=\"cf7part onehalf\">\n\t\t<div class=\"inner\">\n\t\t\t<p><span class=\"wpcf7-form-control-wrap\" data-name=\"your-email\"><input size=\"40\" maxlength=\"400\" class=\"wpcf7-form-control wpcf7-email wpcf7-validates-as-required wpcf7-text wpcf7-validates-as-email\" aria-required=\"true\" aria-invalid=\"false\" placeholder=\"Endere\u00e7o de Email*\" value=\"\" type=\"email\" name=\"your-email\" \/><\/span>\n\t\t\t<\/p>\n\t\t<\/div>\n\t<\/div>\n<\/div>\n<p><span class=\"wpcf7-form-control-wrap\" data-name=\"your-message\"><textarea cols=\"40\" rows=\"10\" maxlength=\"2000\" class=\"wpcf7-form-control wpcf7-textarea wpcf7-validates-as-required\" aria-required=\"true\" aria-invalid=\"false\" placeholder=\"Insira os detalhes de sua consulta, como tamanho, quantidade, material etc.\" name=\"your-message\"><\/textarea><\/span>\n<\/p>\n<p class=\"submit\"><input class=\"wpcf7-form-control wpcf7-submit has-spinner\" type=\"submit\" value=\"ENVIAR\" \/>\n<\/p><div class=\"fusion-alert alert custom alert-custom fusion-alert-center wpcf7-response-output fusion-alert-capitalize alert-dismissable\" style=\"border-width:1px;\"><button type=\"button\" class=\"close toggle-alert\" data-dismiss=\"alert\" aria-hidden=\"true\">&times;<\/button><div class=\"fusion-alert-content-wrapper\"><span class=\"fusion-alert-content\"><\/span><\/div><\/div>\n<\/form>\n<\/div>\n<\/div><\/div><\/div><\/div><\/div><div class=\"fusion-clearfix\"><\/div>\n\n\t\t\t\t\t<\/div>\n\t\t\t\t<\/div><\/div><\/div>\n","protected":false},"excerpt":{"rendered":"","protected":false},"author":1,"featured_media":0,"parent":43,"menu_order":0,"comment_status":"closed","ping_status":"closed","template":"100-width.php","meta":{"footnotes":""},"class_list":["post-81","page","type-page","status-publish","hentry"],"yoast_head":"<!-- This site is optimized with the Yoast SEO plugin v23.8 - https:\/\/yoast.com\/wordpress\/plugins\/seo\/ -->\n<title>\u00d3leo e G\u00e1s - JYM<\/title>\n<meta name=\"robots\" content=\"index, follow, max-snippet:-1, max-image-preview:large, max-video-preview:-1\" \/>\n<link rel=\"canonical\" href=\"https:\/\/www.jymfg.com\/pt\/aplicativos\/oleo-e-gas\/\" \/>\n<meta property=\"og:locale\" content=\"en_US\" \/>\n<meta property=\"og:type\" content=\"article\" \/>\n<meta property=\"og:title\" content=\"\u00d3leo e G\u00e1s - JYM\" \/>\n<meta property=\"og:url\" content=\"https:\/\/www.jymfg.com\/pt\/aplicativos\/oleo-e-gas\/\" \/>\n<meta property=\"og:site_name\" content=\"JYM\" \/>\n<meta property=\"article:modified_time\" content=\"2020-08-27T03:06:09+00:00\" \/>\n<meta name=\"twitter:card\" content=\"summary_large_image\" \/>\n<meta name=\"twitter:label1\" content=\"Est. reading time\" \/>\n\t<meta name=\"twitter:data1\" content=\"3 minutes\" \/>\n<script type=\"application\/ld+json\" class=\"yoast-schema-graph\">{\"@context\":\"https:\/\/schema.org\",\"@graph\":[{\"@type\":\"WebPage\",\"@id\":\"https:\/\/www.jymfg.com\/pt\/aplicativos\/oleo-e-gas\/\",\"url\":\"https:\/\/www.jymfg.com\/pt\/aplicativos\/oleo-e-gas\/\",\"name\":\"\u00d3leo e G\u00e1s - JYM\",\"isPartOf\":{\"@id\":\"https:\/\/www.jymfg.com\/pt\/#website\"},\"datePublished\":\"2020-08-26T03:08:39+00:00\",\"dateModified\":\"2020-08-27T03:06:09+00:00\",\"breadcrumb\":{\"@id\":\"https:\/\/www.jymfg.com\/pt\/aplicativos\/oleo-e-gas\/#breadcrumb\"},\"inLanguage\":\"en-US\",\"potentialAction\":[{\"@type\":\"ReadAction\",\"target\":[\"https:\/\/www.jymfg.com\/pt\/aplicativos\/oleo-e-gas\/\"]}]},{\"@type\":\"BreadcrumbList\",\"@id\":\"https:\/\/www.jymfg.com\/pt\/aplicativos\/oleo-e-gas\/#breadcrumb\",\"itemListElement\":[{\"@type\":\"ListItem\",\"position\":1,\"name\":\"Home\",\"item\":\"https:\/\/www.jymfg.com\/pt\/\"},{\"@type\":\"ListItem\",\"position\":2,\"name\":\"Aplicativos\",\"item\":\"https:\/\/www.jymfg.com\/pt\/aplicativos\/\"},{\"@type\":\"ListItem\",\"position\":3,\"name\":\"\u00d3leo e G\u00e1s\"}]},{\"@type\":\"WebSite\",\"@id\":\"https:\/\/www.jymfg.com\/pt\/#website\",\"url\":\"https:\/\/www.jymfg.com\/pt\/\",\"name\":\"JYM\",\"description\":\"\",\"potentialAction\":[{\"@type\":\"SearchAction\",\"target\":{\"@type\":\"EntryPoint\",\"urlTemplate\":\"https:\/\/www.jymfg.com\/pt\/?s={search_term_string}\"},\"query-input\":{\"@type\":\"PropertyValueSpecification\",\"valueRequired\":true,\"valueName\":\"search_term_string\"}}],\"inLanguage\":\"en-US\"}]}<\/script>\n<!-- \/ Yoast SEO plugin. -->","yoast_head_json":{"title":"\u00d3leo e G\u00e1s - JYM","robots":{"index":"index","follow":"follow","max-snippet":"max-snippet:-1","max-image-preview":"max-image-preview:large","max-video-preview":"max-video-preview:-1"},"canonical":"https:\/\/www.jymfg.com\/pt\/aplicativos\/oleo-e-gas\/","og_locale":"en_US","og_type":"article","og_title":"\u00d3leo e G\u00e1s - JYM","og_url":"https:\/\/www.jymfg.com\/pt\/aplicativos\/oleo-e-gas\/","og_site_name":"JYM","article_modified_time":"2020-08-27T03:06:09+00:00","twitter_card":"summary_large_image","twitter_misc":{"Est. reading time":"3 minutes"},"schema":{"@context":"https:\/\/schema.org","@graph":[{"@type":"WebPage","@id":"https:\/\/www.jymfg.com\/pt\/aplicativos\/oleo-e-gas\/","url":"https:\/\/www.jymfg.com\/pt\/aplicativos\/oleo-e-gas\/","name":"\u00d3leo e G\u00e1s - JYM","isPartOf":{"@id":"https:\/\/www.jymfg.com\/pt\/#website"},"datePublished":"2020-08-26T03:08:39+00:00","dateModified":"2020-08-27T03:06:09+00:00","breadcrumb":{"@id":"https:\/\/www.jymfg.com\/pt\/aplicativos\/oleo-e-gas\/#breadcrumb"},"inLanguage":"en-US","potentialAction":[{"@type":"ReadAction","target":["https:\/\/www.jymfg.com\/pt\/aplicativos\/oleo-e-gas\/"]}]},{"@type":"BreadcrumbList","@id":"https:\/\/www.jymfg.com\/pt\/aplicativos\/oleo-e-gas\/#breadcrumb","itemListElement":[{"@type":"ListItem","position":1,"name":"Home","item":"https:\/\/www.jymfg.com\/pt\/"},{"@type":"ListItem","position":2,"name":"Aplicativos","item":"https:\/\/www.jymfg.com\/pt\/aplicativos\/"},{"@type":"ListItem","position":3,"name":"\u00d3leo e G\u00e1s"}]},{"@type":"WebSite","@id":"https:\/\/www.jymfg.com\/pt\/#website","url":"https:\/\/www.jymfg.com\/pt\/","name":"JYM","description":"","potentialAction":[{"@type":"SearchAction","target":{"@type":"EntryPoint","urlTemplate":"https:\/\/www.jymfg.com\/pt\/?s={search_term_string}"},"query-input":{"@type":"PropertyValueSpecification","valueRequired":true,"valueName":"search_term_string"}}],"inLanguage":"en-US"}]}},"_links":{"self":[{"href":"https:\/\/www.jymfg.com\/pt\/wp-json\/wp\/v2\/pages\/81"}],"collection":[{"href":"https:\/\/www.jymfg.com\/pt\/wp-json\/wp\/v2\/pages"}],"about":[{"href":"https:\/\/www.jymfg.com\/pt\/wp-json\/wp\/v2\/types\/page"}],"author":[{"embeddable":true,"href":"https:\/\/www.jymfg.com\/pt\/wp-json\/wp\/v2\/users\/1"}],"replies":[{"embeddable":true,"href":"https:\/\/www.jymfg.com\/pt\/wp-json\/wp\/v2\/comments?post=81"}],"version-history":[{"count":0,"href":"https:\/\/www.jymfg.com\/pt\/wp-json\/wp\/v2\/pages\/81\/revisions"}],"up":[{"embeddable":true,"href":"https:\/\/www.jymfg.com\/pt\/wp-json\/wp\/v2\/pages\/43"}],"wp:attachment":[{"href":"https:\/\/www.jymfg.com\/pt\/wp-json\/wp\/v2\/media?parent=81"}],"curies":[{"name":"wp","href":"https:\/\/api.w.org\/{rel}","templated":true}]}}